{"id":57,"date":"2024-05-06T02:25:56","date_gmt":"2024-05-06T00:25:56","guid":{"rendered":"https:\/\/www.lamaisondesesprits.com\/?page_id=57"},"modified":"2025-08-19T22:24:36","modified_gmt":"2025-08-19T20:24:36","slug":"equipe","status":"publish","type":"page","link":"https:\/\/www.lamaisondesesprits.com\/index.php\/equipe\/","title":{"rendered":"Charly (Fondatrice)"},"content":{"rendered":"\n<h2 class=\"wp-block-heading has-text-align-center\">FONDATRICE DE LA MAISON DES ESPRITS<\/h2>\n\n\n\n<h3 class=\"wp-block-heading alignwide has-text-align-center\">MEDIUM &#8211; EXORCISTE<\/h3>\n\n\n\n<h3 class=\"wp-block-heading alignwide has-text-align-center\">TH\u00c9RAPEUTE \u00c9NERG\u00c9TIQUE &#8211; PASSEUSE D\u2019\u00c2MES &#8211; GUERRISSEUSE- ECRIVAINE &#8211; CONFERENCIERE <\/h3>\n\n\n\n<p class=\"has-text-align-center\"><\/p>\n\n\n<div class=\"wp-block-image\">\n<figure class=\"aligncenter size-full is-resized\"><img fetchpriority=\"high\" decoding=\"async\" width=\"911\" height=\"716\" src=\"https:\/\/www.lamaisondesesprits.com\/wp-content\/uploads\/2025\/08\/WhatsApp-Image-2025-08-19-a-22.06.34_7a5ae8f1.jpg\" alt=\"\" class=\"wp-image-1612\" style=\"width:384px;height:auto\" srcset=\"https:\/\/www.lamaisondesesprits.com\/wp-content\/uploads\/2025\/08\/WhatsApp-Image-2025-08-19-a-22.06.34_7a5ae8f1.jpg 911w, https:\/\/www.lamaisondesesprits.com\/wp-content\/uploads\/2025\/08\/WhatsApp-Image-2025-08-19-a-22.06.34_7a5ae8f1-300x236.jpg 300w, https:\/\/www.lamaisondesesprits.com\/wp-content\/uploads\/2025\/08\/WhatsApp-Image-2025-08-19-a-22.06.34_7a5ae8f1-768x604.jpg 768w\" sizes=\"(max-width: 706px) 89vw, (max-width: 767px) 82vw, 740px\" \/><\/figure>\n<\/div>\n\n\n<p class=\"has-text-align-center\">Charly est <a href=\"https:\/\/www.lamaisondesesprits.com\/\" target=\"_blank\" rel=\"noreferrer noopener\">M\u00e9dium sp\u00e9cialis\u00e9e<\/a> dans le contact avec les entit\u00e9s et le monde invisible. Elle est en contact permanant avec le Roi des R\u00eaves ainsi qu&#8217;avec les entit\u00e9s qui interviennent autour de nous durant notre sommeil. C&#8217;est pour cela qu&#8217;elle a choisit de faire de la guidance des r\u00eaves sa sp\u00e9cialit\u00e9. En \u00e9coutant vos r\u00eaves elle peut d\u00e9terminer si vous avez \u00e9t\u00e9 victime d&#8217;une attaque, d&#8217;un contact guide ou d\u00e9funt, ou d&#8217;une vision.<\/p>\n\n\n\n<p class=\"has-text-align-center\">Charly est Gu\u00e9risseuse et a perfectionn\u00e9e sa maitrise des soins \u00e9nerg\u00e9tiques directement au contact des Rois et des Reines qui composent notre Panth\u00e9on. En contact avec les Anges elle est capable de r\u00e9pondre \u00e0 toutes les probl\u00e9matiques \u00e9nerg\u00e9tiques. <\/p>\n\n\n\n<p class=\"has-text-align-center\">Durant les soins elle peut vous proposer de r\u00e9aligner vos \u00e9nergies, de reconstruire votre aura ou de recr\u00e9er les points \u00e9nerg\u00e9tiques (chakras) les plus abim\u00e9s. Elle peut \u00e9galement couper les liens toxiques qui entravent ses consultants et d\u00e9truire les envoutements en pr\u00e9sentiel ou \u00e0 distance.<\/p>\n\n\n\n<p class=\"has-text-align-center\">Charly porte \u00e9galement le titre d&#8217;Exorciste. Elle r\u00e9alise avec l&#8217;aide des Entit\u00e9s qui l&#8217;accompagnent, les d\u00e9gagements et Exorcismes d\u2019\u00c9gr\u00e9gores et d&#8217;Entit\u00e9s (quels que soit leur niveau \u00e9nerg\u00e9tiques). Peu importe que l&#8217;Entit\u00e9 soit sur vous, sur votre foyer ou sur votre lieu de travail Charly saura r\u00e9pondre \u00e0 vos besoins.<\/p>\n\n\n\n<p class=\"has-text-align-center\">Elle fait quotidiennement des voyages astraux et est capable de contacter les d\u00e9funts qui souhaitent communiquer. Elle se fait d&#8217;ailleurs un devoir de faire passer chaque \u00e2me qu&#8217;elle rencontre afin d&#8217;\u00e9viter l&#8217;errance et qu&#8217;elle soit mise en s\u00e9curit\u00e9.<\/p>\n\n\n\n<p class=\"has-text-align-center\">Vous pouvez contacter Charly sur les r\u00e9seaux sociaux ou directement sur son t\u00e9l\u00e9phone au<\/p>\n\n\n\n<p class=\"has-text-align-center\">06 68 02 64 44<\/p>\n","protected":false},"excerpt":{"rendered":"<p>FONDATRICE DE LA MAISON DES ESPRITS MEDIUM &#8211; EXORCISTE TH\u00c9RAPEUTE \u00c9NERG\u00c9TIQUE &#8211; PASSEUSE D\u2019\u00c2MES &#8211; GUERRISSEUSE- ECRIVAINE &#8211; CONFERENCIERE Charly est M\u00e9dium sp\u00e9cialis\u00e9e dans le contact avec les entit\u00e9s et le monde invisible. Elle est en contact permanant avec le Roi des R\u00eaves ainsi qu&#8217;avec les entit\u00e9s qui interviennent autour de nous durant notre sommeil. &hellip; <\/p>\n<p class=\"link-more\"><a href=\"https:\/\/www.lamaisondesesprits.com\/index.php\/equipe\/\" class=\"more-link\">Continuer la lecture<span class=\"screen-reader-text\"> de &laquo;&nbsp;Charly (Fondatrice)&nbsp;&raquo;<\/span><\/a><\/p>\n","protected":false},"author":1,"featured_media":0,"parent":0,"menu_order":0,"comment_status":"closed","ping_status":"closed","template":"","meta":{"footnotes":""},"class_list":["post-57","page","type-page","status-publish","hentry"],"yoast_head":"<!-- This site is optimized with the Yoast SEO plugin v23.4 - https:\/\/yoast.com\/wordpress\/plugins\/seo\/ -->\n<title>Charly (Fondatrice) - La maison des Esprits<\/title>\n<meta name=\"robots\" content=\"index, follow, max-snippet:-1, max-image-preview:large, max-video-preview:-1\" \/>\n<link rel=\"canonical\" href=\"https:\/\/www.lamaisondesesprits.com\/index.php\/equipe\/\" \/>\n<meta property=\"og:locale\" content=\"fr_FR\" \/>\n<meta property=\"og:type\" content=\"article\" \/>\n<meta property=\"og:title\" content=\"Charly (Fondatrice) - La maison des Esprits\" \/>\n<meta property=\"og:description\" content=\"FONDATRICE DE LA MAISON DES ESPRITS MEDIUM &#8211; EXORCISTE TH\u00c9RAPEUTE \u00c9NERG\u00c9TIQUE &#8211; PASSEUSE D\u2019\u00c2MES &#8211; GUERRISSEUSE- ECRIVAINE &#8211; CONFERENCIERE Charly est M\u00e9dium sp\u00e9cialis\u00e9e dans le contact avec les entit\u00e9s et le monde invisible. Elle est en contact permanant avec le Roi des R\u00eaves ainsi qu&#8217;avec les entit\u00e9s qui interviennent autour de nous durant notre sommeil. &hellip; Continuer la lecture de &laquo;&nbsp;Charly (Fondatrice)&nbsp;&raquo;\" \/>\n<meta property=\"og:url\" content=\"https:\/\/www.lamaisondesesprits.com\/index.php\/equipe\/\" \/>\n<meta property=\"og:site_name\" content=\"La maison des Esprits\" \/>\n<meta property=\"article:publisher\" content=\"https:\/\/www.facebook.com\/profile.php?id=61556472309041\" \/>\n<meta property=\"article:modified_time\" content=\"2025-08-19T20:24:36+00:00\" \/>\n<meta property=\"og:image\" content=\"https:\/\/www.lamaisondesesprits.com\/wp-content\/uploads\/2025\/08\/WhatsApp-Image-2025-08-19-a-22.06.34_7a5ae8f1.jpg\" \/>\n<meta name=\"twitter:card\" content=\"summary_large_image\" \/>\n<meta name=\"twitter:label1\" content=\"Dur\u00e9e de lecture estim\u00e9e\" \/>\n\t<meta name=\"twitter:data1\" content=\"2 minutes\" \/>\n<script type=\"application\/ld+json\" class=\"yoast-schema-graph\">{\"@context\":\"https:\/\/schema.org\",\"@graph\":[{\"@type\":\"WebPage\",\"@id\":\"https:\/\/www.lamaisondesesprits.com\/index.php\/equipe\/\",\"url\":\"https:\/\/www.lamaisondesesprits.com\/index.php\/equipe\/\",\"name\":\"Charly (Fondatrice) - La maison des Esprits\",\"isPartOf\":{\"@id\":\"https:\/\/www.lamaisondesesprits.com\/#website\"},\"primaryImageOfPage\":{\"@id\":\"https:\/\/www.lamaisondesesprits.com\/index.php\/equipe\/#primaryimage\"},\"image\":{\"@id\":\"https:\/\/www.lamaisondesesprits.com\/index.php\/equipe\/#primaryimage\"},\"thumbnailUrl\":\"https:\/\/www.lamaisondesesprits.com\/wp-content\/uploads\/2025\/08\/WhatsApp-Image-2025-08-19-a-22.06.34_7a5ae8f1.jpg\",\"datePublished\":\"2024-05-06T00:25:56+00:00\",\"dateModified\":\"2025-08-19T20:24:36+00:00\",\"breadcrumb\":{\"@id\":\"https:\/\/www.lamaisondesesprits.com\/index.php\/equipe\/#breadcrumb\"},\"inLanguage\":\"fr-FR\",\"potentialAction\":[{\"@type\":\"ReadAction\",\"target\":[\"https:\/\/www.lamaisondesesprits.com\/index.php\/equipe\/\"]}]},{\"@type\":\"ImageObject\",\"inLanguage\":\"fr-FR\",\"@id\":\"https:\/\/www.lamaisondesesprits.com\/index.php\/equipe\/#primaryimage\",\"url\":\"https:\/\/www.lamaisondesesprits.com\/wp-content\/uploads\/2025\/08\/WhatsApp-Image-2025-08-19-a-22.06.34_7a5ae8f1.jpg\",\"contentUrl\":\"https:\/\/www.lamaisondesesprits.com\/wp-content\/uploads\/2025\/08\/WhatsApp-Image-2025-08-19-a-22.06.34_7a5ae8f1.jpg\",\"width\":911,\"height\":716},{\"@type\":\"BreadcrumbList\",\"@id\":\"https:\/\/www.lamaisondesesprits.com\/index.php\/equipe\/#breadcrumb\",\"itemListElement\":[{\"@type\":\"ListItem\",\"position\":1,\"name\":\"Accueil\",\"item\":\"https:\/\/www.lamaisondesesprits.com\/\"},{\"@type\":\"ListItem\",\"position\":2,\"name\":\"Charly (Fondatrice)\"}]},{\"@type\":\"WebSite\",\"@id\":\"https:\/\/www.lamaisondesesprits.com\/#website\",\"url\":\"https:\/\/www.lamaisondesesprits.com\/\",\"name\":\"La maison des Esprits\",\"description\":\"&quot; Vous \u00eates au bon endroit &quot;\",\"potentialAction\":[{\"@type\":\"SearchAction\",\"target\":{\"@type\":\"EntryPoint\",\"urlTemplate\":\"https:\/\/www.lamaisondesesprits.com\/?s={search_term_string}\"},\"query-input\":{\"@type\":\"PropertyValueSpecification\",\"valueRequired\":true,\"valueName\":\"search_term_string\"}}],\"inLanguage\":\"fr-FR\"}]}<\/script>\n<!-- \/ Yoast SEO plugin. -->","yoast_head_json":{"title":"Charly (Fondatrice) - La maison des Esprits","robots":{"index":"index","follow":"follow","max-snippet":"max-snippet:-1","max-image-preview":"max-image-preview:large","max-video-preview":"max-video-preview:-1"},"canonical":"https:\/\/www.lamaisondesesprits.com\/index.php\/equipe\/","og_locale":"fr_FR","og_type":"article","og_title":"Charly (Fondatrice) - La maison des Esprits","og_description":"FONDATRICE DE LA MAISON DES ESPRITS MEDIUM &#8211; EXORCISTE TH\u00c9RAPEUTE \u00c9NERG\u00c9TIQUE &#8211; PASSEUSE D\u2019\u00c2MES &#8211; GUERRISSEUSE- ECRIVAINE &#8211; CONFERENCIERE Charly est M\u00e9dium sp\u00e9cialis\u00e9e dans le contact avec les entit\u00e9s et le monde invisible. Elle est en contact permanant avec le Roi des R\u00eaves ainsi qu&#8217;avec les entit\u00e9s qui interviennent autour de nous durant notre sommeil. &hellip; Continuer la lecture de &laquo;&nbsp;Charly (Fondatrice)&nbsp;&raquo;","og_url":"https:\/\/www.lamaisondesesprits.com\/index.php\/equipe\/","og_site_name":"La maison des Esprits","article_publisher":"https:\/\/www.facebook.com\/profile.php?id=61556472309041","article_modified_time":"2025-08-19T20:24:36+00:00","og_image":[{"url":"https:\/\/www.lamaisondesesprits.com\/wp-content\/uploads\/2025\/08\/WhatsApp-Image-2025-08-19-a-22.06.34_7a5ae8f1.jpg"}],"twitter_card":"summary_large_image","twitter_misc":{"Dur\u00e9e de lecture estim\u00e9e":"2 minutes"},"schema":{"@context":"https:\/\/schema.org","@graph":[{"@type":"WebPage","@id":"https:\/\/www.lamaisondesesprits.com\/index.php\/equipe\/","url":"https:\/\/www.lamaisondesesprits.com\/index.php\/equipe\/","name":"Charly (Fondatrice) - La maison des Esprits","isPartOf":{"@id":"https:\/\/www.lamaisondesesprits.com\/#website"},"primaryImageOfPage":{"@id":"https:\/\/www.lamaisondesesprits.com\/index.php\/equipe\/#primaryimage"},"image":{"@id":"https:\/\/www.lamaisondesesprits.com\/index.php\/equipe\/#primaryimage"},"thumbnailUrl":"https:\/\/www.lamaisondesesprits.com\/wp-content\/uploads\/2025\/08\/WhatsApp-Image-2025-08-19-a-22.06.34_7a5ae8f1.jpg","datePublished":"2024-05-06T00:25:56+00:00","dateModified":"2025-08-19T20:24:36+00:00","breadcrumb":{"@id":"https:\/\/www.lamaisondesesprits.com\/index.php\/equipe\/#breadcrumb"},"inLanguage":"fr-FR","potentialAction":[{"@type":"ReadAction","target":["https:\/\/www.lamaisondesesprits.com\/index.php\/equipe\/"]}]},{"@type":"ImageObject","inLanguage":"fr-FR","@id":"https:\/\/www.lamaisondesesprits.com\/index.php\/equipe\/#primaryimage","url":"https:\/\/www.lamaisondesesprits.com\/wp-content\/uploads\/2025\/08\/WhatsApp-Image-2025-08-19-a-22.06.34_7a5ae8f1.jpg","contentUrl":"https:\/\/www.lamaisondesesprits.com\/wp-content\/uploads\/2025\/08\/WhatsApp-Image-2025-08-19-a-22.06.34_7a5ae8f1.jpg","width":911,"height":716},{"@type":"BreadcrumbList","@id":"https:\/\/www.lamaisondesesprits.com\/index.php\/equipe\/#breadcrumb","itemListElement":[{"@type":"ListItem","position":1,"name":"Accueil","item":"https:\/\/www.lamaisondesesprits.com\/"},{"@type":"ListItem","position":2,"name":"Charly (Fondatrice)"}]},{"@type":"WebSite","@id":"https:\/\/www.lamaisondesesprits.com\/#website","url":"https:\/\/www.lamaisondesesprits.com\/","name":"La maison des Esprits","description":"&quot; Vous \u00eates au bon endroit &quot;","potentialAction":[{"@type":"SearchAction","target":{"@type":"EntryPoint","urlTemplate":"https:\/\/www.lamaisondesesprits.com\/?s={search_term_string}"},"query-input":{"@type":"PropertyValueSpecification","valueRequired":true,"valueName":"search_term_string"}}],"inLanguage":"fr-FR"}]}},"_links":{"self":[{"href":"https:\/\/www.lamaisondesesprits.com\/index.php\/wp-json\/wp\/v2\/pages\/57","targetHints":{"allow":["GET"]}}],"collection":[{"href":"https:\/\/www.lamaisondesesprits.com\/index.php\/wp-json\/wp\/v2\/pages"}],"about":[{"href":"https:\/\/www.lamaisondesesprits.com\/index.php\/wp-json\/wp\/v2\/types\/page"}],"author":[{"embeddable":true,"href":"https:\/\/www.lamaisondesesprits.com\/index.php\/wp-json\/wp\/v2\/users\/1"}],"replies":[{"embeddable":true,"href":"https:\/\/www.lamaisondesesprits.com\/index.php\/wp-json\/wp\/v2\/comments?post=57"}],"version-history":[{"count":27,"href":"https:\/\/www.lamaisondesesprits.com\/index.php\/wp-json\/wp\/v2\/pages\/57\/revisions"}],"predecessor-version":[{"id":1613,"href":"https:\/\/www.lamaisondesesprits.com\/index.php\/wp-json\/wp\/v2\/pages\/57\/revisions\/1613"}],"wp:attachment":[{"href":"https:\/\/www.lamaisondesesprits.com\/index.php\/wp-json\/wp\/v2\/media?parent=57"}],"curies":[{"name":"wp","href":"https:\/\/api.w.org\/{rel}","templated":true}]}}