{"id":305,"date":"2024-05-11T23:19:39","date_gmt":"2024-05-11T21:19:39","guid":{"rendered":"https:\/\/www.lamaisondesesprits.com\/?page_id=305"},"modified":"2026-03-01T00:44:05","modified_gmt":"2026-02-28T23:44:05","slug":"reseaux-et-contact","status":"publish","type":"page","link":"https:\/\/www.lamaisondesesprits.com\/index.php\/reseaux-et-contact\/","title":{"rendered":"Nous contacter"},"content":{"rendered":"<div class=\"wp-block-image\">\n<figure class=\"aligncenter size-large is-resized\"><a href=\"https:\/\/www.lamaisondesesprits.com\/index.php\/bilan-energetique\/\"><img fetchpriority=\"high\" decoding=\"async\" width=\"1024\" height=\"683\" src=\"https:\/\/www.lamaisondesesprits.com\/wp-content\/uploads\/2026\/02\/rdv-bilan-1024x683.png\" alt=\"\" class=\"wp-image-2214\" style=\"aspect-ratio:1.4992770955438157;width:319px;height:auto\" srcset=\"https:\/\/www.lamaisondesesprits.com\/wp-content\/uploads\/2026\/02\/rdv-bilan-1024x683.png 1024w, https:\/\/www.lamaisondesesprits.com\/wp-content\/uploads\/2026\/02\/rdv-bilan-300x200.png 300w, https:\/\/www.lamaisondesesprits.com\/wp-content\/uploads\/2026\/02\/rdv-bilan-768x512.png 768w, https:\/\/www.lamaisondesesprits.com\/wp-content\/uploads\/2026\/02\/rdv-bilan.png 1536w\" sizes=\"(max-width: 706px) 89vw, (max-width: 767px) 82vw, 740px\" \/><\/a><\/figure>\n<\/div>\n\n<div class=\"wp-block-image\">\n<figure class=\"aligncenter size-large is-resized\"><img decoding=\"async\" width=\"819\" height=\"1024\" src=\"https:\/\/www.lamaisondesesprits.com\/wp-content\/uploads\/2025\/07\/fiche-contact-mde-819x1024.png\" alt=\"\" class=\"wp-image-1441\" style=\"width:594px;height:auto\" srcset=\"https:\/\/www.lamaisondesesprits.com\/wp-content\/uploads\/2025\/07\/fiche-contact-mde-819x1024.png 819w, https:\/\/www.lamaisondesesprits.com\/wp-content\/uploads\/2025\/07\/fiche-contact-mde-240x300.png 240w, https:\/\/www.lamaisondesesprits.com\/wp-content\/uploads\/2025\/07\/fiche-contact-mde-768x960.png 768w, https:\/\/www.lamaisondesesprits.com\/wp-content\/uploads\/2025\/07\/fiche-contact-mde.png 1080w\" sizes=\"(max-width: 706px) 89vw, (max-width: 767px) 82vw, 740px\" \/><\/figure>\n<\/div>\n\n\n<h2 class=\"wp-block-heading\">(cliquez sur l&#8217;icone)<\/h2>\n\n\n\n<div class=\"wp-block-columns is-layout-flex wp-container-core-columns-is-layout-9d6595d7 wp-block-columns-is-layout-flex\">\n<div class=\"wp-block-column is-layout-flow wp-block-column-is-layout-flow\">\n<figure class=\"wp-block-image size-full\"><a href=\"https:\/\/www.facebook.com\/profile.php?id=61556472309041\"><img decoding=\"async\" width=\"103\" height=\"103\" src=\"https:\/\/www.lamaisondesesprits.com\/wp-content\/uploads\/2024\/05\/Facebook_f_logo_2019-1.png\" alt=\"\" class=\"wp-image-718\" srcset=\"https:\/\/www.lamaisondesesprits.com\/wp-content\/uploads\/2024\/05\/Facebook_f_logo_2019-1.png 103w, https:\/\/www.lamaisondesesprits.com\/wp-content\/uploads\/2024\/05\/Facebook_f_logo_2019-1-100x100.png 100w\" sizes=\"(max-width: 103px) 100vw, 103px\" \/><\/a><\/figure>\n<\/div>\n\n\n\n<div class=\"wp-block-column is-layout-flow wp-block-column-is-layout-flow\">\n<figure class=\"wp-block-image size-large is-resized\"><a href=\"https:\/\/www.instagram.com\/la_maison_des_esprits\/\"><img loading=\"lazy\" decoding=\"async\" width=\"1024\" height=\"1024\" src=\"https:\/\/www.lamaisondesesprits.com\/wp-content\/uploads\/2024\/05\/Instagram_icon-1024x1024.png\" alt=\"\" class=\"wp-image-706\" style=\"width:103px;height:auto\" srcset=\"https:\/\/www.lamaisondesesprits.com\/wp-content\/uploads\/2024\/05\/Instagram_icon-1024x1024.png 1024w, https:\/\/www.lamaisondesesprits.com\/wp-content\/uploads\/2024\/05\/Instagram_icon-300x300.png 300w, https:\/\/www.lamaisondesesprits.com\/wp-content\/uploads\/2024\/05\/Instagram_icon-150x150.png 150w, https:\/\/www.lamaisondesesprits.com\/wp-content\/uploads\/2024\/05\/Instagram_icon-768x768.png 768w, https:\/\/www.lamaisondesesprits.com\/wp-content\/uploads\/2024\/05\/Instagram_icon-1536x1536.png 1536w, https:\/\/www.lamaisondesesprits.com\/wp-content\/uploads\/2024\/05\/Instagram_icon-2048x2048.png 2048w, https:\/\/www.lamaisondesesprits.com\/wp-content\/uploads\/2024\/05\/Instagram_icon-100x100.png 100w\" sizes=\"(max-width: 706px) 89vw, (max-width: 767px) 82vw, 740px\" \/><\/a><\/figure>\n<\/div>\n\n\n\n<div class=\"wp-block-column is-layout-flow wp-block-column-is-layout-flow\">\n<figure class=\"wp-block-image size-large is-resized\"><a href=\"https:\/\/www.youtube.com\/@La.Maison.des.Esprits\"><img loading=\"lazy\" decoding=\"async\" width=\"1024\" height=\"640\" src=\"https:\/\/www.lamaisondesesprits.com\/wp-content\/uploads\/2024\/05\/YouTube-logo-1024x640.png\" alt=\"\" class=\"wp-image-719\" style=\"width:147px;height:auto\" srcset=\"https:\/\/www.lamaisondesesprits.com\/wp-content\/uploads\/2024\/05\/YouTube-logo-1024x640.png 1024w, https:\/\/www.lamaisondesesprits.com\/wp-content\/uploads\/2024\/05\/YouTube-logo-300x188.png 300w, https:\/\/www.lamaisondesesprits.com\/wp-content\/uploads\/2024\/05\/YouTube-logo-768x480.png 768w, https:\/\/www.lamaisondesesprits.com\/wp-content\/uploads\/2024\/05\/YouTube-logo-1536x960.png 1536w, https:\/\/www.lamaisondesesprits.com\/wp-content\/uploads\/2024\/05\/YouTube-logo-2048x1280.png 2048w\" sizes=\"(max-width: 706px) 89vw, (max-width: 767px) 82vw, 740px\" \/><\/a><\/figure>\n<\/div>\n<\/div>\n\n\n\n<h2 class=\"wp-block-heading has-text-align-center\"><\/h2>\n\n\n<div class=\"wp-block-image\">\n<figure class=\"aligncenter size-full is-resized\"><a href=\"https:\/\/www.facebook.com\/groups\/1208883316863142\/\"><img loading=\"lazy\" decoding=\"async\" width=\"1024\" height=\"1024\" src=\"https:\/\/www.lamaisondesesprits.com\/wp-content\/uploads\/2025\/07\/logo-communaute-Fb.png\" alt=\"\" class=\"wp-image-1443\" style=\"width:368px;height:auto\" srcset=\"https:\/\/www.lamaisondesesprits.com\/wp-content\/uploads\/2025\/07\/logo-communaute-Fb.png 1024w, https:\/\/www.lamaisondesesprits.com\/wp-content\/uploads\/2025\/07\/logo-communaute-Fb-300x300.png 300w, https:\/\/www.lamaisondesesprits.com\/wp-content\/uploads\/2025\/07\/logo-communaute-Fb-150x150.png 150w, https:\/\/www.lamaisondesesprits.com\/wp-content\/uploads\/2025\/07\/logo-communaute-Fb-768x768.png 768w, https:\/\/www.lamaisondesesprits.com\/wp-content\/uploads\/2025\/07\/logo-communaute-Fb-100x100.png 100w\" sizes=\"(max-width: 706px) 89vw, (max-width: 767px) 82vw, 740px\" \/><\/a><\/figure>\n<\/div>\n\n\n<p class=\"has-text-align-center\">Rejoignez notre communaut\u00e9 sur Facebook: <a href=\"https:\/\/www.facebook.com\/groups\/1208883316863142\/\">&#8220;M\u00e9diums, Exorcismes et petit caf\u00e9&#8221;<\/a><\/p>\n\n\n\n<p class=\"has-text-align-center\">(<em>Cliquez sur le lien ou sur le fant\u00f4me chamallow comme vous te plaira) <\/em><\/p>\n\n\n\n<p><\/p>\n","protected":false},"excerpt":{"rendered":"<p>(cliquez sur l&#8217;icone) Rejoignez notre communaut\u00e9 sur Facebook: &#8220;M\u00e9diums, Exorcismes et petit caf\u00e9&#8221; (Cliquez sur le lien ou sur le fant\u00f4me chamallow comme vous te plaira)<\/p>\n","protected":false},"author":1,"featured_media":0,"parent":0,"menu_order":0,"comment_status":"closed","ping_status":"closed","template":"","meta":{"footnotes":""},"class_list":["post-305","page","type-page","status-publish","hentry"],"yoast_head":"<!-- This site is optimized with the Yoast SEO plugin v23.4 - https:\/\/yoast.com\/wordpress\/plugins\/seo\/ -->\n<title>Nous contacter - La maison des Esprits<\/title>\n<meta name=\"robots\" content=\"index, follow, max-snippet:-1, max-image-preview:large, max-video-preview:-1\" \/>\n<link rel=\"canonical\" href=\"https:\/\/www.lamaisondesesprits.com\/index.php\/reseaux-et-contact\/\" \/>\n<meta property=\"og:locale\" content=\"fr_FR\" \/>\n<meta property=\"og:type\" content=\"article\" \/>\n<meta property=\"og:title\" content=\"Nous contacter - La maison des Esprits\" \/>\n<meta property=\"og:description\" content=\"(cliquez sur l&#8217;icone) Rejoignez notre communaut\u00e9 sur Facebook: &#8220;M\u00e9diums, Exorcismes et petit caf\u00e9&#8221; (Cliquez sur le lien ou sur le fant\u00f4me chamallow comme vous te plaira)\" \/>\n<meta property=\"og:url\" content=\"https:\/\/www.lamaisondesesprits.com\/index.php\/reseaux-et-contact\/\" \/>\n<meta property=\"og:site_name\" content=\"La maison des Esprits\" \/>\n<meta property=\"article:publisher\" content=\"https:\/\/www.facebook.com\/profile.php?id=61556472309041\" \/>\n<meta property=\"article:modified_time\" content=\"2026-02-28T23:44:05+00:00\" \/>\n<meta property=\"og:image\" content=\"https:\/\/www.lamaisondesesprits.com\/wp-content\/uploads\/2026\/02\/rdv-bilan-1024x683.png\" \/>\n<meta name=\"twitter:card\" content=\"summary_large_image\" \/>\n<meta name=\"twitter:label1\" content=\"Dur\u00e9e de lecture estim\u00e9e\" \/>\n\t<meta name=\"twitter:data1\" content=\"2 minutes\" \/>\n<script type=\"application\/ld+json\" class=\"yoast-schema-graph\">{\"@context\":\"https:\/\/schema.org\",\"@graph\":[{\"@type\":\"WebPage\",\"@id\":\"https:\/\/www.lamaisondesesprits.com\/index.php\/reseaux-et-contact\/\",\"url\":\"https:\/\/www.lamaisondesesprits.com\/index.php\/reseaux-et-contact\/\",\"name\":\"Nous contacter - La maison des Esprits\",\"isPartOf\":{\"@id\":\"https:\/\/www.lamaisondesesprits.com\/#website\"},\"primaryImageOfPage\":{\"@id\":\"https:\/\/www.lamaisondesesprits.com\/index.php\/reseaux-et-contact\/#primaryimage\"},\"image\":{\"@id\":\"https:\/\/www.lamaisondesesprits.com\/index.php\/reseaux-et-contact\/#primaryimage\"},\"thumbnailUrl\":\"https:\/\/www.lamaisondesesprits.com\/wp-content\/uploads\/2026\/02\/rdv-bilan-1024x683.png\",\"datePublished\":\"2024-05-11T21:19:39+00:00\",\"dateModified\":\"2026-02-28T23:44:05+00:00\",\"breadcrumb\":{\"@id\":\"https:\/\/www.lamaisondesesprits.com\/index.php\/reseaux-et-contact\/#breadcrumb\"},\"inLanguage\":\"fr-FR\",\"potentialAction\":[{\"@type\":\"ReadAction\",\"target\":[\"https:\/\/www.lamaisondesesprits.com\/index.php\/reseaux-et-contact\/\"]}]},{\"@type\":\"ImageObject\",\"inLanguage\":\"fr-FR\",\"@id\":\"https:\/\/www.lamaisondesesprits.com\/index.php\/reseaux-et-contact\/#primaryimage\",\"url\":\"https:\/\/www.lamaisondesesprits.com\/wp-content\/uploads\/2026\/02\/rdv-bilan.png\",\"contentUrl\":\"https:\/\/www.lamaisondesesprits.com\/wp-content\/uploads\/2026\/02\/rdv-bilan.png\",\"width\":1536,\"height\":1024},{\"@type\":\"BreadcrumbList\",\"@id\":\"https:\/\/www.lamaisondesesprits.com\/index.php\/reseaux-et-contact\/#breadcrumb\",\"itemListElement\":[{\"@type\":\"ListItem\",\"position\":1,\"name\":\"Accueil\",\"item\":\"https:\/\/www.lamaisondesesprits.com\/\"},{\"@type\":\"ListItem\",\"position\":2,\"name\":\"Nous contacter\"}]},{\"@type\":\"WebSite\",\"@id\":\"https:\/\/www.lamaisondesesprits.com\/#website\",\"url\":\"https:\/\/www.lamaisondesesprits.com\/\",\"name\":\"La maison des Esprits\",\"description\":\"&quot; Vous \u00eates au bon endroit &quot;\",\"potentialAction\":[{\"@type\":\"SearchAction\",\"target\":{\"@type\":\"EntryPoint\",\"urlTemplate\":\"https:\/\/www.lamaisondesesprits.com\/?s={search_term_string}\"},\"query-input\":{\"@type\":\"PropertyValueSpecification\",\"valueRequired\":true,\"valueName\":\"search_term_string\"}}],\"inLanguage\":\"fr-FR\"}]}<\/script>\n<!-- \/ Yoast SEO plugin. -->","yoast_head_json":{"title":"Nous contacter - La maison des Esprits","robots":{"index":"index","follow":"follow","max-snippet":"max-snippet:-1","max-image-preview":"max-image-preview:large","max-video-preview":"max-video-preview:-1"},"canonical":"https:\/\/www.lamaisondesesprits.com\/index.php\/reseaux-et-contact\/","og_locale":"fr_FR","og_type":"article","og_title":"Nous contacter - La maison des Esprits","og_description":"(cliquez sur l&#8217;icone) Rejoignez notre communaut\u00e9 sur Facebook: &#8220;M\u00e9diums, Exorcismes et petit caf\u00e9&#8221; (Cliquez sur le lien ou sur le fant\u00f4me chamallow comme vous te plaira)","og_url":"https:\/\/www.lamaisondesesprits.com\/index.php\/reseaux-et-contact\/","og_site_name":"La maison des Esprits","article_publisher":"https:\/\/www.facebook.com\/profile.php?id=61556472309041","article_modified_time":"2026-02-28T23:44:05+00:00","og_image":[{"url":"https:\/\/www.lamaisondesesprits.com\/wp-content\/uploads\/2026\/02\/rdv-bilan-1024x683.png"}],"twitter_card":"summary_large_image","twitter_misc":{"Dur\u00e9e de lecture estim\u00e9e":"2 minutes"},"schema":{"@context":"https:\/\/schema.org","@graph":[{"@type":"WebPage","@id":"https:\/\/www.lamaisondesesprits.com\/index.php\/reseaux-et-contact\/","url":"https:\/\/www.lamaisondesesprits.com\/index.php\/reseaux-et-contact\/","name":"Nous contacter - La maison des Esprits","isPartOf":{"@id":"https:\/\/www.lamaisondesesprits.com\/#website"},"primaryImageOfPage":{"@id":"https:\/\/www.lamaisondesesprits.com\/index.php\/reseaux-et-contact\/#primaryimage"},"image":{"@id":"https:\/\/www.lamaisondesesprits.com\/index.php\/reseaux-et-contact\/#primaryimage"},"thumbnailUrl":"https:\/\/www.lamaisondesesprits.com\/wp-content\/uploads\/2026\/02\/rdv-bilan-1024x683.png","datePublished":"2024-05-11T21:19:39+00:00","dateModified":"2026-02-28T23:44:05+00:00","breadcrumb":{"@id":"https:\/\/www.lamaisondesesprits.com\/index.php\/reseaux-et-contact\/#breadcrumb"},"inLanguage":"fr-FR","potentialAction":[{"@type":"ReadAction","target":["https:\/\/www.lamaisondesesprits.com\/index.php\/reseaux-et-contact\/"]}]},{"@type":"ImageObject","inLanguage":"fr-FR","@id":"https:\/\/www.lamaisondesesprits.com\/index.php\/reseaux-et-contact\/#primaryimage","url":"https:\/\/www.lamaisondesesprits.com\/wp-content\/uploads\/2026\/02\/rdv-bilan.png","contentUrl":"https:\/\/www.lamaisondesesprits.com\/wp-content\/uploads\/2026\/02\/rdv-bilan.png","width":1536,"height":1024},{"@type":"BreadcrumbList","@id":"https:\/\/www.lamaisondesesprits.com\/index.php\/reseaux-et-contact\/#breadcrumb","itemListElement":[{"@type":"ListItem","position":1,"name":"Accueil","item":"https:\/\/www.lamaisondesesprits.com\/"},{"@type":"ListItem","position":2,"name":"Nous contacter"}]},{"@type":"WebSite","@id":"https:\/\/www.lamaisondesesprits.com\/#website","url":"https:\/\/www.lamaisondesesprits.com\/","name":"La maison des Esprits","description":"&quot; Vous \u00eates au bon endroit &quot;","potentialAction":[{"@type":"SearchAction","target":{"@type":"EntryPoint","urlTemplate":"https:\/\/www.lamaisondesesprits.com\/?s={search_term_string}"},"query-input":{"@type":"PropertyValueSpecification","valueRequired":true,"valueName":"search_term_string"}}],"inLanguage":"fr-FR"}]}},"_links":{"self":[{"href":"https:\/\/www.lamaisondesesprits.com\/index.php\/wp-json\/wp\/v2\/pages\/305","targetHints":{"allow":["GET"]}}],"collection":[{"href":"https:\/\/www.lamaisondesesprits.com\/index.php\/wp-json\/wp\/v2\/pages"}],"about":[{"href":"https:\/\/www.lamaisondesesprits.com\/index.php\/wp-json\/wp\/v2\/types\/page"}],"author":[{"embeddable":true,"href":"https:\/\/www.lamaisondesesprits.com\/index.php\/wp-json\/wp\/v2\/users\/1"}],"replies":[{"embeddable":true,"href":"https:\/\/www.lamaisondesesprits.com\/index.php\/wp-json\/wp\/v2\/comments?post=305"}],"version-history":[{"count":23,"href":"https:\/\/www.lamaisondesesprits.com\/index.php\/wp-json\/wp\/v2\/pages\/305\/revisions"}],"predecessor-version":[{"id":2294,"href":"https:\/\/www.lamaisondesesprits.com\/index.php\/wp-json\/wp\/v2\/pages\/305\/revisions\/2294"}],"wp:attachment":[{"href":"https:\/\/www.lamaisondesesprits.com\/index.php\/wp-json\/wp\/v2\/media?parent=305"}],"curies":[{"name":"wp","href":"https:\/\/api.w.org\/{rel}","templated":true}]}}