{"id":2375,"date":"2026-04-18T23:49:45","date_gmt":"2026-04-18T21:49:45","guid":{"rendered":"https:\/\/www.lamaisondesesprits.com\/index.php\/register-2\/"},"modified":"2026-04-18T23:49:45","modified_gmt":"2026-04-18T21:49:45","slug":"register-2","status":"publish","type":"page","link":"https:\/\/www.lamaisondesesprits.com\/index.php\/register-2\/","title":{"rendered":"Register"},"content":{"rendered":"<div class=\"pms-block-container\">\n<form id=\"pms_register-form\" class=\"pms-form \" method=\"POST\">\n\n    \n    <input type=\"hidden\" id=\"pmstkn\" name=\"pmstkn\" value=\"75efa3d288\" \/><input type=\"hidden\" name=\"_wp_http_referer\" value=\"\/index.php\/wp-json\/wp\/v2\/pages\/2375\" \/>\n    <ul class=\"pms-form-fields-wrapper\">\n\n        \n        \n        <div class=\"pms-account-section-wrapper\">\n            \n                        <li class=\"pms-field pms-user-login-field \">\n                <label for=\"pms_user_login\">Identifiant (Pr\u00e9nom Nom) *<\/label>\n                <input id=\"pms_user_login\" name=\"user_login\" type=\"text\" value=\"\" \/>\n\n                            <\/li>\n\n                        <li class=\"pms-field pms-user-email-field \">\n                <label for=\"pms_user_email\">E-mail *<\/label>\n                <input id=\"pms_user_email\" name=\"user_email\" type=\"text\" value=\"\" \/>\n\n                            <\/li>\n\n                        <li class=\"pms-field pms-first-name-field \">\n                <label for=\"pms_first_name\">Pr\u00e9nom<\/label>\n                <input id=\"pms_first_name\" name=\"first_name\" type=\"text\" value=\"\" \/>\n\n                            <\/li>\n\n                        <li class=\"pms-field pms-last-name-field \">\n                <label for=\"pms_last_name\">Nom<\/label>\n                <input id=\"pms_last_name\" name=\"last_name\" type=\"text\" value=\"\" \/>\n\n                            <\/li>\n\n                        <li class=\"pms-field pms-pass1-field \">\n                <label for=\"pms_pass1\">Mot de passe *<\/label>\n                <input id=\"pms_pass1\" name=\"pass1\" type=\"password\" \/>\n\n                \n                            <\/li>\n\n                        <li class=\"pms-field pms-pass2-field \">\n                <label for=\"pms_pass2\">Confirmer le mot de passe *<\/label>\n                <input id=\"pms_pass2\" name=\"pass2\" type=\"password\" \/>\n\n                            <\/li>\n\n                    <\/div>\n\n        \n        <li class=\"pms-field pms-field-subscriptions \"><div class=\"pms-subscription-plan pms-subscription-plan-2387\"><label><input type=\"radio\" name=\"subscription_plans\" data-price=\"650\" data-duration=\"9\" data-fixed_membership=\"\" data-allow_renew=\"\" data-sign_up_fee=\"0\" data-trial=\"0\" data-recurring=\"3\"  value=\"2387\"  checked='checked'data-default-selected=\"true\" \/><span class=\"pms-subscription-plan-name\">Zenith &#8211; classe d&#039;apprentissage<\/span><span class=\"pms-subscription-plan-price\"><span class=\"pms-divider\"> &#8211; <\/span><span class=\"pms-subscription-plan-price-value\">650<\/span> <span class=\"pms-subscription-plan-currency\">&#8364;<\/span><span class=\"pms-divider pms-duration-divider\"> \/ <\/span><span class=\"pms-subscription-plan-duration\">9 Semaine<\/span><\/span><span class=\"pms-subscription-plan-trial\"><\/span><span class=\"pms-subscription-plan-sign-up-fee\"><\/span><\/label><div class=\"pms-subscription-plan-description\">Inscription au cycle de formation Zenith \r\n650e pour 9 semaines\r\ninclue les forfaits LITE et PREMIUM<\/div><\/div><div class=\"pms-subscription-plan pms-subscription-plan-2380\"><label><input type=\"radio\" name=\"subscription_plans\" data-price=\"80\" data-duration=\"1\" data-fixed_membership=\"\" data-allow_renew=\"\" data-sign_up_fee=\"0\" data-trial=\"0\" data-recurring=\"2\"  value=\"2380\" data-default-checked=\"false\" \/><span class=\"pms-subscription-plan-name\">Premium<\/span><span class=\"pms-subscription-plan-price\"><span class=\"pms-divider\"> &#8211; <\/span><span class=\"pms-subscription-plan-price-value\">80<\/span> <span class=\"pms-subscription-plan-currency\">&#8364;<\/span><span class=\"pms-divider pms-duration-divider\"> \/ <\/span><span class=\"pms-subscription-plan-duration\">1 Mois<\/span><\/span><span class=\"pms-subscription-plan-trial\"><\/span><span class=\"pms-subscription-plan-sign-up-fee\"><\/span><\/label><div class=\"pms-subscription-plan-description\">Upgradez votre statut en PREMIUM !\r\n&#8211; les m\u00e9ditations \r\n&#8211; les soir\u00e9es \r\n&#8211; un entretien et un soin \u00e9nerg\u00e9tique pr\u00e9vu par mois !<\/div><\/div><div class=\"pms-subscription-plan pms-subscription-plan-2379\"><label><input type=\"radio\" name=\"subscription_plans\" data-price=\"16\" data-duration=\"1\" data-fixed_membership=\"\" data-allow_renew=\"\" data-sign_up_fee=\"0\" data-trial=\"1\" data-recurring=\"2\"  value=\"2379\" data-default-checked=\"false\" \/><span class=\"pms-subscription-plan-name\">Membre de l&#039;association<\/span><span class=\"pms-subscription-plan-price\"><span class=\"pms-divider\"> &#8211; <\/span><span class=\"pms-subscription-plan-price-value\">16<\/span> <span class=\"pms-subscription-plan-currency\">&#8364;<\/span><span class=\"pms-divider pms-duration-divider\"> \/ <\/span><span class=\"pms-subscription-plan-duration\">1 Mois<\/span><\/span><span class=\"pms-subscription-plan-trial\"> avec un essai gratuit de 7 jour  <\/span><span class=\"pms-subscription-plan-sign-up-fee\"><\/span><\/label><div class=\"pms-subscription-plan-description\">Devenez un membre de l&#8217;association La Maison des Esprits et profitez de nombreux avantages !<\/div><\/div><\/li>\n    <\/ul>\n\n    <span id=\"pms-submit-button-loading-placeholder-text\" style=\"display: none;\">En cours. Patientez, s&#039;il vous pla\u00eet&#8230;<\/span><div class=\"pms-paygates-holder\"><div id=\"pms-paygates-wrapper\"><h3>S\u00e9lectionner un moyen de paiement<\/h3><div id=\"pms-paygates-inner\"><label><input type=\"radio\" class=\"pms_pay_gate\" name=\"pay_gate\" value=\"manual\" data-sign_up_fee=\"1\" data-trial=\"1\" data-recurring=\"1\"  \/><span class=\"pms-paygate-name\">Manual \/ Offline<\/span><\/label><label><input type=\"radio\" class=\"pms_pay_gate\" name=\"pay_gate\" value=\"stripe_connect\"  checked='checked'data-sign_up_fee=\"1\" data-trial=\"1\" data-recurring=\"1\"  data-type=\"extra_fields\" \/><span class=\"pms-paygate-name\">Carte de cr\u00e9dit\/ d\u00e9bit<\/span><\/label><\/div><div id=\"pms-gateways-not-available\"><span>Aucune m\u00e9thode de payement n&#8217;est disponible pour le plan choisi.<\/span><\/div><\/div><ul id=\"pms-stripe-connect\" class=\"pms-field-section pms-paygate-extra-fields pms-paygate-extra-fields-stripe_connect\"><li class=\"pms-field pms-field-type-heading \"><h3>Payment Details<\/h3><\/li><div class=\"pms-spinner__holder\"><div class=\"pms-spinner\"><\/div><\/div><div id=\"pms-stripe-payment-elements\" style=\"display:none\"><\/div><\/ul><\/div><input type=\"hidden\" id=\"pms-process-checkout-nonce\" name=\"pms_process_checkout_nonce\" value=\"8b08986a5a\"\/><input type=\"hidden\" id=\"stripe-pk\" value=\"pk_live_51TNgm6AhSqOLntkplg0sfl4K5Oz3HHMOf6Ibd2jwY584w3cZIfxvzeE9t0NJRHkuVoFV2r88LYv7cT2YYBju6zUU0087fzy6gz\" \/><input type=\"hidden\" name=\"pms_stripe_connect_payment_intent\" value=\"\"\/><input type=\"hidden\" name=\"pms_stripe_connect_setup_intent\" value=\"\"\/><input type=\"hidden\" id=\"pms-stripe-ajax-update-payment-intent-nonce\" name=\"stripe_ajax_update_payment_intent_nonce\" value=\"a9c42b4fdb\"\/>\n            <input class=\"pms-form-submit\" name=\"pms_register\" type=\"submit\" value=\"S&#039;inscrire\" \/>\n    \n<\/form>\n<\/div>","protected":false},"excerpt":{"rendered":"","protected":false},"author":1,"featured_media":0,"parent":0,"menu_order":0,"comment_status":"closed","ping_status":"closed","template":"","meta":{"footnotes":""},"class_list":["post-2375","page","type-page","status-publish","hentry"],"yoast_head":"<!-- This site is optimized with the Yoast SEO plugin v23.4 - https:\/\/yoast.com\/wordpress\/plugins\/seo\/ -->\n<title>Register - La maison des Esprits<\/title>\n<meta name=\"robots\" content=\"index, follow, max-snippet:-1, max-image-preview:large, max-video-preview:-1\" \/>\n<link rel=\"canonical\" href=\"https:\/\/www.lamaisondesesprits.com\/index.php\/register-2\/\" \/>\n<meta property=\"og:locale\" content=\"fr_FR\" \/>\n<meta property=\"og:type\" content=\"article\" \/>\n<meta property=\"og:title\" content=\"Register - La maison des Esprits\" \/>\n<meta property=\"og:url\" content=\"https:\/\/www.lamaisondesesprits.com\/index.php\/register-2\/\" \/>\n<meta property=\"og:site_name\" content=\"La maison des Esprits\" \/>\n<meta property=\"article:publisher\" content=\"https:\/\/www.facebook.com\/profile.php?id=61556472309041\" \/>\n<meta name=\"twitter:card\" content=\"summary_large_image\" \/>\n<script type=\"application\/ld+json\" class=\"yoast-schema-graph\">{\"@context\":\"https:\/\/schema.org\",\"@graph\":[{\"@type\":\"WebPage\",\"@id\":\"https:\/\/www.lamaisondesesprits.com\/index.php\/register-2\/\",\"url\":\"https:\/\/www.lamaisondesesprits.com\/index.php\/register-2\/\",\"name\":\"Register - La maison des Esprits\",\"isPartOf\":{\"@id\":\"https:\/\/www.lamaisondesesprits.com\/#website\"},\"datePublished\":\"2026-04-18T21:49:45+00:00\",\"dateModified\":\"2026-04-18T21:49:45+00:00\",\"breadcrumb\":{\"@id\":\"https:\/\/www.lamaisondesesprits.com\/index.php\/register-2\/#breadcrumb\"},\"inLanguage\":\"fr-FR\",\"potentialAction\":[{\"@type\":\"ReadAction\",\"target\":[\"https:\/\/www.lamaisondesesprits.com\/index.php\/register-2\/\"]}]},{\"@type\":\"BreadcrumbList\",\"@id\":\"https:\/\/www.lamaisondesesprits.com\/index.php\/register-2\/#breadcrumb\",\"itemListElement\":[{\"@type\":\"ListItem\",\"position\":1,\"name\":\"Accueil\",\"item\":\"https:\/\/www.lamaisondesesprits.com\/\"},{\"@type\":\"ListItem\",\"position\":2,\"name\":\"Register\"}]},{\"@type\":\"WebSite\",\"@id\":\"https:\/\/www.lamaisondesesprits.com\/#website\",\"url\":\"https:\/\/www.lamaisondesesprits.com\/\",\"name\":\"La maison des Esprits\",\"description\":\"&quot; Vous \u00eates au bon endroit &quot;\",\"potentialAction\":[{\"@type\":\"SearchAction\",\"target\":{\"@type\":\"EntryPoint\",\"urlTemplate\":\"https:\/\/www.lamaisondesesprits.com\/?s={search_term_string}\"},\"query-input\":{\"@type\":\"PropertyValueSpecification\",\"valueRequired\":true,\"valueName\":\"search_term_string\"}}],\"inLanguage\":\"fr-FR\"}]}<\/script>\n<!-- \/ Yoast SEO plugin. -->","yoast_head_json":{"title":"Register - La maison des Esprits","robots":{"index":"index","follow":"follow","max-snippet":"max-snippet:-1","max-image-preview":"max-image-preview:large","max-video-preview":"max-video-preview:-1"},"canonical":"https:\/\/www.lamaisondesesprits.com\/index.php\/register-2\/","og_locale":"fr_FR","og_type":"article","og_title":"Register - La maison des Esprits","og_url":"https:\/\/www.lamaisondesesprits.com\/index.php\/register-2\/","og_site_name":"La maison des Esprits","article_publisher":"https:\/\/www.facebook.com\/profile.php?id=61556472309041","twitter_card":"summary_large_image","schema":{"@context":"https:\/\/schema.org","@graph":[{"@type":"WebPage","@id":"https:\/\/www.lamaisondesesprits.com\/index.php\/register-2\/","url":"https:\/\/www.lamaisondesesprits.com\/index.php\/register-2\/","name":"Register - La maison des Esprits","isPartOf":{"@id":"https:\/\/www.lamaisondesesprits.com\/#website"},"datePublished":"2026-04-18T21:49:45+00:00","dateModified":"2026-04-18T21:49:45+00:00","breadcrumb":{"@id":"https:\/\/www.lamaisondesesprits.com\/index.php\/register-2\/#breadcrumb"},"inLanguage":"fr-FR","potentialAction":[{"@type":"ReadAction","target":["https:\/\/www.lamaisondesesprits.com\/index.php\/register-2\/"]}]},{"@type":"BreadcrumbList","@id":"https:\/\/www.lamaisondesesprits.com\/index.php\/register-2\/#breadcrumb","itemListElement":[{"@type":"ListItem","position":1,"name":"Accueil","item":"https:\/\/www.lamaisondesesprits.com\/"},{"@type":"ListItem","position":2,"name":"Register"}]},{"@type":"WebSite","@id":"https:\/\/www.lamaisondesesprits.com\/#website","url":"https:\/\/www.lamaisondesesprits.com\/","name":"La maison des Esprits","description":"&quot; Vous \u00eates au bon endroit &quot;","potentialAction":[{"@type":"SearchAction","target":{"@type":"EntryPoint","urlTemplate":"https:\/\/www.lamaisondesesprits.com\/?s={search_term_string}"},"query-input":{"@type":"PropertyValueSpecification","valueRequired":true,"valueName":"search_term_string"}}],"inLanguage":"fr-FR"}]}},"_links":{"self":[{"href":"https:\/\/www.lamaisondesesprits.com\/index.php\/wp-json\/wp\/v2\/pages\/2375","targetHints":{"allow":["GET"]}}],"collection":[{"href":"https:\/\/www.lamaisondesesprits.com\/index.php\/wp-json\/wp\/v2\/pages"}],"about":[{"href":"https:\/\/www.lamaisondesesprits.com\/index.php\/wp-json\/wp\/v2\/types\/page"}],"author":[{"embeddable":true,"href":"https:\/\/www.lamaisondesesprits.com\/index.php\/wp-json\/wp\/v2\/users\/1"}],"replies":[{"embeddable":true,"href":"https:\/\/www.lamaisondesesprits.com\/index.php\/wp-json\/wp\/v2\/comments?post=2375"}],"version-history":[{"count":0,"href":"https:\/\/www.lamaisondesesprits.com\/index.php\/wp-json\/wp\/v2\/pages\/2375\/revisions"}],"wp:attachment":[{"href":"https:\/\/www.lamaisondesesprits.com\/index.php\/wp-json\/wp\/v2\/media?parent=2375"}],"curies":[{"name":"wp","href":"https:\/\/api.w.org\/{rel}","templated":true}]}}