{"id":2339,"date":"2026-03-31T17:13:39","date_gmt":"2026-03-31T15:13:39","guid":{"rendered":"https:\/\/www.lamaisondesesprits.com\/?page_id=2339"},"modified":"2026-03-31T17:16:39","modified_gmt":"2026-03-31T15:16:39","slug":"ou-sommes-nous","status":"publish","type":"page","link":"https:\/\/www.lamaisondesesprits.com\/index.php\/ou-sommes-nous\/","title":{"rendered":"O\u00f9 sommes nous?"},"content":{"rendered":"\n<p><\/p>\n\n\n\n<p class=\"has-text-align-center\">La Maison des Esprits est n\u00e9e dans le Sud de la France, dans la ville de Ollioules dans le Var. Depuis elle a form\u00e9e de nombreux professionnels qui ont \u00e0 leur tour ouvert des antennes sur d&#8217;autres r\u00e9gions de France et en Belgique.<\/p>\n\n\n\n<p><\/p>\n\n\n<div class=\"wp-block-image\">\n<figure class=\"aligncenter size-large is-resized\"><img fetchpriority=\"high\" decoding=\"async\" width=\"1024\" height=\"541\" src=\"https:\/\/www.lamaisondesesprits.com\/wp-content\/uploads\/2026\/03\/image-1024x541.png\" alt=\"\" class=\"wp-image-2340\" style=\"aspect-ratio:1.8928430383079555;width:627px;height:auto\" srcset=\"https:\/\/www.lamaisondesesprits.com\/wp-content\/uploads\/2026\/03\/image-1024x541.png 1024w, https:\/\/www.lamaisondesesprits.com\/wp-content\/uploads\/2026\/03\/image-300x158.png 300w, https:\/\/www.lamaisondesesprits.com\/wp-content\/uploads\/2026\/03\/image-768x406.png 768w, https:\/\/www.lamaisondesesprits.com\/wp-content\/uploads\/2026\/03\/image-1536x811.png 1536w, https:\/\/www.lamaisondesesprits.com\/wp-content\/uploads\/2026\/03\/image.png 1596w\" sizes=\"(max-width: 706px) 89vw, (max-width: 767px) 82vw, 740px\" \/><\/figure>\n<\/div>","protected":false},"excerpt":{"rendered":"<p>La Maison des Esprits est n\u00e9e dans le Sud de la France, dans la ville de Ollioules dans le Var. Depuis elle a form\u00e9e de nombreux professionnels qui ont \u00e0 leur tour ouvert des antennes sur d&#8217;autres r\u00e9gions de France et en Belgique.<\/p>\n","protected":false},"author":2,"featured_media":0,"parent":0,"menu_order":0,"comment_status":"closed","ping_status":"closed","template":"","meta":{"footnotes":""},"class_list":["post-2339","page","type-page","status-publish","hentry"],"yoast_head":"<!-- This site is optimized with the Yoast SEO plugin v23.4 - https:\/\/yoast.com\/wordpress\/plugins\/seo\/ -->\n<title>O\u00f9 sommes nous? - La maison des Esprits<\/title>\n<meta name=\"robots\" content=\"index, follow, max-snippet:-1, max-image-preview:large, max-video-preview:-1\" \/>\n<link rel=\"canonical\" href=\"https:\/\/www.lamaisondesesprits.com\/index.php\/ou-sommes-nous\/\" \/>\n<meta property=\"og:locale\" content=\"en_US\" \/>\n<meta property=\"og:type\" content=\"article\" \/>\n<meta property=\"og:title\" content=\"O\u00f9 sommes nous? - La maison des Esprits\" \/>\n<meta property=\"og:description\" content=\"La Maison des Esprits est n\u00e9e dans le Sud de la France, dans la ville de Ollioules dans le Var. Depuis elle a form\u00e9e de nombreux professionnels qui ont \u00e0 leur tour ouvert des antennes sur d&#8217;autres r\u00e9gions de France et en Belgique.\" \/>\n<meta property=\"og:url\" content=\"https:\/\/www.lamaisondesesprits.com\/index.php\/ou-sommes-nous\/\" \/>\n<meta property=\"og:site_name\" content=\"La maison des Esprits\" \/>\n<meta property=\"article:publisher\" content=\"https:\/\/www.facebook.com\/profile.php?id=61556472309041\" \/>\n<meta property=\"article:modified_time\" content=\"2026-03-31T15:16:39+00:00\" \/>\n<meta property=\"og:image\" content=\"https:\/\/www.lamaisondesesprits.com\/wp-content\/uploads\/2026\/03\/image-1024x541.png\" \/>\n<meta name=\"twitter:card\" content=\"summary_large_image\" \/>\n<meta name=\"twitter:label1\" content=\"Est. reading time\" \/>\n\t<meta name=\"twitter:data1\" content=\"1 minute\" \/>\n<script type=\"application\/ld+json\" class=\"yoast-schema-graph\">{\"@context\":\"https:\/\/schema.org\",\"@graph\":[{\"@type\":\"WebPage\",\"@id\":\"https:\/\/www.lamaisondesesprits.com\/index.php\/ou-sommes-nous\/\",\"url\":\"https:\/\/www.lamaisondesesprits.com\/index.php\/ou-sommes-nous\/\",\"name\":\"O\u00f9 sommes nous? - La maison des Esprits\",\"isPartOf\":{\"@id\":\"https:\/\/www.lamaisondesesprits.com\/#website\"},\"primaryImageOfPage\":{\"@id\":\"https:\/\/www.lamaisondesesprits.com\/index.php\/ou-sommes-nous\/#primaryimage\"},\"image\":{\"@id\":\"https:\/\/www.lamaisondesesprits.com\/index.php\/ou-sommes-nous\/#primaryimage\"},\"thumbnailUrl\":\"https:\/\/www.lamaisondesesprits.com\/wp-content\/uploads\/2026\/03\/image-1024x541.png\",\"datePublished\":\"2026-03-31T15:13:39+00:00\",\"dateModified\":\"2026-03-31T15:16:39+00:00\",\"breadcrumb\":{\"@id\":\"https:\/\/www.lamaisondesesprits.com\/index.php\/ou-sommes-nous\/#breadcrumb\"},\"inLanguage\":\"en-US\",\"potentialAction\":[{\"@type\":\"ReadAction\",\"target\":[\"https:\/\/www.lamaisondesesprits.com\/index.php\/ou-sommes-nous\/\"]}]},{\"@type\":\"ImageObject\",\"inLanguage\":\"en-US\",\"@id\":\"https:\/\/www.lamaisondesesprits.com\/index.php\/ou-sommes-nous\/#primaryimage\",\"url\":\"https:\/\/www.lamaisondesesprits.com\/wp-content\/uploads\/2026\/03\/image.png\",\"contentUrl\":\"https:\/\/www.lamaisondesesprits.com\/wp-content\/uploads\/2026\/03\/image.png\",\"width\":1596,\"height\":843},{\"@type\":\"BreadcrumbList\",\"@id\":\"https:\/\/www.lamaisondesesprits.com\/index.php\/ou-sommes-nous\/#breadcrumb\",\"itemListElement\":[{\"@type\":\"ListItem\",\"position\":1,\"name\":\"Accueil\",\"item\":\"https:\/\/www.lamaisondesesprits.com\/\"},{\"@type\":\"ListItem\",\"position\":2,\"name\":\"O\u00f9 sommes nous?\"}]},{\"@type\":\"WebSite\",\"@id\":\"https:\/\/www.lamaisondesesprits.com\/#website\",\"url\":\"https:\/\/www.lamaisondesesprits.com\/\",\"name\":\"La maison des Esprits\",\"description\":\"&quot; Vous \u00eates au bon endroit &quot;\",\"potentialAction\":[{\"@type\":\"SearchAction\",\"target\":{\"@type\":\"EntryPoint\",\"urlTemplate\":\"https:\/\/www.lamaisondesesprits.com\/?s={search_term_string}\"},\"query-input\":{\"@type\":\"PropertyValueSpecification\",\"valueRequired\":true,\"valueName\":\"search_term_string\"}}],\"inLanguage\":\"en-US\"}]}<\/script>\n<!-- \/ Yoast SEO plugin. -->","yoast_head_json":{"title":"O\u00f9 sommes nous? - La maison des Esprits","robots":{"index":"index","follow":"follow","max-snippet":"max-snippet:-1","max-image-preview":"max-image-preview:large","max-video-preview":"max-video-preview:-1"},"canonical":"https:\/\/www.lamaisondesesprits.com\/index.php\/ou-sommes-nous\/","og_locale":"en_US","og_type":"article","og_title":"O\u00f9 sommes nous? - La maison des Esprits","og_description":"La Maison des Esprits est n\u00e9e dans le Sud de la France, dans la ville de Ollioules dans le Var. Depuis elle a form\u00e9e de nombreux professionnels qui ont \u00e0 leur tour ouvert des antennes sur d&#8217;autres r\u00e9gions de France et en Belgique.","og_url":"https:\/\/www.lamaisondesesprits.com\/index.php\/ou-sommes-nous\/","og_site_name":"La maison des Esprits","article_publisher":"https:\/\/www.facebook.com\/profile.php?id=61556472309041","article_modified_time":"2026-03-31T15:16:39+00:00","og_image":[{"url":"https:\/\/www.lamaisondesesprits.com\/wp-content\/uploads\/2026\/03\/image-1024x541.png"}],"twitter_card":"summary_large_image","twitter_misc":{"Est. reading time":"1 minute"},"schema":{"@context":"https:\/\/schema.org","@graph":[{"@type":"WebPage","@id":"https:\/\/www.lamaisondesesprits.com\/index.php\/ou-sommes-nous\/","url":"https:\/\/www.lamaisondesesprits.com\/index.php\/ou-sommes-nous\/","name":"O\u00f9 sommes nous? - La maison des Esprits","isPartOf":{"@id":"https:\/\/www.lamaisondesesprits.com\/#website"},"primaryImageOfPage":{"@id":"https:\/\/www.lamaisondesesprits.com\/index.php\/ou-sommes-nous\/#primaryimage"},"image":{"@id":"https:\/\/www.lamaisondesesprits.com\/index.php\/ou-sommes-nous\/#primaryimage"},"thumbnailUrl":"https:\/\/www.lamaisondesesprits.com\/wp-content\/uploads\/2026\/03\/image-1024x541.png","datePublished":"2026-03-31T15:13:39+00:00","dateModified":"2026-03-31T15:16:39+00:00","breadcrumb":{"@id":"https:\/\/www.lamaisondesesprits.com\/index.php\/ou-sommes-nous\/#breadcrumb"},"inLanguage":"en-US","potentialAction":[{"@type":"ReadAction","target":["https:\/\/www.lamaisondesesprits.com\/index.php\/ou-sommes-nous\/"]}]},{"@type":"ImageObject","inLanguage":"en-US","@id":"https:\/\/www.lamaisondesesprits.com\/index.php\/ou-sommes-nous\/#primaryimage","url":"https:\/\/www.lamaisondesesprits.com\/wp-content\/uploads\/2026\/03\/image.png","contentUrl":"https:\/\/www.lamaisondesesprits.com\/wp-content\/uploads\/2026\/03\/image.png","width":1596,"height":843},{"@type":"BreadcrumbList","@id":"https:\/\/www.lamaisondesesprits.com\/index.php\/ou-sommes-nous\/#breadcrumb","itemListElement":[{"@type":"ListItem","position":1,"name":"Accueil","item":"https:\/\/www.lamaisondesesprits.com\/"},{"@type":"ListItem","position":2,"name":"O\u00f9 sommes nous?"}]},{"@type":"WebSite","@id":"https:\/\/www.lamaisondesesprits.com\/#website","url":"https:\/\/www.lamaisondesesprits.com\/","name":"La maison des Esprits","description":"&quot; Vous \u00eates au bon endroit &quot;","potentialAction":[{"@type":"SearchAction","target":{"@type":"EntryPoint","urlTemplate":"https:\/\/www.lamaisondesesprits.com\/?s={search_term_string}"},"query-input":{"@type":"PropertyValueSpecification","valueRequired":true,"valueName":"search_term_string"}}],"inLanguage":"en-US"}]}},"_links":{"self":[{"href":"https:\/\/www.lamaisondesesprits.com\/index.php\/wp-json\/wp\/v2\/pages\/2339","targetHints":{"allow":["GET"]}}],"collection":[{"href":"https:\/\/www.lamaisondesesprits.com\/index.php\/wp-json\/wp\/v2\/pages"}],"about":[{"href":"https:\/\/www.lamaisondesesprits.com\/index.php\/wp-json\/wp\/v2\/types\/page"}],"author":[{"embeddable":true,"href":"https:\/\/www.lamaisondesesprits.com\/index.php\/wp-json\/wp\/v2\/users\/2"}],"replies":[{"embeddable":true,"href":"https:\/\/www.lamaisondesesprits.com\/index.php\/wp-json\/wp\/v2\/comments?post=2339"}],"version-history":[{"count":3,"href":"https:\/\/www.lamaisondesesprits.com\/index.php\/wp-json\/wp\/v2\/pages\/2339\/revisions"}],"predecessor-version":[{"id":2344,"href":"https:\/\/www.lamaisondesesprits.com\/index.php\/wp-json\/wp\/v2\/pages\/2339\/revisions\/2344"}],"wp:attachment":[{"href":"https:\/\/www.lamaisondesesprits.com\/index.php\/wp-json\/wp\/v2\/media?parent=2339"}],"curies":[{"name":"wp","href":"https:\/\/api.w.org\/{rel}","templated":true}]}}