{"id":2325,"date":"2026-03-27T11:47:57","date_gmt":"2026-03-27T10:47:57","guid":{"rendered":"https:\/\/www.lamaisondesesprits.com\/?page_id=2325"},"modified":"2026-04-01T18:46:04","modified_gmt":"2026-04-01T16:46:04","slug":"soiree-speciale-emi-obe-experiences-extraordinaires","status":"publish","type":"page","link":"https:\/\/www.lamaisondesesprits.com\/index.php\/soiree-speciale-emi-obe-experiences-extraordinaires\/","title":{"rendered":"Soir\u00e9e sp\u00e9ciale EMI\/OBE\/Exp\u00e9riences extraordinaires"},"content":{"rendered":"\n<p>le 31\/03\/2026<\/p>\n\n\n<div class=\"wp-block-image\">\n<figure class=\"aligncenter size-large\"><img fetchpriority=\"high\" decoding=\"async\" width=\"683\" height=\"1024\" src=\"http:\/\/www.lamaisondesesprits.com\/wp-content\/uploads\/2026\/03\/affiche-EMI-683x1024.png\" alt=\"\" class=\"wp-image-2326\" srcset=\"https:\/\/www.lamaisondesesprits.com\/wp-content\/uploads\/2026\/03\/affiche-EMI-683x1024.png 683w, https:\/\/www.lamaisondesesprits.com\/wp-content\/uploads\/2026\/03\/affiche-EMI-200x300.png 200w, https:\/\/www.lamaisondesesprits.com\/wp-content\/uploads\/2026\/03\/affiche-EMI-768x1152.png 768w, https:\/\/www.lamaisondesesprits.com\/wp-content\/uploads\/2026\/03\/affiche-EMI.png 1024w\" sizes=\"(max-width: 683px) 100vw, 683px\" \/><\/figure>\n<\/div>\n\n\n<p class=\"has-text-align-center\">La soir\u00e9e ayant d\u00e9j\u00e0 eu lieu le replay est ici : <\/p>\n\n\n\n<figure class=\"wp-block-video\"><video height=\"1080\" style=\"aspect-ratio: 1920 \/ 1080;\" width=\"1920\" controls src=\"http:\/\/www.lamaisondesesprits.com\/wp-content\/uploads\/2026\/04\/Soiree-EMI-OBE.mp4\"><\/video><\/figure>\n\n\n\n<p><\/p>\n","protected":false},"excerpt":{"rendered":"<p>le 31\/03\/2026 La soir\u00e9e ayant d\u00e9j\u00e0 eu lieu le replay est ici :<\/p>\n","protected":false},"author":1,"featured_media":0,"parent":0,"menu_order":0,"comment_status":"closed","ping_status":"closed","template":"","meta":{"footnotes":""},"class_list":["post-2325","page","type-page","status-publish","hentry"],"yoast_head":"<!-- This site is optimized with the Yoast SEO plugin v23.4 - https:\/\/yoast.com\/wordpress\/plugins\/seo\/ -->\n<title>Soir\u00e9e sp\u00e9ciale EMI\/OBE\/Exp\u00e9riences extraordinaires - La maison des Esprits<\/title>\n<meta name=\"robots\" content=\"index, follow, max-snippet:-1, max-image-preview:large, max-video-preview:-1\" \/>\n<link rel=\"canonical\" href=\"https:\/\/www.lamaisondesesprits.com\/index.php\/soiree-speciale-emi-obe-experiences-extraordinaires\/\" \/>\n<meta property=\"og:locale\" content=\"en_US\" \/>\n<meta property=\"og:type\" content=\"article\" \/>\n<meta property=\"og:title\" content=\"Soir\u00e9e sp\u00e9ciale EMI\/OBE\/Exp\u00e9riences extraordinaires - La maison des Esprits\" \/>\n<meta property=\"og:description\" content=\"le 31\/03\/2026 La soir\u00e9e ayant d\u00e9j\u00e0 eu lieu le replay est ici :\" \/>\n<meta property=\"og:url\" content=\"https:\/\/www.lamaisondesesprits.com\/index.php\/soiree-speciale-emi-obe-experiences-extraordinaires\/\" \/>\n<meta property=\"og:site_name\" content=\"La maison des Esprits\" \/>\n<meta property=\"article:publisher\" content=\"https:\/\/www.facebook.com\/profile.php?id=61556472309041\" \/>\n<meta property=\"article:modified_time\" content=\"2026-04-01T16:46:04+00:00\" \/>\n<meta property=\"og:image\" content=\"http:\/\/www.lamaisondesesprits.com\/wp-content\/uploads\/2026\/03\/affiche-EMI-683x1024.png\" \/>\n<meta name=\"twitter:card\" content=\"summary_large_image\" \/>\n<meta name=\"twitter:label1\" content=\"Est. reading time\" \/>\n\t<meta name=\"twitter:data1\" content=\"1 minute\" \/>\n<script type=\"application\/ld+json\" class=\"yoast-schema-graph\">{\"@context\":\"https:\/\/schema.org\",\"@graph\":[{\"@type\":\"WebPage\",\"@id\":\"https:\/\/www.lamaisondesesprits.com\/index.php\/soiree-speciale-emi-obe-experiences-extraordinaires\/\",\"url\":\"https:\/\/www.lamaisondesesprits.com\/index.php\/soiree-speciale-emi-obe-experiences-extraordinaires\/\",\"name\":\"Soir\u00e9e sp\u00e9ciale EMI\/OBE\/Exp\u00e9riences extraordinaires - La maison des Esprits\",\"isPartOf\":{\"@id\":\"https:\/\/www.lamaisondesesprits.com\/#website\"},\"primaryImageOfPage\":{\"@id\":\"https:\/\/www.lamaisondesesprits.com\/index.php\/soiree-speciale-emi-obe-experiences-extraordinaires\/#primaryimage\"},\"image\":{\"@id\":\"https:\/\/www.lamaisondesesprits.com\/index.php\/soiree-speciale-emi-obe-experiences-extraordinaires\/#primaryimage\"},\"thumbnailUrl\":\"http:\/\/www.lamaisondesesprits.com\/wp-content\/uploads\/2026\/03\/affiche-EMI-683x1024.png\",\"datePublished\":\"2026-03-27T10:47:57+00:00\",\"dateModified\":\"2026-04-01T16:46:04+00:00\",\"breadcrumb\":{\"@id\":\"https:\/\/www.lamaisondesesprits.com\/index.php\/soiree-speciale-emi-obe-experiences-extraordinaires\/#breadcrumb\"},\"inLanguage\":\"en-US\",\"potentialAction\":[{\"@type\":\"ReadAction\",\"target\":[\"https:\/\/www.lamaisondesesprits.com\/index.php\/soiree-speciale-emi-obe-experiences-extraordinaires\/\"]}]},{\"@type\":\"ImageObject\",\"inLanguage\":\"en-US\",\"@id\":\"https:\/\/www.lamaisondesesprits.com\/index.php\/soiree-speciale-emi-obe-experiences-extraordinaires\/#primaryimage\",\"url\":\"https:\/\/www.lamaisondesesprits.com\/wp-content\/uploads\/2026\/03\/affiche-EMI.png\",\"contentUrl\":\"https:\/\/www.lamaisondesesprits.com\/wp-content\/uploads\/2026\/03\/affiche-EMI.png\",\"width\":1024,\"height\":1536},{\"@type\":\"BreadcrumbList\",\"@id\":\"https:\/\/www.lamaisondesesprits.com\/index.php\/soiree-speciale-emi-obe-experiences-extraordinaires\/#breadcrumb\",\"itemListElement\":[{\"@type\":\"ListItem\",\"position\":1,\"name\":\"Accueil\",\"item\":\"https:\/\/www.lamaisondesesprits.com\/\"},{\"@type\":\"ListItem\",\"position\":2,\"name\":\"Soir\u00e9e sp\u00e9ciale EMI\/OBE\/Exp\u00e9riences extraordinaires\"}]},{\"@type\":\"WebSite\",\"@id\":\"https:\/\/www.lamaisondesesprits.com\/#website\",\"url\":\"https:\/\/www.lamaisondesesprits.com\/\",\"name\":\"La maison des Esprits\",\"description\":\"&quot; Vous \u00eates au bon endroit &quot;\",\"potentialAction\":[{\"@type\":\"SearchAction\",\"target\":{\"@type\":\"EntryPoint\",\"urlTemplate\":\"https:\/\/www.lamaisondesesprits.com\/?s={search_term_string}\"},\"query-input\":{\"@type\":\"PropertyValueSpecification\",\"valueRequired\":true,\"valueName\":\"search_term_string\"}}],\"inLanguage\":\"en-US\"}]}<\/script>\n<!-- \/ Yoast SEO plugin. -->","yoast_head_json":{"title":"Soir\u00e9e sp\u00e9ciale EMI\/OBE\/Exp\u00e9riences extraordinaires - La maison des Esprits","robots":{"index":"index","follow":"follow","max-snippet":"max-snippet:-1","max-image-preview":"max-image-preview:large","max-video-preview":"max-video-preview:-1"},"canonical":"https:\/\/www.lamaisondesesprits.com\/index.php\/soiree-speciale-emi-obe-experiences-extraordinaires\/","og_locale":"en_US","og_type":"article","og_title":"Soir\u00e9e sp\u00e9ciale EMI\/OBE\/Exp\u00e9riences extraordinaires - La maison des Esprits","og_description":"le 31\/03\/2026 La soir\u00e9e ayant d\u00e9j\u00e0 eu lieu le replay est ici :","og_url":"https:\/\/www.lamaisondesesprits.com\/index.php\/soiree-speciale-emi-obe-experiences-extraordinaires\/","og_site_name":"La maison des Esprits","article_publisher":"https:\/\/www.facebook.com\/profile.php?id=61556472309041","article_modified_time":"2026-04-01T16:46:04+00:00","og_image":[{"url":"http:\/\/www.lamaisondesesprits.com\/wp-content\/uploads\/2026\/03\/affiche-EMI-683x1024.png"}],"twitter_card":"summary_large_image","twitter_misc":{"Est. reading time":"1 minute"},"schema":{"@context":"https:\/\/schema.org","@graph":[{"@type":"WebPage","@id":"https:\/\/www.lamaisondesesprits.com\/index.php\/soiree-speciale-emi-obe-experiences-extraordinaires\/","url":"https:\/\/www.lamaisondesesprits.com\/index.php\/soiree-speciale-emi-obe-experiences-extraordinaires\/","name":"Soir\u00e9e sp\u00e9ciale EMI\/OBE\/Exp\u00e9riences extraordinaires - La maison des Esprits","isPartOf":{"@id":"https:\/\/www.lamaisondesesprits.com\/#website"},"primaryImageOfPage":{"@id":"https:\/\/www.lamaisondesesprits.com\/index.php\/soiree-speciale-emi-obe-experiences-extraordinaires\/#primaryimage"},"image":{"@id":"https:\/\/www.lamaisondesesprits.com\/index.php\/soiree-speciale-emi-obe-experiences-extraordinaires\/#primaryimage"},"thumbnailUrl":"http:\/\/www.lamaisondesesprits.com\/wp-content\/uploads\/2026\/03\/affiche-EMI-683x1024.png","datePublished":"2026-03-27T10:47:57+00:00","dateModified":"2026-04-01T16:46:04+00:00","breadcrumb":{"@id":"https:\/\/www.lamaisondesesprits.com\/index.php\/soiree-speciale-emi-obe-experiences-extraordinaires\/#breadcrumb"},"inLanguage":"en-US","potentialAction":[{"@type":"ReadAction","target":["https:\/\/www.lamaisondesesprits.com\/index.php\/soiree-speciale-emi-obe-experiences-extraordinaires\/"]}]},{"@type":"ImageObject","inLanguage":"en-US","@id":"https:\/\/www.lamaisondesesprits.com\/index.php\/soiree-speciale-emi-obe-experiences-extraordinaires\/#primaryimage","url":"https:\/\/www.lamaisondesesprits.com\/wp-content\/uploads\/2026\/03\/affiche-EMI.png","contentUrl":"https:\/\/www.lamaisondesesprits.com\/wp-content\/uploads\/2026\/03\/affiche-EMI.png","width":1024,"height":1536},{"@type":"BreadcrumbList","@id":"https:\/\/www.lamaisondesesprits.com\/index.php\/soiree-speciale-emi-obe-experiences-extraordinaires\/#breadcrumb","itemListElement":[{"@type":"ListItem","position":1,"name":"Accueil","item":"https:\/\/www.lamaisondesesprits.com\/"},{"@type":"ListItem","position":2,"name":"Soir\u00e9e sp\u00e9ciale EMI\/OBE\/Exp\u00e9riences extraordinaires"}]},{"@type":"WebSite","@id":"https:\/\/www.lamaisondesesprits.com\/#website","url":"https:\/\/www.lamaisondesesprits.com\/","name":"La maison des Esprits","description":"&quot; Vous \u00eates au bon endroit &quot;","potentialAction":[{"@type":"SearchAction","target":{"@type":"EntryPoint","urlTemplate":"https:\/\/www.lamaisondesesprits.com\/?s={search_term_string}"},"query-input":{"@type":"PropertyValueSpecification","valueRequired":true,"valueName":"search_term_string"}}],"inLanguage":"en-US"}]}},"_links":{"self":[{"href":"https:\/\/www.lamaisondesesprits.com\/index.php\/wp-json\/wp\/v2\/pages\/2325","targetHints":{"allow":["GET"]}}],"collection":[{"href":"https:\/\/www.lamaisondesesprits.com\/index.php\/wp-json\/wp\/v2\/pages"}],"about":[{"href":"https:\/\/www.lamaisondesesprits.com\/index.php\/wp-json\/wp\/v2\/types\/page"}],"author":[{"embeddable":true,"href":"https:\/\/www.lamaisondesesprits.com\/index.php\/wp-json\/wp\/v2\/users\/1"}],"replies":[{"embeddable":true,"href":"https:\/\/www.lamaisondesesprits.com\/index.php\/wp-json\/wp\/v2\/comments?post=2325"}],"version-history":[{"count":6,"href":"https:\/\/www.lamaisondesesprits.com\/index.php\/wp-json\/wp\/v2\/pages\/2325\/revisions"}],"predecessor-version":[{"id":2352,"href":"https:\/\/www.lamaisondesesprits.com\/index.php\/wp-json\/wp\/v2\/pages\/2325\/revisions\/2352"}],"wp:attachment":[{"href":"https:\/\/www.lamaisondesesprits.com\/index.php\/wp-json\/wp\/v2\/media?parent=2325"}],"curies":[{"name":"wp","href":"https:\/\/api.w.org\/{rel}","templated":true}]}}