{"id":2120,"date":"2026-02-08T18:56:20","date_gmt":"2026-02-08T17:56:20","guid":{"rendered":"https:\/\/www.lamaisondesesprits.com\/?page_id=2120"},"modified":"2026-02-08T19:07:16","modified_gmt":"2026-02-08T18:07:16","slug":"degagements-et-nettoyage-energetique-des-maisons","status":"publish","type":"page","link":"https:\/\/www.lamaisondesesprits.com\/index.php\/degagements-et-nettoyage-energetique-des-maisons\/","title":{"rendered":"D\u00e9gagements et Nettoyage Energ\u00e9tique des Maisons"},"content":{"rendered":"\n<div class=\"wp-block-cover\" style=\"min-height:285px;aspect-ratio:unset;\"><img fetchpriority=\"high\" decoding=\"async\" width=\"683\" height=\"1024\" class=\"wp-block-cover__image-background wp-image-2126 size-large\" alt=\"\" src=\"https:\/\/www.lamaisondesesprits.com\/wp-content\/uploads\/2026\/02\/maison-683x1024.png\" data-object-fit=\"cover\" srcset=\"https:\/\/www.lamaisondesesprits.com\/wp-content\/uploads\/2026\/02\/maison-683x1024.png 683w, https:\/\/www.lamaisondesesprits.com\/wp-content\/uploads\/2026\/02\/maison-200x300.png 200w, https:\/\/www.lamaisondesesprits.com\/wp-content\/uploads\/2026\/02\/maison-768x1152.png 768w, https:\/\/www.lamaisondesesprits.com\/wp-content\/uploads\/2026\/02\/maison.png 1024w\" sizes=\"(max-width: 683px) 100vw, 683px\" \/><span aria-hidden=\"true\" class=\"wp-block-cover__background has-background-dim\" style=\"background-color:#8c5d3e\"><\/span><div class=\"wp-block-cover__inner-container is-layout-constrained wp-block-cover-is-layout-constrained\">\n<p class=\"has-text-align-center has-large-font-size\">D\u00e9gagement et Nettoyage Energ\u00e9tique des Maisons<\/p>\n<\/div><\/div>\n\n\n\n<h2 class=\"wp-block-heading\"><strong>Nettoyage \u00e9nerg\u00e9tique de lieux<\/strong><\/h2>\n\n\n\n<p>La <strong>Maison des Esprits<\/strong> est compos\u00e9e de <strong>m\u00e9diums qualifi\u00e9s<\/strong>, habitu\u00e9s \u00e0 intervenir sur des probl\u00e9matiques li\u00e9es aux lieux de vie. Notre r\u00f4le est d\u2019identifier, comprendre et r\u00e9\u00e9quilibrer ce qui perturbe l\u2019harmonie d\u2019un espace, toujours avec s\u00e9rieux, respect et discr\u00e9tion.<\/p>\n\n\n\n<h3 class=\"wp-block-heading\"><strong>Quand faire appel \u00e0 un nettoyage \u00e9nerg\u00e9tique ?<\/strong><\/h3>\n\n\n\n<p>On fait g\u00e9n\u00e9ralement appel \u00e0 un nettoyage \u00e9nerg\u00e9tique lorsque l\u2019on ressent, chez soi, un <strong>mal-\u00eatre persistant<\/strong> sans cause \u00e9vidente.<br>Cela peut se manifester de diff\u00e9rentes fa\u00e7ons :<\/p>\n\n\n\n<ul class=\"wp-block-list\">\n<li>une sensation de g\u00eane ou d\u2019oppression dans certaines pi\u00e8ces<\/li>\n\n\n\n<li>des <strong>angoisses r\u00e9currentes \u00e0 la maison<\/strong>, sans raison identifiable<\/li>\n\n\n\n<li>des <strong>troubles du sommeil<\/strong>, r\u00e9veils nocturnes fr\u00e9quents, impressions de pr\u00e9sence<\/li>\n\n\n\n<li>des enfants qui disent voir ou ressentir des choses inhabituelles<\/li>\n\n\n\n<li>une atmosph\u00e8re lourde, tendue ou anxiog\u00e8ne<\/li>\n\n\n\n<li>des ph\u00e9nom\u00e8nes inexpliqu\u00e9s ou des ressentis inhabituels<\/li>\n<\/ul>\n\n\n\n<p>Ces situations peuvent \u00eatre d\u00e9stabilisantes, parfois inqui\u00e9tantes, mais elles ne sont <strong>ni rares, ni honteuses<\/strong>. Elles ne doivent pas \u00eatre subies.<\/p>\n\n\n\n<h3 class=\"wp-block-heading\"><strong>Une intervention respectueuse et adapt\u00e9e<\/strong><\/h3>\n\n\n\n<p>\u00c0 la Maison des Esprits, nous intervenons avec une approche <strong>calme, pos\u00e9e et adapt\u00e9e \u00e0 chaque situation<\/strong>. L\u2019objectif n\u2019est jamais d\u2019effrayer ou d\u2019interpr\u00e9ter \u00e0 l\u2019exc\u00e8s, mais de <strong>restaurer un \u00e9quilibre<\/strong>, d\u2019apaiser l\u2019atmosph\u00e8re et de permettre aux occupants de retrouver un lieu de vie serein.<\/p>\n\n\n\n<p>Chaque intervention est men\u00e9e avec discernement, dans le respect des personnes, du lieu et de ce qui s\u2019y manifeste.<\/p>\n\n\n\n<h3 class=\"wp-block-heading\"><strong>Vous n\u2019\u00eates pas seul(e)<\/strong><\/h3>\n\n\n\n<p>Si vous vivez ce type de situation, il est important de savoir que <strong>vous n\u2019avez pas \u00e0 g\u00e9rer cela seul(e)<\/strong>.<br>La Maison des Esprits est l\u00e0 pour vous accompagner et prendre en charge ces probl\u00e9matiques, afin que votre lieu de vie redevienne un espace s\u00fbr, apaisant et \u00e9quilibr\u00e9.<\/p>\n\n\n<div class=\"wp-block-image\">\n<figure class=\"aligncenter size-large is-resized\"><a href=\"https:\/\/www.lamaisondesesprits.com\/index.php\/reseaux-et-contact\/\"><img decoding=\"async\" width=\"1024\" height=\"683\" src=\"http:\/\/www.lamaisondesesprits.com\/wp-content\/uploads\/2026\/02\/contact-mde-1024x683.png\" alt=\"\" class=\"wp-image-1991\" style=\"aspect-ratio:1.4992874769733413;width:458px;height:auto\" srcset=\"https:\/\/www.lamaisondesesprits.com\/wp-content\/uploads\/2026\/02\/contact-mde-1024x683.png 1024w, https:\/\/www.lamaisondesesprits.com\/wp-content\/uploads\/2026\/02\/contact-mde-300x200.png 300w, https:\/\/www.lamaisondesesprits.com\/wp-content\/uploads\/2026\/02\/contact-mde-768x512.png 768w, https:\/\/www.lamaisondesesprits.com\/wp-content\/uploads\/2026\/02\/contact-mde.png 1536w\" sizes=\"(max-width: 706px) 89vw, (max-width: 767px) 82vw, 740px\" \/><\/a><\/figure>\n<\/div>","protected":false},"excerpt":{"rendered":"<p>Nettoyage \u00e9nerg\u00e9tique de lieux La Maison des Esprits est compos\u00e9e de m\u00e9diums qualifi\u00e9s, habitu\u00e9s \u00e0 intervenir sur des probl\u00e9matiques li\u00e9es aux lieux de vie. Notre r\u00f4le est d\u2019identifier, comprendre et r\u00e9\u00e9quilibrer ce qui perturbe l\u2019harmonie d\u2019un espace, toujours avec s\u00e9rieux, respect et discr\u00e9tion. Quand faire appel \u00e0 un nettoyage \u00e9nerg\u00e9tique ? On fait g\u00e9n\u00e9ralement appel &hellip; <\/p>\n<p class=\"link-more\"><a href=\"https:\/\/www.lamaisondesesprits.com\/index.php\/degagements-et-nettoyage-energetique-des-maisons\/\" class=\"more-link\">Continue reading<span class=\"screen-reader-text\"> &#8220;D\u00e9gagements et Nettoyage Energ\u00e9tique des Maisons&#8221;<\/span><\/a><\/p>\n","protected":false},"author":2,"featured_media":0,"parent":0,"menu_order":0,"comment_status":"closed","ping_status":"closed","template":"","meta":{"footnotes":""},"class_list":["post-2120","page","type-page","status-publish","hentry"],"yoast_head":"<!-- This site is optimized with the Yoast SEO plugin v23.4 - https:\/\/yoast.com\/wordpress\/plugins\/seo\/ -->\n<title>D\u00e9gagements et Nettoyage Energ\u00e9tique des Maisons - La maison des Esprits<\/title>\n<meta name=\"robots\" content=\"index, follow, max-snippet:-1, max-image-preview:large, max-video-preview:-1\" \/>\n<link rel=\"canonical\" href=\"https:\/\/www.lamaisondesesprits.com\/index.php\/degagements-et-nettoyage-energetique-des-maisons\/\" \/>\n<meta property=\"og:locale\" content=\"en_US\" \/>\n<meta property=\"og:type\" content=\"article\" \/>\n<meta property=\"og:title\" content=\"D\u00e9gagements et Nettoyage Energ\u00e9tique des Maisons - La maison des Esprits\" \/>\n<meta property=\"og:description\" content=\"Nettoyage \u00e9nerg\u00e9tique de lieux La Maison des Esprits est compos\u00e9e de m\u00e9diums qualifi\u00e9s, habitu\u00e9s \u00e0 intervenir sur des probl\u00e9matiques li\u00e9es aux lieux de vie. Notre r\u00f4le est d\u2019identifier, comprendre et r\u00e9\u00e9quilibrer ce qui perturbe l\u2019harmonie d\u2019un espace, toujours avec s\u00e9rieux, respect et discr\u00e9tion. Quand faire appel \u00e0 un nettoyage \u00e9nerg\u00e9tique ? On fait g\u00e9n\u00e9ralement appel &hellip; Continue reading &quot;D\u00e9gagements et Nettoyage Energ\u00e9tique des Maisons&quot;\" \/>\n<meta property=\"og:url\" content=\"https:\/\/www.lamaisondesesprits.com\/index.php\/degagements-et-nettoyage-energetique-des-maisons\/\" \/>\n<meta property=\"og:site_name\" content=\"La maison des Esprits\" \/>\n<meta property=\"article:publisher\" content=\"https:\/\/www.facebook.com\/profile.php?id=61556472309041\" \/>\n<meta property=\"article:modified_time\" content=\"2026-02-08T18:07:16+00:00\" \/>\n<meta property=\"og:image\" content=\"https:\/\/www.lamaisondesesprits.com\/wp-content\/uploads\/2026\/02\/maison-683x1024.png\" \/>\n<meta name=\"twitter:card\" content=\"summary_large_image\" \/>\n<meta name=\"twitter:label1\" content=\"Est. reading time\" \/>\n\t<meta name=\"twitter:data1\" content=\"2 minutes\" \/>\n<script type=\"application\/ld+json\" class=\"yoast-schema-graph\">{\"@context\":\"https:\/\/schema.org\",\"@graph\":[{\"@type\":\"WebPage\",\"@id\":\"https:\/\/www.lamaisondesesprits.com\/index.php\/degagements-et-nettoyage-energetique-des-maisons\/\",\"url\":\"https:\/\/www.lamaisondesesprits.com\/index.php\/degagements-et-nettoyage-energetique-des-maisons\/\",\"name\":\"D\u00e9gagements et Nettoyage Energ\u00e9tique des Maisons - La maison des Esprits\",\"isPartOf\":{\"@id\":\"https:\/\/www.lamaisondesesprits.com\/#website\"},\"primaryImageOfPage\":{\"@id\":\"https:\/\/www.lamaisondesesprits.com\/index.php\/degagements-et-nettoyage-energetique-des-maisons\/#primaryimage\"},\"image\":{\"@id\":\"https:\/\/www.lamaisondesesprits.com\/index.php\/degagements-et-nettoyage-energetique-des-maisons\/#primaryimage\"},\"thumbnailUrl\":\"https:\/\/www.lamaisondesesprits.com\/wp-content\/uploads\/2026\/02\/maison-683x1024.png\",\"datePublished\":\"2026-02-08T17:56:20+00:00\",\"dateModified\":\"2026-02-08T18:07:16+00:00\",\"breadcrumb\":{\"@id\":\"https:\/\/www.lamaisondesesprits.com\/index.php\/degagements-et-nettoyage-energetique-des-maisons\/#breadcrumb\"},\"inLanguage\":\"en-US\",\"potentialAction\":[{\"@type\":\"ReadAction\",\"target\":[\"https:\/\/www.lamaisondesesprits.com\/index.php\/degagements-et-nettoyage-energetique-des-maisons\/\"]}]},{\"@type\":\"ImageObject\",\"inLanguage\":\"en-US\",\"@id\":\"https:\/\/www.lamaisondesesprits.com\/index.php\/degagements-et-nettoyage-energetique-des-maisons\/#primaryimage\",\"url\":\"https:\/\/www.lamaisondesesprits.com\/wp-content\/uploads\/2026\/02\/maison.png\",\"contentUrl\":\"https:\/\/www.lamaisondesesprits.com\/wp-content\/uploads\/2026\/02\/maison.png\",\"width\":1024,\"height\":1536},{\"@type\":\"BreadcrumbList\",\"@id\":\"https:\/\/www.lamaisondesesprits.com\/index.php\/degagements-et-nettoyage-energetique-des-maisons\/#breadcrumb\",\"itemListElement\":[{\"@type\":\"ListItem\",\"position\":1,\"name\":\"Accueil\",\"item\":\"https:\/\/www.lamaisondesesprits.com\/\"},{\"@type\":\"ListItem\",\"position\":2,\"name\":\"D\u00e9gagements et Nettoyage Energ\u00e9tique des Maisons\"}]},{\"@type\":\"WebSite\",\"@id\":\"https:\/\/www.lamaisondesesprits.com\/#website\",\"url\":\"https:\/\/www.lamaisondesesprits.com\/\",\"name\":\"La maison des Esprits\",\"description\":\"&quot; Vous \u00eates au bon endroit &quot;\",\"potentialAction\":[{\"@type\":\"SearchAction\",\"target\":{\"@type\":\"EntryPoint\",\"urlTemplate\":\"https:\/\/www.lamaisondesesprits.com\/?s={search_term_string}\"},\"query-input\":{\"@type\":\"PropertyValueSpecification\",\"valueRequired\":true,\"valueName\":\"search_term_string\"}}],\"inLanguage\":\"en-US\"}]}<\/script>\n<!-- \/ Yoast SEO plugin. -->","yoast_head_json":{"title":"D\u00e9gagements et Nettoyage Energ\u00e9tique des Maisons - La maison des Esprits","robots":{"index":"index","follow":"follow","max-snippet":"max-snippet:-1","max-image-preview":"max-image-preview:large","max-video-preview":"max-video-preview:-1"},"canonical":"https:\/\/www.lamaisondesesprits.com\/index.php\/degagements-et-nettoyage-energetique-des-maisons\/","og_locale":"en_US","og_type":"article","og_title":"D\u00e9gagements et Nettoyage Energ\u00e9tique des Maisons - La maison des Esprits","og_description":"Nettoyage \u00e9nerg\u00e9tique de lieux La Maison des Esprits est compos\u00e9e de m\u00e9diums qualifi\u00e9s, habitu\u00e9s \u00e0 intervenir sur des probl\u00e9matiques li\u00e9es aux lieux de vie. Notre r\u00f4le est d\u2019identifier, comprendre et r\u00e9\u00e9quilibrer ce qui perturbe l\u2019harmonie d\u2019un espace, toujours avec s\u00e9rieux, respect et discr\u00e9tion. Quand faire appel \u00e0 un nettoyage \u00e9nerg\u00e9tique ? On fait g\u00e9n\u00e9ralement appel &hellip; Continue reading \"D\u00e9gagements et Nettoyage Energ\u00e9tique des Maisons\"","og_url":"https:\/\/www.lamaisondesesprits.com\/index.php\/degagements-et-nettoyage-energetique-des-maisons\/","og_site_name":"La maison des Esprits","article_publisher":"https:\/\/www.facebook.com\/profile.php?id=61556472309041","article_modified_time":"2026-02-08T18:07:16+00:00","og_image":[{"url":"https:\/\/www.lamaisondesesprits.com\/wp-content\/uploads\/2026\/02\/maison-683x1024.png"}],"twitter_card":"summary_large_image","twitter_misc":{"Est. reading time":"2 minutes"},"schema":{"@context":"https:\/\/schema.org","@graph":[{"@type":"WebPage","@id":"https:\/\/www.lamaisondesesprits.com\/index.php\/degagements-et-nettoyage-energetique-des-maisons\/","url":"https:\/\/www.lamaisondesesprits.com\/index.php\/degagements-et-nettoyage-energetique-des-maisons\/","name":"D\u00e9gagements et Nettoyage Energ\u00e9tique des Maisons - La maison des Esprits","isPartOf":{"@id":"https:\/\/www.lamaisondesesprits.com\/#website"},"primaryImageOfPage":{"@id":"https:\/\/www.lamaisondesesprits.com\/index.php\/degagements-et-nettoyage-energetique-des-maisons\/#primaryimage"},"image":{"@id":"https:\/\/www.lamaisondesesprits.com\/index.php\/degagements-et-nettoyage-energetique-des-maisons\/#primaryimage"},"thumbnailUrl":"https:\/\/www.lamaisondesesprits.com\/wp-content\/uploads\/2026\/02\/maison-683x1024.png","datePublished":"2026-02-08T17:56:20+00:00","dateModified":"2026-02-08T18:07:16+00:00","breadcrumb":{"@id":"https:\/\/www.lamaisondesesprits.com\/index.php\/degagements-et-nettoyage-energetique-des-maisons\/#breadcrumb"},"inLanguage":"en-US","potentialAction":[{"@type":"ReadAction","target":["https:\/\/www.lamaisondesesprits.com\/index.php\/degagements-et-nettoyage-energetique-des-maisons\/"]}]},{"@type":"ImageObject","inLanguage":"en-US","@id":"https:\/\/www.lamaisondesesprits.com\/index.php\/degagements-et-nettoyage-energetique-des-maisons\/#primaryimage","url":"https:\/\/www.lamaisondesesprits.com\/wp-content\/uploads\/2026\/02\/maison.png","contentUrl":"https:\/\/www.lamaisondesesprits.com\/wp-content\/uploads\/2026\/02\/maison.png","width":1024,"height":1536},{"@type":"BreadcrumbList","@id":"https:\/\/www.lamaisondesesprits.com\/index.php\/degagements-et-nettoyage-energetique-des-maisons\/#breadcrumb","itemListElement":[{"@type":"ListItem","position":1,"name":"Accueil","item":"https:\/\/www.lamaisondesesprits.com\/"},{"@type":"ListItem","position":2,"name":"D\u00e9gagements et Nettoyage Energ\u00e9tique des Maisons"}]},{"@type":"WebSite","@id":"https:\/\/www.lamaisondesesprits.com\/#website","url":"https:\/\/www.lamaisondesesprits.com\/","name":"La maison des Esprits","description":"&quot; Vous \u00eates au bon endroit &quot;","potentialAction":[{"@type":"SearchAction","target":{"@type":"EntryPoint","urlTemplate":"https:\/\/www.lamaisondesesprits.com\/?s={search_term_string}"},"query-input":{"@type":"PropertyValueSpecification","valueRequired":true,"valueName":"search_term_string"}}],"inLanguage":"en-US"}]}},"_links":{"self":[{"href":"https:\/\/www.lamaisondesesprits.com\/index.php\/wp-json\/wp\/v2\/pages\/2120","targetHints":{"allow":["GET"]}}],"collection":[{"href":"https:\/\/www.lamaisondesesprits.com\/index.php\/wp-json\/wp\/v2\/pages"}],"about":[{"href":"https:\/\/www.lamaisondesesprits.com\/index.php\/wp-json\/wp\/v2\/types\/page"}],"author":[{"embeddable":true,"href":"https:\/\/www.lamaisondesesprits.com\/index.php\/wp-json\/wp\/v2\/users\/2"}],"replies":[{"embeddable":true,"href":"https:\/\/www.lamaisondesesprits.com\/index.php\/wp-json\/wp\/v2\/comments?post=2120"}],"version-history":[{"count":2,"href":"https:\/\/www.lamaisondesesprits.com\/index.php\/wp-json\/wp\/v2\/pages\/2120\/revisions"}],"predecessor-version":[{"id":2127,"href":"https:\/\/www.lamaisondesesprits.com\/index.php\/wp-json\/wp\/v2\/pages\/2120\/revisions\/2127"}],"wp:attachment":[{"href":"https:\/\/www.lamaisondesesprits.com\/index.php\/wp-json\/wp\/v2\/media?parent=2120"}],"curies":[{"name":"wp","href":"https:\/\/api.w.org\/{rel}","templated":true}]}}