{"id":2000,"date":"2026-02-08T15:04:58","date_gmt":"2026-02-08T14:04:58","guid":{"rendered":"https:\/\/www.lamaisondesesprits.com\/?page_id=2000"},"modified":"2026-02-10T16:04:41","modified_gmt":"2026-02-10T15:04:41","slug":"qui-sommes-nous","status":"publish","type":"page","link":"https:\/\/www.lamaisondesesprits.com\/index.php\/qui-sommes-nous\/","title":{"rendered":"Qui sommes nous?"},"content":{"rendered":"\n<div class=\"wp-block-columns is-layout-flex wp-container-core-columns-is-layout-9d6595d7 wp-block-columns-is-layout-flex\">\n<div class=\"wp-block-column is-layout-flow wp-block-column-is-layout-flow\" style=\"flex-basis:100%\">\n<h2 class=\"wp-block-heading\"><\/h2>\n<\/div>\n<\/div>\n\n\n\n<div class=\"wp-block-cover alignfull has-custom-content-position is-position-top-center\" style=\"margin-top:0;padding-top:5vw;padding-right:5vw;padding-bottom:5vw;padding-left:5vw\"><img fetchpriority=\"high\" decoding=\"async\" width=\"1024\" height=\"768\" class=\"wp-block-cover__image-background wp-image-2008 size-large\" alt=\"\" src=\"http:\/\/www.lamaisondesesprits.com\/wp-content\/uploads\/2026\/02\/maison-des-esprits-plaquette-edited-2-1024x768.png\" data-object-fit=\"cover\" srcset=\"https:\/\/www.lamaisondesesprits.com\/wp-content\/uploads\/2026\/02\/maison-des-esprits-plaquette-edited-2-1024x768.png 1024w, https:\/\/www.lamaisondesesprits.com\/wp-content\/uploads\/2026\/02\/maison-des-esprits-plaquette-edited-2-300x225.png 300w, https:\/\/www.lamaisondesesprits.com\/wp-content\/uploads\/2026\/02\/maison-des-esprits-plaquette-edited-2-768x576.png 768w, https:\/\/www.lamaisondesesprits.com\/wp-content\/uploads\/2026\/02\/maison-des-esprits-plaquette-edited-2.png 1251w\" sizes=\"(max-width: 706px) 89vw, (max-width: 767px) 82vw, 740px\" \/><span aria-hidden=\"true\" class=\"wp-block-cover__background has-background-dim\" style=\"background-color:#36220c\"><\/span><div class=\"wp-block-cover__inner-container is-layout-flow wp-block-cover-is-layout-flow\">\n<div class=\"wp-block-group is-content-justification-space-between is-layout-flex wp-container-core-group-is-layout-422913f6 wp-block-group-is-layout-flex\">\n<div class=\"wp-block-group wp-container-content-d387280b is-vertical is-nowrap is-layout-flex wp-container-core-group-is-layout-567f5d10 wp-block-group-is-layout-flex\">\n<h1 class=\"wp-block-heading has-text-align-left has-text-color\" style=\"color:#e59937;font-size:18px\"><mark style=\"background-color:rgba(0, 0, 0, 0)\" class=\"has-inline-color has-white-color\"><strong>QUI SOMMES NOUS?<\/strong><\/mark><\/h1>\n\n\n\n<p class=\"has-text-align-left\"><\/p>\n\n\n\n<p class=\"has-text-align-left has-text-color\" style=\"color:#e59937;font-size:18px;font-style:normal;font-weight:400;letter-spacing:0px;line-height:1.7\"><mark style=\"background-color:rgba(0, 0, 0, 0)\" class=\"has-inline-color has-white-color\"><em>La <\/em><strong>Maison des Esprits<\/strong><em>est une association fond\u00e9e en 2024 par <\/em><strong>Fabien<\/strong><em>et <\/em><strong>Charly<\/strong><em>, deux m\u00e9diums aux parcours diff\u00e9rents et profond\u00e9ment compl\u00e9mentaires.<\/em><br><em>Install\u00e9e \u00e0 <\/em><strong>Ollioules, dans le Var<\/strong><em>, elle est n\u00e9e d\u2019un constat simple : beaucoup de personnes vivent des exp\u00e9riences, des ressentis ou des d\u00e9s\u00e9quilibres \u00e9nerg\u00e9tiques qu\u2019elles ne comprennent pas, et face auxquels elles se sentent souvent seules.<\/em><\/mark><\/p>\n\n\n\n<div class=\"wp-block-buttons is-content-justification-left is-nowrap is-layout-flex wp-container-core-buttons-is-layout-f56a869c wp-block-buttons-is-layout-flex\"><\/div>\n\n\n\n<div style=\"height:0px\" aria-hidden=\"true\" class=\"wp-block-spacer wp-container-content-85b6a097\"><\/div>\n<\/div>\n<\/div>\n<\/div><\/div>\n\n\n\n<div class=\"wp-block-columns is-layout-flex wp-container-core-columns-is-layout-9d6595d7 wp-block-columns-is-layout-flex\">\n<div class=\"wp-block-column is-layout-flow wp-block-column-is-layout-flow\"><\/div>\n<\/div>\n\n\n\n<h1 class=\"wp-block-heading has-text-align-center\">Notre intention<\/h1>\n\n\n\n<blockquote class=\"wp-block-quote is-layout-flow wp-block-quote-is-layout-flow\">\n<p class=\"has-text-align-center\">La Maison des Esprits a \u00e9t\u00e9 cr\u00e9\u00e9e pour offrir <strong>un lieu d\u2019accueil, d\u2019\u00e9coute et de compr\u00e9hension<\/strong>, \u00e0 celles et ceux qui souffrent de d\u00e9s\u00e9quilibres \u00e9nerg\u00e9tiques, de perceptions envahissantes, de mal-\u00eatre diffus ou de situations difficiles \u00e0 expliquer avec les cadres habituels.<\/p>\n<\/blockquote>\n\n\n\n<blockquote class=\"wp-block-quote is-layout-flow wp-block-quote-is-layout-flow\">\n<p class=\"has-text-align-center\">Notre approche ne cherche ni \u00e0 impressionner, ni \u00e0 convaincre. Elle vise avant tout \u00e0 <strong>soulager, apaiser et remettre du sens<\/strong> l\u00e0 o\u00f9 il y a de la confusion, de l\u2019inqui\u00e9tude ou de l\u2019incompr\u00e9hension.<\/p>\n\n\n\n<p><\/p>\n<\/blockquote>\n\n\n<div class=\"wp-block-image\">\n<figure class=\"aligncenter size-full is-resized\"><img decoding=\"async\" width=\"1024\" height=\"1024\" src=\"https:\/\/www.lamaisondesesprits.com\/wp-content\/uploads\/2026\/02\/logo-shiny.png\" alt=\"\" class=\"wp-image-2040\" style=\"width:188px;height:auto\" srcset=\"https:\/\/www.lamaisondesesprits.com\/wp-content\/uploads\/2026\/02\/logo-shiny.png 1024w, https:\/\/www.lamaisondesesprits.com\/wp-content\/uploads\/2026\/02\/logo-shiny-300x300.png 300w, https:\/\/www.lamaisondesesprits.com\/wp-content\/uploads\/2026\/02\/logo-shiny-150x150.png 150w, https:\/\/www.lamaisondesesprits.com\/wp-content\/uploads\/2026\/02\/logo-shiny-768x768.png 768w, https:\/\/www.lamaisondesesprits.com\/wp-content\/uploads\/2026\/02\/logo-shiny-100x100.png 100w\" sizes=\"(max-width: 706px) 89vw, (max-width: 767px) 82vw, 740px\" \/><\/figure>\n<\/div>\n\n\n<blockquote class=\"wp-block-quote is-layout-flow wp-block-quote-is-layout-flow\">\n<hr class=\"wp-block-separator has-css-opacity is-style-default\"\/>\n\n\n\n<hr class=\"wp-block-separator has-css-opacity is-style-default\"\/>\n\n\n\n<h2 class=\"wp-block-heading\"><strong>Une pratique sensible et compl\u00e9mentaire<\/strong><\/h2>\n<\/blockquote>\n\n\n\n<div class=\"wp-block-columns is-layout-flex wp-container-core-columns-is-layout-9d6595d7 wp-block-columns-is-layout-flex\">\n<div class=\"wp-block-column is-layout-flow wp-block-column-is-layout-flow\">\n<blockquote class=\"wp-block-quote is-layout-flow wp-block-quote-is-layout-flow\">\n<p><strong><a href=\"https:\/\/www.lamaisondesesprits.com\/index.php\/fabien\/\">Fabien<\/a><\/strong> est m\u00e9dium de naissance. Tr\u00e8s sensible aux ressentis, aux ambiances et aux plans subtils, il fonctionne avant tout par perception directe. Son rapport \u00e0 l\u2019\u00e9nerg\u00e9tique est intuitif, vivant, parfois abstrait, mais profond\u00e9ment ancr\u00e9 dans le ressenti. Il apporte une lecture sensible et incarn\u00e9e de ce qui se joue, l\u00e0 o\u00f9 les mots manquent parfois.<\/p>\n<\/blockquote>\n<\/div>\n\n\n\n<div class=\"wp-block-column is-layout-flow wp-block-column-is-layout-flow\"><div class=\"wp-block-image is-style-rounded\">\n<figure class=\"aligncenter size-full\"><a href=\"https:\/\/www.lamaisondesesprits.com\/index.php\/fabien\/\"><img decoding=\"async\" width=\"730\" height=\"973\" src=\"http:\/\/www.lamaisondesesprits.com\/wp-content\/uploads\/2026\/02\/fabien-photo-edited-1.jpeg\" alt=\"\" class=\"wp-image-2241\" srcset=\"https:\/\/www.lamaisondesesprits.com\/wp-content\/uploads\/2026\/02\/fabien-photo-edited-1.jpeg 730w, https:\/\/www.lamaisondesesprits.com\/wp-content\/uploads\/2026\/02\/fabien-photo-edited-1-225x300.jpeg 225w\" sizes=\"(max-width: 730px) 100vw, 730px\" \/><\/a><\/figure>\n<\/div><\/div>\n<\/div>\n\n\n\n<blockquote class=\"wp-block-quote is-layout-flow wp-block-quote-is-layout-flow\">\n<p><\/p>\n<\/blockquote>\n\n\n\n<div class=\"wp-block-columns is-layout-flex wp-container-core-columns-is-layout-9d6595d7 wp-block-columns-is-layout-flex\">\n<div class=\"wp-block-column is-layout-flow wp-block-column-is-layout-flow\"><div class=\"wp-block-image is-style-rounded\">\n<figure class=\"aligncenter size-large is-resized\"><a href=\"https:\/\/www.lamaisondesesprits.com\/index.php\/equipe\/\"><img loading=\"lazy\" decoding=\"async\" width=\"782\" height=\"1024\" src=\"http:\/\/www.lamaisondesesprits.com\/wp-content\/uploads\/2026\/02\/CHARLY-1-782x1024.jpeg\" alt=\"\" class=\"wp-image-2049\" style=\"width:312px;height:auto\" srcset=\"https:\/\/www.lamaisondesesprits.com\/wp-content\/uploads\/2026\/02\/CHARLY-1-782x1024.jpeg 782w, https:\/\/www.lamaisondesesprits.com\/wp-content\/uploads\/2026\/02\/CHARLY-1-229x300.jpeg 229w, https:\/\/www.lamaisondesesprits.com\/wp-content\/uploads\/2026\/02\/CHARLY-1-768x1006.jpeg 768w, https:\/\/www.lamaisondesesprits.com\/wp-content\/uploads\/2026\/02\/CHARLY-1.jpeg 992w\" sizes=\"(max-width: 706px) 89vw, (max-width: 767px) 82vw, 740px\" \/><\/a><\/figure>\n<\/div><\/div>\n\n\n\n<div class=\"wp-block-column is-layout-flow wp-block-column-is-layout-flow\">\n<blockquote class=\"wp-block-quote is-layout-flow wp-block-quote-is-layout-flow\">\n<p><\/p>\n\n\n\n<p><\/p>\n\n\n\n<p><strong><a href=\"https:\/\/www.lamaisondesesprits.com\/index.php\/equipe\/\">Charly<\/a><\/strong> est m\u00e9dium par cheminement. Son parcours l\u2019a amen\u00e9e \u00e0 structurer et organiser ce qui se manifeste sur le plan \u00e9nerg\u00e9tique. Elle met des mots, des rep\u00e8res et du cadre sur les exp\u00e9riences v\u00e9cues, afin de les rendre compr\u00e9hensibles, int\u00e9grables et plus stables dans le quotidien.<\/p>\n<\/blockquote>\n<\/div>\n<\/div>\n\n\n\n<blockquote class=\"wp-block-quote is-layout-flow wp-block-quote-is-layout-flow\">\n<p class=\"has-text-align-center\">Ensemble, nous incarnons un \u00e9quilibre entre <strong>l\u2019inn\u00e9 et l\u2019acquis<\/strong>, entre ce qui se ressent naturellement et ce qui se construit avec le temps et l\u2019exp\u00e9rience.<\/p>\n<\/blockquote>\n\n\n\n<blockquote class=\"wp-block-quote has-text-align-center is-layout-flow wp-block-quote-is-layout-flow\">\n<p><\/p>\n<\/blockquote>\n\n\n\n<hr class=\"wp-block-separator has-css-opacity is-style-default\"\/>\n\n\n\n<div class=\"wp-block-media-text has-media-on-the-right is-stacked-on-mobile\"><div class=\"wp-block-media-text__content\">\n<h1 class=\"wp-block-heading has-text-align-center\"><a href=\"https:\/\/www.lamaisondesesprits.com\/index.php\/soins-energetiques-2\/\">Soins et accompagnements<\/a><\/h1>\n\n\n\n<p class=\"has-text-align-center\">Nous proposons des <strong>soins \u00e9nerg\u00e9tiques r\u00e9alis\u00e9s par des m\u00e9diums<\/strong>, avec ou sans contact \u2014 dont le massage \u00e9nerg\u00e9tique \u2014 ainsi que des <strong>accompagnements personnalis\u00e9s<\/strong>.<br>Chaque accompagnement est adapt\u00e9 \u00e0 la personne, \u00e0 ce qu\u2019elle traverse et \u00e0 son rythme. Il s\u2019agit avant tout de cr\u00e9er un espace s\u00fbr, respectueux et ajust\u00e9, o\u00f9 chacun peut \u00eatre accueilli tel qu\u2019il est.<\/p>\n\n\n\n<h2 class=\"wp-block-heading has-text-align-center\"><strong><a href=\"https:\/\/www.lamaisondesesprits.com\/index.php\/soins-energetiques-2\/\">DECOUVRIR NOS SOINS<\/a><\/strong><\/h2>\n<\/div><figure class=\"wp-block-media-text__media\"><a href=\"https:\/\/www.lamaisondesesprits.com\/index.php\/soins-energetiques-2\/\"><img loading=\"lazy\" decoding=\"async\" width=\"683\" height=\"1024\" src=\"https:\/\/www.lamaisondesesprits.com\/wp-content\/uploads\/2026\/02\/image-soin-683x1024.png\" alt=\"\" class=\"wp-image-2052 size-full\" srcset=\"https:\/\/www.lamaisondesesprits.com\/wp-content\/uploads\/2026\/02\/image-soin-683x1024.png 683w, https:\/\/www.lamaisondesesprits.com\/wp-content\/uploads\/2026\/02\/image-soin-200x300.png 200w, https:\/\/www.lamaisondesesprits.com\/wp-content\/uploads\/2026\/02\/image-soin-768x1152.png 768w, https:\/\/www.lamaisondesesprits.com\/wp-content\/uploads\/2026\/02\/image-soin.png 1024w\" sizes=\"(max-width: 683px) 100vw, 683px\" \/><\/a><\/figure><\/div>\n\n\n\n<hr class=\"wp-block-separator has-css-opacity is-style-default\"\/>\n\n\n\n<div class=\"wp-block-media-text is-stacked-on-mobile\"><figure class=\"wp-block-media-text__media\"><a href=\"https:\/\/www.lamaisondesesprits.com\/index.php\/lecole\/\"><img loading=\"lazy\" decoding=\"async\" width=\"683\" height=\"1024\" src=\"http:\/\/www.lamaisondesesprits.com\/wp-content\/uploads\/2026\/02\/ecole-1-683x1024.png\" alt=\"\" class=\"wp-image-2047 size-full\" srcset=\"https:\/\/www.lamaisondesesprits.com\/wp-content\/uploads\/2026\/02\/ecole-1-683x1024.png 683w, https:\/\/www.lamaisondesesprits.com\/wp-content\/uploads\/2026\/02\/ecole-1-200x300.png 200w, https:\/\/www.lamaisondesesprits.com\/wp-content\/uploads\/2026\/02\/ecole-1-768x1152.png 768w, https:\/\/www.lamaisondesesprits.com\/wp-content\/uploads\/2026\/02\/ecole-1.png 1024w\" sizes=\"(max-width: 683px) 100vw, 683px\" \/><\/a><\/figure><div class=\"wp-block-media-text__content\">\n<h1 class=\"wp-block-heading has-text-align-center\">Une \u00e9cole pour comprendre ce que l\u2019on vit<\/h1>\n\n\n\n<p class=\"has-text-align-center\">La Maison des Esprits est \u00e9galement une <strong>\u00e9cole<\/strong>, destin\u00e9e \u00e0 celles et ceux qui ressentent l\u2019appel de la voie m\u00e9diumnique ou vivent l\u2019\u00e9veil, l\u2019intensification ou la d\u00e9stabilisation de leurs perceptions.<br>Nous y proposons un cadre <strong>clair, progressif et bienveillant<\/strong>, afin d\u2019aider chacun \u00e0 comprendre ce qu\u2019il vit, \u00e0 se stabiliser, et \u00e0 d\u00e9velopper ses capacit\u00e9s sans se perdre ni se mettre en difficult\u00e9<\/p>\n\n\n\n<h2 class=\"wp-block-heading has-text-align-center\"><strong><a href=\"https:\/\/www.lamaisondesesprits.com\/index.php\/lecole\/\">DECOUVRIR NOTRE ECOLE<\/a><\/strong><\/h2>\n<\/div><\/div>\n\n\n\n<hr class=\"wp-block-separator has-css-opacity is-style-default\"\/>\n\n\n\n<hr class=\"wp-block-separator has-css-opacity is-style-default\"\/>\n\n\n\n<h3 class=\"wp-block-heading\"><\/h3>\n\n\n\n<p><\/p>\n","protected":false},"excerpt":{"rendered":"<p>Notre intention La Maison des Esprits a \u00e9t\u00e9 cr\u00e9\u00e9e pour offrir un lieu d\u2019accueil, d\u2019\u00e9coute et de compr\u00e9hension, \u00e0 celles et ceux qui souffrent de d\u00e9s\u00e9quilibres \u00e9nerg\u00e9tiques, de perceptions envahissantes, de mal-\u00eatre diffus ou de situations difficiles \u00e0 expliquer avec les cadres habituels. Notre approche ne cherche ni \u00e0 impressionner, ni \u00e0 convaincre. Elle vise &hellip; <\/p>\n<p class=\"link-more\"><a href=\"https:\/\/www.lamaisondesesprits.com\/index.php\/qui-sommes-nous\/\" class=\"more-link\">Continue reading<span class=\"screen-reader-text\"> &#8220;Qui sommes nous?&#8221;<\/span><\/a><\/p>\n","protected":false},"author":2,"featured_media":0,"parent":0,"menu_order":0,"comment_status":"closed","ping_status":"closed","template":"","meta":{"footnotes":""},"class_list":["post-2000","page","type-page","status-publish","hentry"],"yoast_head":"<!-- This site is optimized with the Yoast SEO plugin v23.4 - https:\/\/yoast.com\/wordpress\/plugins\/seo\/ -->\n<title>Qui sommes nous? - La maison des Esprits<\/title>\n<meta name=\"robots\" content=\"index, follow, max-snippet:-1, max-image-preview:large, max-video-preview:-1\" \/>\n<link rel=\"canonical\" href=\"https:\/\/www.lamaisondesesprits.com\/index.php\/qui-sommes-nous\/\" \/>\n<meta property=\"og:locale\" content=\"en_US\" \/>\n<meta property=\"og:type\" content=\"article\" \/>\n<meta property=\"og:title\" content=\"Qui sommes nous? - La maison des Esprits\" \/>\n<meta property=\"og:description\" content=\"Notre intention La Maison des Esprits a \u00e9t\u00e9 cr\u00e9\u00e9e pour offrir un lieu d\u2019accueil, d\u2019\u00e9coute et de compr\u00e9hension, \u00e0 celles et ceux qui souffrent de d\u00e9s\u00e9quilibres \u00e9nerg\u00e9tiques, de perceptions envahissantes, de mal-\u00eatre diffus ou de situations difficiles \u00e0 expliquer avec les cadres habituels. Notre approche ne cherche ni \u00e0 impressionner, ni \u00e0 convaincre. Elle vise &hellip; Continue reading &quot;Qui sommes nous?&quot;\" \/>\n<meta property=\"og:url\" content=\"https:\/\/www.lamaisondesesprits.com\/index.php\/qui-sommes-nous\/\" \/>\n<meta property=\"og:site_name\" content=\"La maison des Esprits\" \/>\n<meta property=\"article:publisher\" content=\"https:\/\/www.facebook.com\/profile.php?id=61556472309041\" \/>\n<meta property=\"article:modified_time\" content=\"2026-02-10T15:04:41+00:00\" \/>\n<meta property=\"og:image\" content=\"http:\/\/www.lamaisondesesprits.com\/wp-content\/uploads\/2026\/02\/maison-des-esprits-plaquette-edited-2-1024x768.png\" \/>\n<meta name=\"twitter:card\" content=\"summary_large_image\" \/>\n<meta name=\"twitter:label1\" content=\"Est. reading time\" \/>\n\t<meta name=\"twitter:data1\" content=\"3 minutes\" \/>\n<script type=\"application\/ld+json\" class=\"yoast-schema-graph\">{\"@context\":\"https:\/\/schema.org\",\"@graph\":[{\"@type\":\"WebPage\",\"@id\":\"https:\/\/www.lamaisondesesprits.com\/index.php\/qui-sommes-nous\/\",\"url\":\"https:\/\/www.lamaisondesesprits.com\/index.php\/qui-sommes-nous\/\",\"name\":\"Qui sommes nous? - La maison des Esprits\",\"isPartOf\":{\"@id\":\"https:\/\/www.lamaisondesesprits.com\/#website\"},\"primaryImageOfPage\":{\"@id\":\"https:\/\/www.lamaisondesesprits.com\/index.php\/qui-sommes-nous\/#primaryimage\"},\"image\":{\"@id\":\"https:\/\/www.lamaisondesesprits.com\/index.php\/qui-sommes-nous\/#primaryimage\"},\"thumbnailUrl\":\"http:\/\/www.lamaisondesesprits.com\/wp-content\/uploads\/2026\/02\/maison-des-esprits-plaquette-edited-2-1024x768.png\",\"datePublished\":\"2026-02-08T14:04:58+00:00\",\"dateModified\":\"2026-02-10T15:04:41+00:00\",\"breadcrumb\":{\"@id\":\"https:\/\/www.lamaisondesesprits.com\/index.php\/qui-sommes-nous\/#breadcrumb\"},\"inLanguage\":\"en-US\",\"potentialAction\":[{\"@type\":\"ReadAction\",\"target\":[\"https:\/\/www.lamaisondesesprits.com\/index.php\/qui-sommes-nous\/\"]}]},{\"@type\":\"ImageObject\",\"inLanguage\":\"en-US\",\"@id\":\"https:\/\/www.lamaisondesesprits.com\/index.php\/qui-sommes-nous\/#primaryimage\",\"url\":\"https:\/\/www.lamaisondesesprits.com\/wp-content\/uploads\/2026\/02\/maison-des-esprits-plaquette-edited-2.png\",\"contentUrl\":\"https:\/\/www.lamaisondesesprits.com\/wp-content\/uploads\/2026\/02\/maison-des-esprits-plaquette-edited-2.png\",\"width\":1251,\"height\":938},{\"@type\":\"BreadcrumbList\",\"@id\":\"https:\/\/www.lamaisondesesprits.com\/index.php\/qui-sommes-nous\/#breadcrumb\",\"itemListElement\":[{\"@type\":\"ListItem\",\"position\":1,\"name\":\"Accueil\",\"item\":\"https:\/\/www.lamaisondesesprits.com\/\"},{\"@type\":\"ListItem\",\"position\":2,\"name\":\"Qui sommes nous?\"}]},{\"@type\":\"WebSite\",\"@id\":\"https:\/\/www.lamaisondesesprits.com\/#website\",\"url\":\"https:\/\/www.lamaisondesesprits.com\/\",\"name\":\"La maison des Esprits\",\"description\":\"&quot; Vous \u00eates au bon endroit &quot;\",\"potentialAction\":[{\"@type\":\"SearchAction\",\"target\":{\"@type\":\"EntryPoint\",\"urlTemplate\":\"https:\/\/www.lamaisondesesprits.com\/?s={search_term_string}\"},\"query-input\":{\"@type\":\"PropertyValueSpecification\",\"valueRequired\":true,\"valueName\":\"search_term_string\"}}],\"inLanguage\":\"en-US\"}]}<\/script>\n<!-- \/ Yoast SEO plugin. -->","yoast_head_json":{"title":"Qui sommes nous? - La maison des Esprits","robots":{"index":"index","follow":"follow","max-snippet":"max-snippet:-1","max-image-preview":"max-image-preview:large","max-video-preview":"max-video-preview:-1"},"canonical":"https:\/\/www.lamaisondesesprits.com\/index.php\/qui-sommes-nous\/","og_locale":"en_US","og_type":"article","og_title":"Qui sommes nous? - La maison des Esprits","og_description":"Notre intention La Maison des Esprits a \u00e9t\u00e9 cr\u00e9\u00e9e pour offrir un lieu d\u2019accueil, d\u2019\u00e9coute et de compr\u00e9hension, \u00e0 celles et ceux qui souffrent de d\u00e9s\u00e9quilibres \u00e9nerg\u00e9tiques, de perceptions envahissantes, de mal-\u00eatre diffus ou de situations difficiles \u00e0 expliquer avec les cadres habituels. Notre approche ne cherche ni \u00e0 impressionner, ni \u00e0 convaincre. Elle vise &hellip; Continue reading \"Qui sommes nous?\"","og_url":"https:\/\/www.lamaisondesesprits.com\/index.php\/qui-sommes-nous\/","og_site_name":"La maison des Esprits","article_publisher":"https:\/\/www.facebook.com\/profile.php?id=61556472309041","article_modified_time":"2026-02-10T15:04:41+00:00","og_image":[{"url":"http:\/\/www.lamaisondesesprits.com\/wp-content\/uploads\/2026\/02\/maison-des-esprits-plaquette-edited-2-1024x768.png"}],"twitter_card":"summary_large_image","twitter_misc":{"Est. reading time":"3 minutes"},"schema":{"@context":"https:\/\/schema.org","@graph":[{"@type":"WebPage","@id":"https:\/\/www.lamaisondesesprits.com\/index.php\/qui-sommes-nous\/","url":"https:\/\/www.lamaisondesesprits.com\/index.php\/qui-sommes-nous\/","name":"Qui sommes nous? - La maison des Esprits","isPartOf":{"@id":"https:\/\/www.lamaisondesesprits.com\/#website"},"primaryImageOfPage":{"@id":"https:\/\/www.lamaisondesesprits.com\/index.php\/qui-sommes-nous\/#primaryimage"},"image":{"@id":"https:\/\/www.lamaisondesesprits.com\/index.php\/qui-sommes-nous\/#primaryimage"},"thumbnailUrl":"http:\/\/www.lamaisondesesprits.com\/wp-content\/uploads\/2026\/02\/maison-des-esprits-plaquette-edited-2-1024x768.png","datePublished":"2026-02-08T14:04:58+00:00","dateModified":"2026-02-10T15:04:41+00:00","breadcrumb":{"@id":"https:\/\/www.lamaisondesesprits.com\/index.php\/qui-sommes-nous\/#breadcrumb"},"inLanguage":"en-US","potentialAction":[{"@type":"ReadAction","target":["https:\/\/www.lamaisondesesprits.com\/index.php\/qui-sommes-nous\/"]}]},{"@type":"ImageObject","inLanguage":"en-US","@id":"https:\/\/www.lamaisondesesprits.com\/index.php\/qui-sommes-nous\/#primaryimage","url":"https:\/\/www.lamaisondesesprits.com\/wp-content\/uploads\/2026\/02\/maison-des-esprits-plaquette-edited-2.png","contentUrl":"https:\/\/www.lamaisondesesprits.com\/wp-content\/uploads\/2026\/02\/maison-des-esprits-plaquette-edited-2.png","width":1251,"height":938},{"@type":"BreadcrumbList","@id":"https:\/\/www.lamaisondesesprits.com\/index.php\/qui-sommes-nous\/#breadcrumb","itemListElement":[{"@type":"ListItem","position":1,"name":"Accueil","item":"https:\/\/www.lamaisondesesprits.com\/"},{"@type":"ListItem","position":2,"name":"Qui sommes nous?"}]},{"@type":"WebSite","@id":"https:\/\/www.lamaisondesesprits.com\/#website","url":"https:\/\/www.lamaisondesesprits.com\/","name":"La maison des Esprits","description":"&quot; Vous \u00eates au bon endroit &quot;","potentialAction":[{"@type":"SearchAction","target":{"@type":"EntryPoint","urlTemplate":"https:\/\/www.lamaisondesesprits.com\/?s={search_term_string}"},"query-input":{"@type":"PropertyValueSpecification","valueRequired":true,"valueName":"search_term_string"}}],"inLanguage":"en-US"}]}},"_links":{"self":[{"href":"https:\/\/www.lamaisondesesprits.com\/index.php\/wp-json\/wp\/v2\/pages\/2000","targetHints":{"allow":["GET"]}}],"collection":[{"href":"https:\/\/www.lamaisondesesprits.com\/index.php\/wp-json\/wp\/v2\/pages"}],"about":[{"href":"https:\/\/www.lamaisondesesprits.com\/index.php\/wp-json\/wp\/v2\/types\/page"}],"author":[{"embeddable":true,"href":"https:\/\/www.lamaisondesesprits.com\/index.php\/wp-json\/wp\/v2\/users\/2"}],"replies":[{"embeddable":true,"href":"https:\/\/www.lamaisondesesprits.com\/index.php\/wp-json\/wp\/v2\/comments?post=2000"}],"version-history":[{"count":34,"href":"https:\/\/www.lamaisondesesprits.com\/index.php\/wp-json\/wp\/v2\/pages\/2000\/revisions"}],"predecessor-version":[{"id":2244,"href":"https:\/\/www.lamaisondesesprits.com\/index.php\/wp-json\/wp\/v2\/pages\/2000\/revisions\/2244"}],"wp:attachment":[{"href":"https:\/\/www.lamaisondesesprits.com\/index.php\/wp-json\/wp\/v2\/media?parent=2000"}],"curies":[{"name":"wp","href":"https:\/\/api.w.org\/{rel}","templated":true}]}}