{"id":200,"date":"2024-05-10T18:50:46","date_gmt":"2024-05-10T16:50:46","guid":{"rendered":"https:\/\/www.lamaisondesesprits.com\/?page_id=200"},"modified":"2026-03-29T21:00:09","modified_gmt":"2026-03-29T19:00:09","slug":"accueil","status":"publish","type":"page","link":"https:\/\/www.lamaisondesesprits.com\/","title":{"rendered":"Accueil"},"content":{"rendered":"\n<h2 class=\"wp-block-heading has-text-align-center\">&lt;!> Breaking NEWS &lt;!><\/h2>\n\n\n\n<p class=\"has-text-align-center\">Soir\u00e9e EMI-OBE-Experiences extraordinaires 31 mars<\/p>\n\n\n<div class=\"wp-block-image\">\n<figure class=\"aligncenter size-large\"><a href=\"https:\/\/www.lamaisondesesprits.com\/index.php\/soiree-speciale-emi-obe-experiences-extraordinaires\/\"><img fetchpriority=\"high\" decoding=\"async\" width=\"683\" height=\"1024\" src=\"http:\/\/www.lamaisondesesprits.com\/wp-content\/uploads\/2026\/03\/affiche-EMI-683x1024.png\" alt=\"\" class=\"wp-image-2326\" srcset=\"https:\/\/www.lamaisondesesprits.com\/wp-content\/uploads\/2026\/03\/affiche-EMI-683x1024.png 683w, https:\/\/www.lamaisondesesprits.com\/wp-content\/uploads\/2026\/03\/affiche-EMI-200x300.png 200w, https:\/\/www.lamaisondesesprits.com\/wp-content\/uploads\/2026\/03\/affiche-EMI-768x1152.png 768w, https:\/\/www.lamaisondesesprits.com\/wp-content\/uploads\/2026\/03\/affiche-EMI.png 1024w\" sizes=\"(max-width: 683px) 100vw, 683px\" \/><\/a><\/figure>\n<\/div>\n\n<div class=\"wp-block-image\">\n<figure class=\"aligncenter size-large\"><img decoding=\"async\" width=\"1167\" height=\"778\" src=\"https:\/\/www.lamaisondesesprits.com\/wp-content\/uploads\/2026\/02\/accueil-blanc-et-doree-3-edited.png\" alt=\"\" class=\"wp-image-1978\" srcset=\"https:\/\/www.lamaisondesesprits.com\/wp-content\/uploads\/2026\/02\/accueil-blanc-et-doree-3-edited.png 1167w, https:\/\/www.lamaisondesesprits.com\/wp-content\/uploads\/2026\/02\/accueil-blanc-et-doree-3-edited-300x200.png 300w, https:\/\/www.lamaisondesesprits.com\/wp-content\/uploads\/2026\/02\/accueil-blanc-et-doree-3-edited-1024x683.png 1024w, https:\/\/www.lamaisondesesprits.com\/wp-content\/uploads\/2026\/02\/accueil-blanc-et-doree-3-edited-768x512.png 768w\" sizes=\"(max-width: 706px) 89vw, (max-width: 767px) 82vw, 740px\" \/><\/figure>\n<\/div>\n\n\n<p class=\"has-text-align-center\"><strong>La Maison des Esprits (MdE)<\/strong> est une association d\u00e9di\u00e9e au bien-\u00eatre et \u00e0 l\u2019\u00e9nerg\u00e9tique<\/p>\n\n\n\n<h2 class=\"wp-block-heading has-text-align-center\">Que pouvons nous faire pour vous?<\/h2>\n\n\n<div class=\"wp-block-image\">\n<figure class=\"aligncenter size-large is-resized\"><a href=\"https:\/\/www.lamaisondesesprits.com\/index.php\/bilan-energetique\/\"><img decoding=\"async\" width=\"1024\" height=\"683\" src=\"https:\/\/www.lamaisondesesprits.com\/wp-content\/uploads\/2026\/02\/rdv-bilan-1024x683.png\" alt=\"\" class=\"wp-image-2214\" style=\"aspect-ratio:1.4992770955438157;width:319px;height:auto\" srcset=\"https:\/\/www.lamaisondesesprits.com\/wp-content\/uploads\/2026\/02\/rdv-bilan-1024x683.png 1024w, https:\/\/www.lamaisondesesprits.com\/wp-content\/uploads\/2026\/02\/rdv-bilan-300x200.png 300w, https:\/\/www.lamaisondesesprits.com\/wp-content\/uploads\/2026\/02\/rdv-bilan-768x512.png 768w, https:\/\/www.lamaisondesesprits.com\/wp-content\/uploads\/2026\/02\/rdv-bilan.png 1536w\" sizes=\"(max-width: 706px) 89vw, (max-width: 767px) 82vw, 740px\" \/><\/a><\/figure>\n<\/div>\n\n\n<div class=\"wp-block-columns is-layout-flex wp-container-core-columns-is-layout-9d6595d7 wp-block-columns-is-layout-flex\">\n<div class=\"wp-block-column is-layout-flow wp-block-column-is-layout-flow\">\n<figure class=\"wp-block-image size-large\"><a href=\"https:\/\/www.lamaisondesesprits.com\/index.php\/soins-energetiques-2\/\"><img loading=\"lazy\" decoding=\"async\" width=\"1024\" height=\"683\" src=\"https:\/\/www.lamaisondesesprits.com\/wp-content\/uploads\/2026\/02\/soin-et-massage-blanc-1-1024x683.png\" alt=\"\" class=\"wp-image-1984\" srcset=\"https:\/\/www.lamaisondesesprits.com\/wp-content\/uploads\/2026\/02\/soin-et-massage-blanc-1-1024x683.png 1024w, https:\/\/www.lamaisondesesprits.com\/wp-content\/uploads\/2026\/02\/soin-et-massage-blanc-1-300x200.png 300w, https:\/\/www.lamaisondesesprits.com\/wp-content\/uploads\/2026\/02\/soin-et-massage-blanc-1-768x512.png 768w, https:\/\/www.lamaisondesesprits.com\/wp-content\/uploads\/2026\/02\/soin-et-massage-blanc-1.png 1536w\" sizes=\"(max-width: 706px) 89vw, (max-width: 767px) 82vw, 740px\" \/><\/a><\/figure>\n<\/div>\n\n\n\n<div class=\"wp-block-column is-layout-flow wp-block-column-is-layout-flow\">\n<figure class=\"wp-block-image size-large\"><a href=\"https:\/\/www.lamaisondesesprits.com\/index.php\/lecole\/\"><img loading=\"lazy\" decoding=\"async\" width=\"1024\" height=\"683\" src=\"https:\/\/www.lamaisondesesprits.com\/wp-content\/uploads\/2026\/02\/ecole-2-1-1024x683.png\" alt=\"\" class=\"wp-image-1986\" srcset=\"https:\/\/www.lamaisondesesprits.com\/wp-content\/uploads\/2026\/02\/ecole-2-1-1024x683.png 1024w, https:\/\/www.lamaisondesesprits.com\/wp-content\/uploads\/2026\/02\/ecole-2-1-300x200.png 300w, https:\/\/www.lamaisondesesprits.com\/wp-content\/uploads\/2026\/02\/ecole-2-1-768x512.png 768w, https:\/\/www.lamaisondesesprits.com\/wp-content\/uploads\/2026\/02\/ecole-2-1.png 1536w\" sizes=\"(max-width: 706px) 89vw, (max-width: 767px) 82vw, 740px\" \/><\/a><\/figure>\n<\/div>\n<\/div>\n\n\n\n<h1 class=\"wp-block-heading has-text-align-center\"><strong>\u2013<\/strong> <strong>Qui sommes-nous \u2013<\/strong><\/h1>\n\n\n\n<p class=\"has-text-align-center\"><strong>La Maison des Esprits<\/strong> est une association fond\u00e9e en 2024 par <strong>Fabien<\/strong> et <strong>Charly<\/strong>, deux m\u00e9diums aux parcours diff\u00e9rents et compl\u00e9mentaires.<\/p>\n\n\n\n<div class=\"wp-block-media-text is-stacked-on-mobile\"><figure class=\"wp-block-media-text__media\"><img loading=\"lazy\" decoding=\"async\" width=\"1010\" height=\"1024\" src=\"https:\/\/www.lamaisondesesprits.com\/wp-content\/uploads\/2026\/02\/fabien-et-charly-1-1010x1024.jpeg\" alt=\"\" class=\"wp-image-2218 size-full\" srcset=\"https:\/\/www.lamaisondesesprits.com\/wp-content\/uploads\/2026\/02\/fabien-et-charly-1-1010x1024.jpeg 1010w, https:\/\/www.lamaisondesesprits.com\/wp-content\/uploads\/2026\/02\/fabien-et-charly-1-296x300.jpeg 296w, https:\/\/www.lamaisondesesprits.com\/wp-content\/uploads\/2026\/02\/fabien-et-charly-1-768x779.jpeg 768w, https:\/\/www.lamaisondesesprits.com\/wp-content\/uploads\/2026\/02\/fabien-et-charly-1-100x100.jpeg 100w, https:\/\/www.lamaisondesesprits.com\/wp-content\/uploads\/2026\/02\/fabien-et-charly-1.jpeg 1065w\" sizes=\"(max-width: 706px) 89vw, (max-width: 767px) 82vw, 740px\" \/><\/figure><div class=\"wp-block-media-text__content\">\n<p>Install\u00e9s \u00e0 <strong>Ollioules, dans le Var<\/strong>, nous avons cr\u00e9\u00e9 La Maison des Esprits avec une intention simple et profonde : <strong>venir en aide aux personnes qui souffrent de d\u00e9s\u00e9quilibres d\u2019ordre \u00e9nerg\u00e9tique<\/strong>, parfois invisibles, souvent incompris, mais bien r\u00e9els pour celles et ceux qui les traversent.<\/p>\n\n\n\n<p><\/p>\n<\/div><\/div>\n\n\n\n<p class=\"has-text-align-center\">Nous accompagnons ces personnes \u00e0 travers des <strong>soins \u00e9nerg\u00e9tiques r\u00e9alis\u00e9s par des m\u00e9diums<\/strong>, mobilisant diff\u00e9rentes approches selon les besoins, <strong>avec ou sans contact<\/strong>, notamment sous forme de massage \u00e9nerg\u00e9tique, ainsi que des <strong>accompagnements personnalis\u00e9s<\/strong>, pens\u00e9s comme des espaces d\u2019\u00e9coute, de r\u00e9\u00e9quilibrage et de soutien.<\/p>\n\n\n\n<p class=\"has-text-align-center\">La Maison des Esprits est \u00e9galement une <strong>\u00e9cole<\/strong>, destin\u00e9e \u00e0 celles et ceux qui ressentent l\u2019appel de la voie m\u00e9diumnique et vivent l\u2019\u00e9veil ou l\u2019intensification de leurs perceptions. Nous y proposons un cadre <strong>structur\u00e9, s\u00e9rieux et bienveillant<\/strong>, afin d\u2019aider chacun \u00e0 comprendre ce qu\u2019il vit, \u00e0 se stabiliser et \u00e0 avancer avec plus de clart\u00e9 et de s\u00e9curit\u00e9<\/p>\n\n\n\n<p><\/p>\n\n\n\n<p class=\"has-text-align-center\">.<\/p>\n\n\n<div class=\"wp-block-image\">\n<figure class=\"aligncenter size-large is-resized\"><a href=\"https:\/\/www.lamaisondesesprits.com\/index.php\/bilan-energetique\/\"><img loading=\"lazy\" decoding=\"async\" width=\"1024\" height=\"683\" src=\"https:\/\/www.lamaisondesesprits.com\/wp-content\/uploads\/2026\/02\/contact-mde-1024x683.png\" alt=\"\" class=\"wp-image-1991\" style=\"aspect-ratio:1.4992874769733413;width:397px;height:auto\" srcset=\"https:\/\/www.lamaisondesesprits.com\/wp-content\/uploads\/2026\/02\/contact-mde-1024x683.png 1024w, https:\/\/www.lamaisondesesprits.com\/wp-content\/uploads\/2026\/02\/contact-mde-300x200.png 300w, https:\/\/www.lamaisondesesprits.com\/wp-content\/uploads\/2026\/02\/contact-mde-768x512.png 768w, https:\/\/www.lamaisondesesprits.com\/wp-content\/uploads\/2026\/02\/contact-mde.png 1536w\" sizes=\"(max-width: 706px) 89vw, (max-width: 767px) 82vw, 740px\" \/><\/a><\/figure>\n<\/div>\n\n\n<p><\/p>\n","protected":false},"excerpt":{"rendered":"<p>&lt;!> Breaking NEWS &lt;!> Soir\u00e9e EMI-OBE-Experiences extraordinaires 31 mars La Maison des Esprits (MdE) est une association d\u00e9di\u00e9e au bien-\u00eatre et \u00e0 l\u2019\u00e9nerg\u00e9tique Que pouvons nous faire pour vous? \u2013 Qui sommes-nous \u2013 La Maison des Esprits est une association fond\u00e9e en 2024 par Fabien et Charly, deux m\u00e9diums aux parcours diff\u00e9rents et compl\u00e9mentaires. Install\u00e9s &hellip; <\/p>\n<p class=\"link-more\"><a href=\"https:\/\/www.lamaisondesesprits.com\/\" class=\"more-link\">Continuer la lecture<span class=\"screen-reader-text\"> de &laquo;&nbsp;Accueil&nbsp;&raquo;<\/span><\/a><\/p>\n","protected":false},"author":1,"featured_media":0,"parent":0,"menu_order":0,"comment_status":"closed","ping_status":"closed","template":"","meta":{"footnotes":""},"class_list":["post-200","page","type-page","status-publish","hentry"],"yoast_head":"<!-- This site is optimized with the Yoast SEO plugin v23.4 - https:\/\/yoast.com\/wordpress\/plugins\/seo\/ -->\n<title>Accueil - La maison des Esprits<\/title>\n<meta name=\"robots\" content=\"index, follow, max-snippet:-1, max-image-preview:large, max-video-preview:-1\" \/>\n<link rel=\"canonical\" href=\"https:\/\/www.lamaisondesesprits.com\/\" \/>\n<meta property=\"og:locale\" content=\"fr_FR\" \/>\n<meta property=\"og:type\" content=\"article\" \/>\n<meta property=\"og:title\" content=\"Accueil - La maison des Esprits\" \/>\n<meta property=\"og:description\" content=\"&lt;!&gt; Breaking NEWS &lt;!&gt; Soir\u00e9e EMI-OBE-Experiences extraordinaires 31 mars La Maison des Esprits (MdE) est une association d\u00e9di\u00e9e au bien-\u00eatre et \u00e0 l\u2019\u00e9nerg\u00e9tique Que pouvons nous faire pour vous? \u2013 Qui sommes-nous \u2013 La Maison des Esprits est une association fond\u00e9e en 2024 par Fabien et Charly, deux m\u00e9diums aux parcours diff\u00e9rents et compl\u00e9mentaires. Install\u00e9s &hellip; Continuer la lecture de &laquo;&nbsp;Accueil&nbsp;&raquo;\" \/>\n<meta property=\"og:url\" content=\"https:\/\/www.lamaisondesesprits.com\/\" \/>\n<meta property=\"og:site_name\" content=\"La maison des Esprits\" \/>\n<meta property=\"article:publisher\" content=\"https:\/\/www.facebook.com\/profile.php?id=61556472309041\" \/>\n<meta property=\"article:modified_time\" content=\"2026-03-29T19:00:09+00:00\" \/>\n<meta property=\"og:image\" content=\"http:\/\/www.lamaisondesesprits.com\/wp-content\/uploads\/2026\/03\/affiche-EMI-683x1024.png\" \/>\n<meta name=\"twitter:card\" content=\"summary_large_image\" \/>\n<meta name=\"twitter:label1\" content=\"Dur\u00e9e de lecture estim\u00e9e\" \/>\n\t<meta name=\"twitter:data1\" content=\"3 minutes\" \/>\n<script type=\"application\/ld+json\" class=\"yoast-schema-graph\">{\"@context\":\"https:\/\/schema.org\",\"@graph\":[{\"@type\":\"WebPage\",\"@id\":\"https:\/\/www.lamaisondesesprits.com\/\",\"url\":\"https:\/\/www.lamaisondesesprits.com\/\",\"name\":\"Accueil - La maison des Esprits\",\"isPartOf\":{\"@id\":\"https:\/\/www.lamaisondesesprits.com\/#website\"},\"primaryImageOfPage\":{\"@id\":\"https:\/\/www.lamaisondesesprits.com\/#primaryimage\"},\"image\":{\"@id\":\"https:\/\/www.lamaisondesesprits.com\/#primaryimage\"},\"thumbnailUrl\":\"http:\/\/www.lamaisondesesprits.com\/wp-content\/uploads\/2026\/03\/affiche-EMI-683x1024.png\",\"datePublished\":\"2024-05-10T16:50:46+00:00\",\"dateModified\":\"2026-03-29T19:00:09+00:00\",\"breadcrumb\":{\"@id\":\"https:\/\/www.lamaisondesesprits.com\/#breadcrumb\"},\"inLanguage\":\"fr-FR\",\"potentialAction\":[{\"@type\":\"ReadAction\",\"target\":[\"https:\/\/www.lamaisondesesprits.com\/\"]}]},{\"@type\":\"ImageObject\",\"inLanguage\":\"fr-FR\",\"@id\":\"https:\/\/www.lamaisondesesprits.com\/#primaryimage\",\"url\":\"https:\/\/www.lamaisondesesprits.com\/wp-content\/uploads\/2026\/03\/affiche-EMI.png\",\"contentUrl\":\"https:\/\/www.lamaisondesesprits.com\/wp-content\/uploads\/2026\/03\/affiche-EMI.png\",\"width\":1024,\"height\":1536},{\"@type\":\"BreadcrumbList\",\"@id\":\"https:\/\/www.lamaisondesesprits.com\/#breadcrumb\",\"itemListElement\":[{\"@type\":\"ListItem\",\"position\":1,\"name\":\"Accueil\",\"item\":\"https:\/\/www.lamaisondesesprits.com\/\"},{\"@type\":\"ListItem\",\"position\":2,\"name\":\"Accueil\"}]},{\"@type\":\"WebSite\",\"@id\":\"https:\/\/www.lamaisondesesprits.com\/#website\",\"url\":\"https:\/\/www.lamaisondesesprits.com\/\",\"name\":\"La maison des Esprits\",\"description\":\"&quot; Vous \u00eates au bon endroit &quot;\",\"potentialAction\":[{\"@type\":\"SearchAction\",\"target\":{\"@type\":\"EntryPoint\",\"urlTemplate\":\"https:\/\/www.lamaisondesesprits.com\/?s={search_term_string}\"},\"query-input\":{\"@type\":\"PropertyValueSpecification\",\"valueRequired\":true,\"valueName\":\"search_term_string\"}}],\"inLanguage\":\"fr-FR\"}]}<\/script>\n<!-- \/ Yoast SEO plugin. -->","yoast_head_json":{"title":"Accueil - La maison des Esprits","robots":{"index":"index","follow":"follow","max-snippet":"max-snippet:-1","max-image-preview":"max-image-preview:large","max-video-preview":"max-video-preview:-1"},"canonical":"https:\/\/www.lamaisondesesprits.com\/","og_locale":"fr_FR","og_type":"article","og_title":"Accueil - La maison des Esprits","og_description":"&lt;!> Breaking NEWS &lt;!> Soir\u00e9e EMI-OBE-Experiences extraordinaires 31 mars La Maison des Esprits (MdE) est une association d\u00e9di\u00e9e au bien-\u00eatre et \u00e0 l\u2019\u00e9nerg\u00e9tique Que pouvons nous faire pour vous? \u2013 Qui sommes-nous \u2013 La Maison des Esprits est une association fond\u00e9e en 2024 par Fabien et Charly, deux m\u00e9diums aux parcours diff\u00e9rents et compl\u00e9mentaires. Install\u00e9s &hellip; Continuer la lecture de &laquo;&nbsp;Accueil&nbsp;&raquo;","og_url":"https:\/\/www.lamaisondesesprits.com\/","og_site_name":"La maison des Esprits","article_publisher":"https:\/\/www.facebook.com\/profile.php?id=61556472309041","article_modified_time":"2026-03-29T19:00:09+00:00","og_image":[{"url":"http:\/\/www.lamaisondesesprits.com\/wp-content\/uploads\/2026\/03\/affiche-EMI-683x1024.png"}],"twitter_card":"summary_large_image","twitter_misc":{"Dur\u00e9e de lecture estim\u00e9e":"3 minutes"},"schema":{"@context":"https:\/\/schema.org","@graph":[{"@type":"WebPage","@id":"https:\/\/www.lamaisondesesprits.com\/","url":"https:\/\/www.lamaisondesesprits.com\/","name":"Accueil - La maison des Esprits","isPartOf":{"@id":"https:\/\/www.lamaisondesesprits.com\/#website"},"primaryImageOfPage":{"@id":"https:\/\/www.lamaisondesesprits.com\/#primaryimage"},"image":{"@id":"https:\/\/www.lamaisondesesprits.com\/#primaryimage"},"thumbnailUrl":"http:\/\/www.lamaisondesesprits.com\/wp-content\/uploads\/2026\/03\/affiche-EMI-683x1024.png","datePublished":"2024-05-10T16:50:46+00:00","dateModified":"2026-03-29T19:00:09+00:00","breadcrumb":{"@id":"https:\/\/www.lamaisondesesprits.com\/#breadcrumb"},"inLanguage":"fr-FR","potentialAction":[{"@type":"ReadAction","target":["https:\/\/www.lamaisondesesprits.com\/"]}]},{"@type":"ImageObject","inLanguage":"fr-FR","@id":"https:\/\/www.lamaisondesesprits.com\/#primaryimage","url":"https:\/\/www.lamaisondesesprits.com\/wp-content\/uploads\/2026\/03\/affiche-EMI.png","contentUrl":"https:\/\/www.lamaisondesesprits.com\/wp-content\/uploads\/2026\/03\/affiche-EMI.png","width":1024,"height":1536},{"@type":"BreadcrumbList","@id":"https:\/\/www.lamaisondesesprits.com\/#breadcrumb","itemListElement":[{"@type":"ListItem","position":1,"name":"Accueil","item":"https:\/\/www.lamaisondesesprits.com\/"},{"@type":"ListItem","position":2,"name":"Accueil"}]},{"@type":"WebSite","@id":"https:\/\/www.lamaisondesesprits.com\/#website","url":"https:\/\/www.lamaisondesesprits.com\/","name":"La maison des Esprits","description":"&quot; Vous \u00eates au bon endroit &quot;","potentialAction":[{"@type":"SearchAction","target":{"@type":"EntryPoint","urlTemplate":"https:\/\/www.lamaisondesesprits.com\/?s={search_term_string}"},"query-input":{"@type":"PropertyValueSpecification","valueRequired":true,"valueName":"search_term_string"}}],"inLanguage":"fr-FR"}]}},"_links":{"self":[{"href":"https:\/\/www.lamaisondesesprits.com\/index.php\/wp-json\/wp\/v2\/pages\/200","targetHints":{"allow":["GET"]}}],"collection":[{"href":"https:\/\/www.lamaisondesesprits.com\/index.php\/wp-json\/wp\/v2\/pages"}],"about":[{"href":"https:\/\/www.lamaisondesesprits.com\/index.php\/wp-json\/wp\/v2\/types\/page"}],"author":[{"embeddable":true,"href":"https:\/\/www.lamaisondesesprits.com\/index.php\/wp-json\/wp\/v2\/users\/1"}],"replies":[{"embeddable":true,"href":"https:\/\/www.lamaisondesesprits.com\/index.php\/wp-json\/wp\/v2\/comments?post=200"}],"version-history":[{"count":101,"href":"https:\/\/www.lamaisondesesprits.com\/index.php\/wp-json\/wp\/v2\/pages\/200\/revisions"}],"predecessor-version":[{"id":2335,"href":"https:\/\/www.lamaisondesesprits.com\/index.php\/wp-json\/wp\/v2\/pages\/200\/revisions\/2335"}],"wp:attachment":[{"href":"https:\/\/www.lamaisondesesprits.com\/index.php\/wp-json\/wp\/v2\/media?parent=200"}],"curies":[{"name":"wp","href":"https:\/\/api.w.org\/{rel}","templated":true}]}}