{"id":1997,"date":"2026-02-08T15:03:54","date_gmt":"2026-02-08T14:03:54","guid":{"rendered":"https:\/\/www.lamaisondesesprits.com\/?page_id=1997"},"modified":"2026-02-08T18:52:07","modified_gmt":"2026-02-08T17:52:07","slug":"lecole","status":"publish","type":"page","link":"https:\/\/www.lamaisondesesprits.com\/index.php\/lecole\/","title":{"rendered":"L&#8217;Ecole"},"content":{"rendered":"\n<div class=\"wp-block-cover\" style=\"min-height:293px;aspect-ratio:unset;\"><img fetchpriority=\"high\" decoding=\"async\" width=\"683\" height=\"1024\" class=\"wp-block-cover__image-background wp-image-2081 size-large\" alt=\"\" src=\"https:\/\/www.lamaisondesesprits.com\/wp-content\/uploads\/2026\/02\/ecole-sans-ecriture-683x1024.png\" data-object-fit=\"cover\" srcset=\"https:\/\/www.lamaisondesesprits.com\/wp-content\/uploads\/2026\/02\/ecole-sans-ecriture-683x1024.png 683w, https:\/\/www.lamaisondesesprits.com\/wp-content\/uploads\/2026\/02\/ecole-sans-ecriture-200x300.png 200w, https:\/\/www.lamaisondesesprits.com\/wp-content\/uploads\/2026\/02\/ecole-sans-ecriture-768x1152.png 768w, https:\/\/www.lamaisondesesprits.com\/wp-content\/uploads\/2026\/02\/ecole-sans-ecriture.png 1024w\" sizes=\"(max-width: 683px) 100vw, 683px\" \/><span aria-hidden=\"true\" class=\"wp-block-cover__background has-background-dim\" style=\"background-color:#a17047\"><\/span><div class=\"wp-block-cover__inner-container is-layout-constrained wp-block-cover-is-layout-constrained\">\n<p class=\"has-text-align-center has-large-font-size\">L&#8217;Ecole &#8211; L&#8217;ouverture des sens subtils et de la M\u00e9diumnit\u00e9<\/p>\n<\/div><\/div>\n\n\n\n<p><\/p>\n\n\n\n<p class=\"has-text-align-center\">Le d\u00e9veloppement des <strong>sens subtils m\u00e9diumniques<\/strong> est un chemin <strong>personnel<\/strong>, qui se fait \u00e0 des rythmes diff\u00e9rents selon chacun.<br>Il ne s\u2019agit ni d\u2019un don instantan\u00e9, ni d\u2019un savoir que l\u2019on transmet m\u00e9caniquement, mais d\u2019un <strong>processus progressif<\/strong>, qui demande du temps, de la stabilit\u00e9 et un cadre s\u00e9curisant.<\/p>\n\n\n\n<div class=\"wp-block-cover\" style=\"min-height:117px;aspect-ratio:unset;\"><img decoding=\"async\" width=\"683\" height=\"1024\" class=\"wp-block-cover__image-background wp-image-2081 size-large\" alt=\"\" src=\"http:\/\/www.lamaisondesesprits.com\/wp-content\/uploads\/2026\/02\/ecole-sans-ecriture-683x1024.png\" data-object-fit=\"cover\" srcset=\"https:\/\/www.lamaisondesesprits.com\/wp-content\/uploads\/2026\/02\/ecole-sans-ecriture-683x1024.png 683w, https:\/\/www.lamaisondesesprits.com\/wp-content\/uploads\/2026\/02\/ecole-sans-ecriture-200x300.png 200w, https:\/\/www.lamaisondesesprits.com\/wp-content\/uploads\/2026\/02\/ecole-sans-ecriture-768x1152.png 768w, https:\/\/www.lamaisondesesprits.com\/wp-content\/uploads\/2026\/02\/ecole-sans-ecriture.png 1024w\" sizes=\"(max-width: 683px) 100vw, 683px\" \/><span aria-hidden=\"true\" class=\"wp-block-cover__background has-background-dim\" style=\"background-color:#a17047\"><\/span><div class=\"wp-block-cover__inner-container is-layout-constrained wp-block-cover-is-layout-constrained\">\n<p class=\"has-text-align-center has-large-font-size\">Qu&#8217;est ce qu&#8217;un M\u00e9dium? <\/p>\n<\/div><\/div>\n\n\n\n<h3 class=\"wp-block-heading\"><strong>Qu\u2019est-ce qu\u2019un m\u00e9dium ?<\/strong><\/h3>\n\n\n\n<p class=\"has-text-align-center\">Un m\u00e9dium est une personne capable de <strong>communiquer efficacement avec les \u00eatres invisibles<\/strong>, de savoir les reconna\u00eetre, <strong>s\u2019en d\u00e9fendre lorsque c\u2019est n\u00e9cessaire<\/strong>, et travailler en collaboration avec eux de mani\u00e8re consciente et ma\u00eetris\u00e9e. Il peut \u00e9galement avoir acc\u00e8s aux plans subtils des autres, et ainsi proposer d<strong>es soins sur les corps \u00e9nerg\u00e9tiques<\/strong> des personnes qui le sollicite.<\/p>\n\n\n\n<p class=\"has-text-align-center\"><strong> Cela se fait toujours dans le respect du consentement et du Libre Arbitre. <\/strong><\/p>\n\n\n\n<p class=\"has-text-align-center\"><br>Cette capacit\u00e9 repose sur une <strong>ouverture franche et s\u00e9curis\u00e9e des sens m\u00e9diumniques<\/strong>, aussi appel\u00e9s sens subtils.<\/p>\n\n\n\n<p class=\"has-text-align-center\">Sans cadre, cette ouverture peut \u00eatre confuse, envahissante ou mal comprise. C\u2019est pourquoi elle doit \u00eatre <strong>accompagn\u00e9e<\/strong>, structur\u00e9e et adapt\u00e9e \u00e0 chaque personne.<\/p>\n\n\n\n<div class=\"wp-block-cover\" style=\"min-height:171px;aspect-ratio:unset;\"><img decoding=\"async\" width=\"683\" height=\"1024\" class=\"wp-block-cover__image-background wp-image-2081 size-large\" alt=\"\" src=\"http:\/\/www.lamaisondesesprits.com\/wp-content\/uploads\/2026\/02\/ecole-sans-ecriture-683x1024.png\" data-object-fit=\"cover\" srcset=\"https:\/\/www.lamaisondesesprits.com\/wp-content\/uploads\/2026\/02\/ecole-sans-ecriture-683x1024.png 683w, https:\/\/www.lamaisondesesprits.com\/wp-content\/uploads\/2026\/02\/ecole-sans-ecriture-200x300.png 200w, https:\/\/www.lamaisondesesprits.com\/wp-content\/uploads\/2026\/02\/ecole-sans-ecriture-768x1152.png 768w, https:\/\/www.lamaisondesesprits.com\/wp-content\/uploads\/2026\/02\/ecole-sans-ecriture.png 1024w\" sizes=\"(max-width: 683px) 100vw, 683px\" \/><span aria-hidden=\"true\" class=\"wp-block-cover__background has-background-dim\" style=\"background-color:#a17047\"><\/span><div class=\"wp-block-cover__inner-container is-layout-constrained wp-block-cover-is-layout-constrained\">\n<p class=\"has-text-align-center has-large-font-size\">Une Ecole pour accompagner un v\u00e9ritable cheminement<\/p>\n<\/div><\/div>\n\n\n\n<p><\/p>\n\n\n\n<p class=\"has-text-align-center\">\u00c0 la Maison des Esprits, nous accompagnons celles et ceux qui se sentent appel\u00e9s par la voie du m\u00e9dium, qu\u2019ils soient au d\u00e9but de leur chemin ou d\u00e9j\u00e0 confront\u00e9s \u00e0 des perceptions actives.<\/p>\n\n\n\n<p>Nous avons con\u00e7u <strong>plusieurs types de suivis<\/strong>, afin de respecter les besoins, les contraintes et le rythme de chacun.<\/p>\n\n\n\n<div class=\"wp-block-cover\" style=\"min-height:117px;aspect-ratio:unset;\"><img decoding=\"async\" width=\"683\" height=\"1024\" class=\"wp-block-cover__image-background wp-image-2081 size-large\" alt=\"\" src=\"http:\/\/www.lamaisondesesprits.com\/wp-content\/uploads\/2026\/02\/ecole-sans-ecriture-683x1024.png\" data-object-fit=\"cover\" srcset=\"https:\/\/www.lamaisondesesprits.com\/wp-content\/uploads\/2026\/02\/ecole-sans-ecriture-683x1024.png 683w, https:\/\/www.lamaisondesesprits.com\/wp-content\/uploads\/2026\/02\/ecole-sans-ecriture-200x300.png 200w, https:\/\/www.lamaisondesesprits.com\/wp-content\/uploads\/2026\/02\/ecole-sans-ecriture-768x1152.png 768w, https:\/\/www.lamaisondesesprits.com\/wp-content\/uploads\/2026\/02\/ecole-sans-ecriture.png 1024w\" sizes=\"(max-width: 683px) 100vw, 683px\" \/><span aria-hidden=\"true\" class=\"wp-block-cover__background has-background-dim\" style=\"background-color:#a17047\"><\/span><div class=\"wp-block-cover__inner-container is-layout-constrained wp-block-cover-is-layout-constrained\">\n<p class=\"has-text-align-center has-large-font-size\">Nos Accompagnements<\/p>\n<\/div><\/div>\n\n\n\n<h3 class=\"wp-block-heading has-text-align-center\">Deux formes d\u2019accompagnement<\/h3>\n\n\n\n<p class=\"has-text-align-center\">Nous proposons <strong>deux formats principaux<\/strong> pour accompagner l\u2019ouverture et le d\u00e9veloppement des sens subtils :<\/p>\n\n\n\n<p class=\"has-text-align-center\"><strong>Les stages longs<\/strong>, d\u2019une dur\u00e9e de <strong>7 \u00e0 9 semaines<\/strong>, sont ceux que nous recommandons.<br>Ils permettent un travail en profondeur, progressif et s\u00e9curis\u00e9, indispensable lorsque l\u2019ouverture des sens m\u00e9diumniques prend du temps \u2014 ce qui est le cas le plus fr\u00e9quent.<br>Ces stages peuvent se d\u00e9rouler <strong>\u00e0 distance ou en pr\u00e9sentiel<\/strong>.<\/p>\n\n\n\n<p class=\"has-text-align-center\"><strong>Les stages courts<\/strong> s\u2019adressent aux personnes qui ne souhaitent pas attendre ou qui ont besoin d\u2019un accompagnement plus cibl\u00e9.<br>Ils sont <strong>de pr\u00e9f\u00e9rence r\u00e9alis\u00e9s en pr\u00e9sentiel<\/strong>, mais peuvent \u00eatre adapt\u00e9s \u00e0 distance selon les situations et les besoins sp\u00e9cifiques.<\/p>\n\n\n\n<div class=\"wp-block-columns is-layout-flex wp-container-core-columns-is-layout-9d6595d7 wp-block-columns-is-layout-flex\">\n<div class=\"wp-block-column is-layout-flow wp-block-column-is-layout-flow\">\n<figure class=\"wp-block-image size-large\"><a href=\"https:\/\/www.lamaisondesesprits.com\/index.php\/formations\/\"><img decoding=\"async\" width=\"1024\" height=\"683\" src=\"https:\/\/www.lamaisondesesprits.com\/wp-content\/uploads\/2026\/02\/stages-longs-cest-par-ici-1024x683.png\" alt=\"\" class=\"wp-image-2107\" srcset=\"https:\/\/www.lamaisondesesprits.com\/wp-content\/uploads\/2026\/02\/stages-longs-cest-par-ici-1024x683.png 1024w, https:\/\/www.lamaisondesesprits.com\/wp-content\/uploads\/2026\/02\/stages-longs-cest-par-ici-300x200.png 300w, https:\/\/www.lamaisondesesprits.com\/wp-content\/uploads\/2026\/02\/stages-longs-cest-par-ici-768x512.png 768w, https:\/\/www.lamaisondesesprits.com\/wp-content\/uploads\/2026\/02\/stages-longs-cest-par-ici.png 1536w\" sizes=\"(max-width: 706px) 89vw, (max-width: 767px) 82vw, 740px\" \/><\/a><\/figure>\n<\/div>\n\n\n\n<div class=\"wp-block-column is-layout-flow wp-block-column-is-layout-flow\">\n<figure class=\"wp-block-image size-large\"><a href=\"https:\/\/www.lamaisondesesprits.com\/index.php\/accompagnements-courts\/\"><img loading=\"lazy\" decoding=\"async\" width=\"1024\" height=\"683\" src=\"https:\/\/www.lamaisondesesprits.com\/wp-content\/uploads\/2026\/02\/stages-courts-cest-par-ici-1024x683.png\" alt=\"\" class=\"wp-image-2109\" srcset=\"https:\/\/www.lamaisondesesprits.com\/wp-content\/uploads\/2026\/02\/stages-courts-cest-par-ici-1024x683.png 1024w, https:\/\/www.lamaisondesesprits.com\/wp-content\/uploads\/2026\/02\/stages-courts-cest-par-ici-300x200.png 300w, https:\/\/www.lamaisondesesprits.com\/wp-content\/uploads\/2026\/02\/stages-courts-cest-par-ici-768x512.png 768w, https:\/\/www.lamaisondesesprits.com\/wp-content\/uploads\/2026\/02\/stages-courts-cest-par-ici.png 1536w\" sizes=\"(max-width: 706px) 89vw, (max-width: 767px) 82vw, 740px\" \/><\/a><\/figure>\n<\/div>\n<\/div>\n","protected":false},"excerpt":{"rendered":"<p>Le d\u00e9veloppement des sens subtils m\u00e9diumniques est un chemin personnel, qui se fait \u00e0 des rythmes diff\u00e9rents selon chacun.Il ne s\u2019agit ni d\u2019un don instantan\u00e9, ni d\u2019un savoir que l\u2019on transmet m\u00e9caniquement, mais d\u2019un processus progressif, qui demande du temps, de la stabilit\u00e9 et un cadre s\u00e9curisant. Qu\u2019est-ce qu\u2019un m\u00e9dium ? Un m\u00e9dium est une &hellip; <\/p>\n<p class=\"link-more\"><a href=\"https:\/\/www.lamaisondesesprits.com\/index.php\/lecole\/\" class=\"more-link\">Continue reading<span class=\"screen-reader-text\"> &#8220;L&#8217;Ecole&#8221;<\/span><\/a><\/p>\n","protected":false},"author":2,"featured_media":0,"parent":0,"menu_order":0,"comment_status":"closed","ping_status":"closed","template":"","meta":{"footnotes":""},"class_list":["post-1997","page","type-page","status-publish","hentry"],"yoast_head":"<!-- This site is optimized with the Yoast SEO plugin v23.4 - https:\/\/yoast.com\/wordpress\/plugins\/seo\/ -->\n<title>L&#039;Ecole - La maison des Esprits<\/title>\n<meta name=\"robots\" content=\"index, follow, max-snippet:-1, max-image-preview:large, max-video-preview:-1\" \/>\n<link rel=\"canonical\" href=\"https:\/\/www.lamaisondesesprits.com\/index.php\/lecole\/\" \/>\n<meta property=\"og:locale\" content=\"en_US\" \/>\n<meta property=\"og:type\" content=\"article\" \/>\n<meta property=\"og:title\" content=\"L&#039;Ecole - La maison des Esprits\" \/>\n<meta property=\"og:description\" content=\"Le d\u00e9veloppement des sens subtils m\u00e9diumniques est un chemin personnel, qui se fait \u00e0 des rythmes diff\u00e9rents selon chacun.Il ne s\u2019agit ni d\u2019un don instantan\u00e9, ni d\u2019un savoir que l\u2019on transmet m\u00e9caniquement, mais d\u2019un processus progressif, qui demande du temps, de la stabilit\u00e9 et un cadre s\u00e9curisant. Qu\u2019est-ce qu\u2019un m\u00e9dium ? Un m\u00e9dium est une &hellip; Continue reading &quot;L&#8217;Ecole&quot;\" \/>\n<meta property=\"og:url\" content=\"https:\/\/www.lamaisondesesprits.com\/index.php\/lecole\/\" \/>\n<meta property=\"og:site_name\" content=\"La maison des Esprits\" \/>\n<meta property=\"article:publisher\" content=\"https:\/\/www.facebook.com\/profile.php?id=61556472309041\" \/>\n<meta property=\"article:modified_time\" content=\"2026-02-08T17:52:07+00:00\" \/>\n<meta property=\"og:image\" content=\"https:\/\/www.lamaisondesesprits.com\/wp-content\/uploads\/2026\/02\/ecole-sans-ecriture-683x1024.png\" \/>\n<meta name=\"twitter:card\" content=\"summary_large_image\" \/>\n<meta name=\"twitter:label1\" content=\"Est. reading time\" \/>\n\t<meta name=\"twitter:data1\" content=\"3 minutes\" \/>\n<script type=\"application\/ld+json\" class=\"yoast-schema-graph\">{\"@context\":\"https:\/\/schema.org\",\"@graph\":[{\"@type\":\"WebPage\",\"@id\":\"https:\/\/www.lamaisondesesprits.com\/index.php\/lecole\/\",\"url\":\"https:\/\/www.lamaisondesesprits.com\/index.php\/lecole\/\",\"name\":\"L'Ecole - La maison des Esprits\",\"isPartOf\":{\"@id\":\"https:\/\/www.lamaisondesesprits.com\/#website\"},\"primaryImageOfPage\":{\"@id\":\"https:\/\/www.lamaisondesesprits.com\/index.php\/lecole\/#primaryimage\"},\"image\":{\"@id\":\"https:\/\/www.lamaisondesesprits.com\/index.php\/lecole\/#primaryimage\"},\"thumbnailUrl\":\"https:\/\/www.lamaisondesesprits.com\/wp-content\/uploads\/2026\/02\/ecole-sans-ecriture-683x1024.png\",\"datePublished\":\"2026-02-08T14:03:54+00:00\",\"dateModified\":\"2026-02-08T17:52:07+00:00\",\"breadcrumb\":{\"@id\":\"https:\/\/www.lamaisondesesprits.com\/index.php\/lecole\/#breadcrumb\"},\"inLanguage\":\"en-US\",\"potentialAction\":[{\"@type\":\"ReadAction\",\"target\":[\"https:\/\/www.lamaisondesesprits.com\/index.php\/lecole\/\"]}]},{\"@type\":\"ImageObject\",\"inLanguage\":\"en-US\",\"@id\":\"https:\/\/www.lamaisondesesprits.com\/index.php\/lecole\/#primaryimage\",\"url\":\"https:\/\/www.lamaisondesesprits.com\/wp-content\/uploads\/2026\/02\/ecole-sans-ecriture.png\",\"contentUrl\":\"https:\/\/www.lamaisondesesprits.com\/wp-content\/uploads\/2026\/02\/ecole-sans-ecriture.png\",\"width\":1024,\"height\":1536},{\"@type\":\"BreadcrumbList\",\"@id\":\"https:\/\/www.lamaisondesesprits.com\/index.php\/lecole\/#breadcrumb\",\"itemListElement\":[{\"@type\":\"ListItem\",\"position\":1,\"name\":\"Accueil\",\"item\":\"https:\/\/www.lamaisondesesprits.com\/\"},{\"@type\":\"ListItem\",\"position\":2,\"name\":\"L&#8217;Ecole\"}]},{\"@type\":\"WebSite\",\"@id\":\"https:\/\/www.lamaisondesesprits.com\/#website\",\"url\":\"https:\/\/www.lamaisondesesprits.com\/\",\"name\":\"La maison des Esprits\",\"description\":\"&quot; Vous \u00eates au bon endroit &quot;\",\"potentialAction\":[{\"@type\":\"SearchAction\",\"target\":{\"@type\":\"EntryPoint\",\"urlTemplate\":\"https:\/\/www.lamaisondesesprits.com\/?s={search_term_string}\"},\"query-input\":{\"@type\":\"PropertyValueSpecification\",\"valueRequired\":true,\"valueName\":\"search_term_string\"}}],\"inLanguage\":\"en-US\"}]}<\/script>\n<!-- \/ Yoast SEO plugin. -->","yoast_head_json":{"title":"L'Ecole - La maison des Esprits","robots":{"index":"index","follow":"follow","max-snippet":"max-snippet:-1","max-image-preview":"max-image-preview:large","max-video-preview":"max-video-preview:-1"},"canonical":"https:\/\/www.lamaisondesesprits.com\/index.php\/lecole\/","og_locale":"en_US","og_type":"article","og_title":"L'Ecole - La maison des Esprits","og_description":"Le d\u00e9veloppement des sens subtils m\u00e9diumniques est un chemin personnel, qui se fait \u00e0 des rythmes diff\u00e9rents selon chacun.Il ne s\u2019agit ni d\u2019un don instantan\u00e9, ni d\u2019un savoir que l\u2019on transmet m\u00e9caniquement, mais d\u2019un processus progressif, qui demande du temps, de la stabilit\u00e9 et un cadre s\u00e9curisant. Qu\u2019est-ce qu\u2019un m\u00e9dium ? Un m\u00e9dium est une &hellip; Continue reading \"L&#8217;Ecole\"","og_url":"https:\/\/www.lamaisondesesprits.com\/index.php\/lecole\/","og_site_name":"La maison des Esprits","article_publisher":"https:\/\/www.facebook.com\/profile.php?id=61556472309041","article_modified_time":"2026-02-08T17:52:07+00:00","og_image":[{"url":"https:\/\/www.lamaisondesesprits.com\/wp-content\/uploads\/2026\/02\/ecole-sans-ecriture-683x1024.png"}],"twitter_card":"summary_large_image","twitter_misc":{"Est. reading time":"3 minutes"},"schema":{"@context":"https:\/\/schema.org","@graph":[{"@type":"WebPage","@id":"https:\/\/www.lamaisondesesprits.com\/index.php\/lecole\/","url":"https:\/\/www.lamaisondesesprits.com\/index.php\/lecole\/","name":"L'Ecole - La maison des Esprits","isPartOf":{"@id":"https:\/\/www.lamaisondesesprits.com\/#website"},"primaryImageOfPage":{"@id":"https:\/\/www.lamaisondesesprits.com\/index.php\/lecole\/#primaryimage"},"image":{"@id":"https:\/\/www.lamaisondesesprits.com\/index.php\/lecole\/#primaryimage"},"thumbnailUrl":"https:\/\/www.lamaisondesesprits.com\/wp-content\/uploads\/2026\/02\/ecole-sans-ecriture-683x1024.png","datePublished":"2026-02-08T14:03:54+00:00","dateModified":"2026-02-08T17:52:07+00:00","breadcrumb":{"@id":"https:\/\/www.lamaisondesesprits.com\/index.php\/lecole\/#breadcrumb"},"inLanguage":"en-US","potentialAction":[{"@type":"ReadAction","target":["https:\/\/www.lamaisondesesprits.com\/index.php\/lecole\/"]}]},{"@type":"ImageObject","inLanguage":"en-US","@id":"https:\/\/www.lamaisondesesprits.com\/index.php\/lecole\/#primaryimage","url":"https:\/\/www.lamaisondesesprits.com\/wp-content\/uploads\/2026\/02\/ecole-sans-ecriture.png","contentUrl":"https:\/\/www.lamaisondesesprits.com\/wp-content\/uploads\/2026\/02\/ecole-sans-ecriture.png","width":1024,"height":1536},{"@type":"BreadcrumbList","@id":"https:\/\/www.lamaisondesesprits.com\/index.php\/lecole\/#breadcrumb","itemListElement":[{"@type":"ListItem","position":1,"name":"Accueil","item":"https:\/\/www.lamaisondesesprits.com\/"},{"@type":"ListItem","position":2,"name":"L&#8217;Ecole"}]},{"@type":"WebSite","@id":"https:\/\/www.lamaisondesesprits.com\/#website","url":"https:\/\/www.lamaisondesesprits.com\/","name":"La maison des Esprits","description":"&quot; Vous \u00eates au bon endroit &quot;","potentialAction":[{"@type":"SearchAction","target":{"@type":"EntryPoint","urlTemplate":"https:\/\/www.lamaisondesesprits.com\/?s={search_term_string}"},"query-input":{"@type":"PropertyValueSpecification","valueRequired":true,"valueName":"search_term_string"}}],"inLanguage":"en-US"}]}},"_links":{"self":[{"href":"https:\/\/www.lamaisondesesprits.com\/index.php\/wp-json\/wp\/v2\/pages\/1997","targetHints":{"allow":["GET"]}}],"collection":[{"href":"https:\/\/www.lamaisondesesprits.com\/index.php\/wp-json\/wp\/v2\/pages"}],"about":[{"href":"https:\/\/www.lamaisondesesprits.com\/index.php\/wp-json\/wp\/v2\/types\/page"}],"author":[{"embeddable":true,"href":"https:\/\/www.lamaisondesesprits.com\/index.php\/wp-json\/wp\/v2\/users\/2"}],"replies":[{"embeddable":true,"href":"https:\/\/www.lamaisondesesprits.com\/index.php\/wp-json\/wp\/v2\/comments?post=1997"}],"version-history":[{"count":10,"href":"https:\/\/www.lamaisondesesprits.com\/index.php\/wp-json\/wp\/v2\/pages\/1997\/revisions"}],"predecessor-version":[{"id":2115,"href":"https:\/\/www.lamaisondesesprits.com\/index.php\/wp-json\/wp\/v2\/pages\/1997\/revisions\/2115"}],"wp:attachment":[{"href":"https:\/\/www.lamaisondesesprits.com\/index.php\/wp-json\/wp\/v2\/media?parent=1997"}],"curies":[{"name":"wp","href":"https:\/\/api.w.org\/{rel}","templated":true}]}}