{"id":17,"date":"2024-04-26T22:59:45","date_gmt":"2024-04-26T20:59:45","guid":{"rendered":"http:\/\/www.lamaisondesesprits.com\/index.php\/home\/"},"modified":"2024-09-30T02:19:39","modified_gmt":"2024-09-30T00:19:39","slug":"home","status":"publish","type":"page","link":"https:\/\/www.lamaisondesesprits.com\/index.php\/home\/","title":{"rendered":"Prestations"},"content":{"rendered":"\n<p class=\"has-text-align-center\">Quand vous venez \u00e0 la maison des Esprits, vous voulez des prestations claires et simples, avec des tarifs en toute transparence. Aussi pour ce faire, nous nous mobilisons autour de vos probl\u00e9matiques dans le cadre d&#8217;un projet global. <\/p>\n\n\n\n<p>Nous proposons donc des donations sous forme de forfait apr\u00e8s un entretien individuel qui est gratuit et sans obligation. A la suite de cet entretien les m\u00e9diums de la Maison des Esprits seront capables d&#8217;\u00e9valuer les chances de r\u00e9ussite des projets et la compensation financi\u00e8re li\u00e9e.<\/p>\n\n\n\n<p class=\"has-text-align-center\">La Maison des Esprits vous re\u00e7oit sur rendez vous pour vous assurer la plus grande tranquillit\u00e9 durant les soins. Vous pouvez nous contacter sur les r\u00e9seaux ou bien sur nos num\u00e9ros professionnels :<\/p>\n\n\n<div class=\"wp-block-image is-style-rounded\">\n<figure class=\"aligncenter size-large is-resized\"><img fetchpriority=\"high\" decoding=\"async\" width=\"724\" height=\"1024\" src=\"http:\/\/www.lamaisondesesprits.com\/wp-content\/uploads\/2024\/08\/IMG_1497-724x1024.jpeg\" alt=\"\" class=\"wp-image-879\" style=\"width:353px;height:auto\" srcset=\"https:\/\/www.lamaisondesesprits.com\/wp-content\/uploads\/2024\/08\/IMG_1497-724x1024.jpeg 724w, https:\/\/www.lamaisondesesprits.com\/wp-content\/uploads\/2024\/08\/IMG_1497-212x300.jpeg 212w, https:\/\/www.lamaisondesesprits.com\/wp-content\/uploads\/2024\/08\/IMG_1497-768x1086.jpeg 768w, https:\/\/www.lamaisondesesprits.com\/wp-content\/uploads\/2024\/08\/IMG_1497-1086x1536.jpeg 1086w, https:\/\/www.lamaisondesesprits.com\/wp-content\/uploads\/2024\/08\/IMG_1497-1448x2048.jpeg 1448w, https:\/\/www.lamaisondesesprits.com\/wp-content\/uploads\/2024\/08\/IMG_1497-scaled.jpeg 1810w\" sizes=\"(max-width: 724px) 100vw, 724px\" \/><\/figure>\n<\/div>\n\n\n<p class=\"has-text-align-center\">Charline: 06 68 02 64 44 <\/p>\n\n\n\n<p class=\"has-text-align-center\">Fabien: 07 83 20 25 06<\/p>\n\n\n\n<p class=\"has-text-align-center\"><strong>Toutes nos interventions peuvent \u00eatre propos\u00e9es \u00e0 distance <\/strong><\/p>\n\n\n\n<p><\/p>\n\n\n\n<div class=\"wp-block-columns is-layout-flex wp-container-core-columns-is-layout-9d6595d7 wp-block-columns-is-layout-flex\">\n<div class=\"wp-block-column is-layout-flow wp-block-column-is-layout-flow\" style=\"flex-basis:66.66%\">\n<h1 class=\"wp-block-heading\">Type de prestation demand\u00e9e<\/h1>\n\n\n\n<p>Bilan \u00e9nerg\u00e9tique<\/p>\n\n\n\n<p>1\u00e8re s\u00e9ance<\/p>\n\n\n\n<p>1\u00e8re s\u00e9ance (nombre de personne \u00e0 traiter > 2)<\/p>\n\n\n\n<p>1\u00e8re s\u00e9ance (nombre de personne \u00e0 traiter > 4)<\/p>\n\n\n\n<p>Rendez vous de suivi suite 1\u00e8re s\u00e9ance<\/p>\n\n\n\n<p>Prestation Majeure : exorcisme *<\/p>\n<\/div>\n\n\n\n<div class=\"wp-block-column is-layout-flow wp-block-column-is-layout-flow\" style=\"flex-basis:33.33%\">\n<h1 class=\"wp-block-heading\">Prix<\/h1>\n\n\n\n<p>Gratuit<\/p>\n\n\n\n<p>125 \u20ac<\/p>\n\n\n\n<p>250 \u20ac<\/p>\n\n\n\n<p>300 \u20ac<\/p>\n\n\n\n<p>50 \u20ac<\/p>\n\n\n\n<p>250 \u20ac<\/p>\n<\/div>\n<\/div>\n\n\n\n<p>* cette prestation est propos\u00e9e uniquement suite \u00e0 un bilan et seulement dans le cas de ph\u00e9nom\u00e8nes particuliers sur les consultants.<\/p>\n\n\n\n<p><\/p>\n","protected":false},"excerpt":{"rendered":"<p>Quand vous venez \u00e0 la maison des Esprits, vous voulez des prestations claires et simples, avec des tarifs en toute transparence. Aussi pour ce faire, nous nous mobilisons autour de vos probl\u00e9matiques dans le cadre d&#8217;un projet global. Nous proposons donc des donations sous forme de forfait apr\u00e8s un entretien individuel qui est gratuit et &hellip; <\/p>\n<p class=\"link-more\"><a href=\"https:\/\/www.lamaisondesesprits.com\/index.php\/home\/\" class=\"more-link\">Continue reading<span class=\"screen-reader-text\"> &#8220;Prestations&#8221;<\/span><\/a><\/p>\n","protected":false},"author":1,"featured_media":0,"parent":0,"menu_order":0,"comment_status":"closed","ping_status":"closed","template":"","meta":{"footnotes":""},"class_list":["post-17","page","type-page","status-publish","hentry"],"yoast_head":"<!-- This site is optimized with the Yoast SEO plugin v23.4 - https:\/\/yoast.com\/wordpress\/plugins\/seo\/ -->\n<title>Prestations - La maison des Esprits<\/title>\n<meta name=\"robots\" content=\"index, follow, max-snippet:-1, max-image-preview:large, max-video-preview:-1\" \/>\n<link rel=\"canonical\" href=\"https:\/\/www.lamaisondesesprits.com\/index.php\/home\/\" \/>\n<meta property=\"og:locale\" content=\"en_US\" \/>\n<meta property=\"og:type\" content=\"article\" \/>\n<meta property=\"og:title\" content=\"Prestations - La maison des Esprits\" \/>\n<meta property=\"og:description\" content=\"Quand vous venez \u00e0 la maison des Esprits, vous voulez des prestations claires et simples, avec des tarifs en toute transparence. Aussi pour ce faire, nous nous mobilisons autour de vos probl\u00e9matiques dans le cadre d&#8217;un projet global. Nous proposons donc des donations sous forme de forfait apr\u00e8s un entretien individuel qui est gratuit et &hellip; Continue reading &quot;Prestations&quot;\" \/>\n<meta property=\"og:url\" content=\"https:\/\/www.lamaisondesesprits.com\/index.php\/home\/\" \/>\n<meta property=\"og:site_name\" content=\"La maison des Esprits\" \/>\n<meta property=\"article:publisher\" content=\"https:\/\/www.facebook.com\/profile.php?id=61556472309041\" \/>\n<meta property=\"article:modified_time\" content=\"2024-09-30T00:19:39+00:00\" \/>\n<meta property=\"og:image\" content=\"http:\/\/www.lamaisondesesprits.com\/wp-content\/uploads\/2024\/08\/IMG_1497-724x1024.jpeg\" \/>\n<meta name=\"twitter:card\" content=\"summary_large_image\" \/>\n<meta name=\"twitter:label1\" content=\"Est. reading time\" \/>\n\t<meta name=\"twitter:data1\" content=\"2 minutes\" \/>\n<script type=\"application\/ld+json\" class=\"yoast-schema-graph\">{\"@context\":\"https:\/\/schema.org\",\"@graph\":[{\"@type\":\"WebPage\",\"@id\":\"https:\/\/www.lamaisondesesprits.com\/index.php\/home\/\",\"url\":\"https:\/\/www.lamaisondesesprits.com\/index.php\/home\/\",\"name\":\"Prestations - La maison des Esprits\",\"isPartOf\":{\"@id\":\"https:\/\/www.lamaisondesesprits.com\/#website\"},\"primaryImageOfPage\":{\"@id\":\"https:\/\/www.lamaisondesesprits.com\/index.php\/home\/#primaryimage\"},\"image\":{\"@id\":\"https:\/\/www.lamaisondesesprits.com\/index.php\/home\/#primaryimage\"},\"thumbnailUrl\":\"http:\/\/www.lamaisondesesprits.com\/wp-content\/uploads\/2024\/08\/IMG_1497-724x1024.jpeg\",\"datePublished\":\"2024-04-26T20:59:45+00:00\",\"dateModified\":\"2024-09-30T00:19:39+00:00\",\"breadcrumb\":{\"@id\":\"https:\/\/www.lamaisondesesprits.com\/index.php\/home\/#breadcrumb\"},\"inLanguage\":\"en-US\",\"potentialAction\":[{\"@type\":\"ReadAction\",\"target\":[\"https:\/\/www.lamaisondesesprits.com\/index.php\/home\/\"]}]},{\"@type\":\"ImageObject\",\"inLanguage\":\"en-US\",\"@id\":\"https:\/\/www.lamaisondesesprits.com\/index.php\/home\/#primaryimage\",\"url\":\"https:\/\/www.lamaisondesesprits.com\/wp-content\/uploads\/2024\/08\/IMG_1497-scaled.jpeg\",\"contentUrl\":\"https:\/\/www.lamaisondesesprits.com\/wp-content\/uploads\/2024\/08\/IMG_1497-scaled.jpeg\",\"width\":1810,\"height\":2560},{\"@type\":\"BreadcrumbList\",\"@id\":\"https:\/\/www.lamaisondesesprits.com\/index.php\/home\/#breadcrumb\",\"itemListElement\":[{\"@type\":\"ListItem\",\"position\":1,\"name\":\"Accueil\",\"item\":\"https:\/\/www.lamaisondesesprits.com\/\"},{\"@type\":\"ListItem\",\"position\":2,\"name\":\"Prestations\"}]},{\"@type\":\"WebSite\",\"@id\":\"https:\/\/www.lamaisondesesprits.com\/#website\",\"url\":\"https:\/\/www.lamaisondesesprits.com\/\",\"name\":\"La maison des Esprits\",\"description\":\"&quot; Vous \u00eates au bon endroit &quot;\",\"potentialAction\":[{\"@type\":\"SearchAction\",\"target\":{\"@type\":\"EntryPoint\",\"urlTemplate\":\"https:\/\/www.lamaisondesesprits.com\/?s={search_term_string}\"},\"query-input\":{\"@type\":\"PropertyValueSpecification\",\"valueRequired\":true,\"valueName\":\"search_term_string\"}}],\"inLanguage\":\"en-US\"}]}<\/script>\n<!-- \/ Yoast SEO plugin. -->","yoast_head_json":{"title":"Prestations - La maison des Esprits","robots":{"index":"index","follow":"follow","max-snippet":"max-snippet:-1","max-image-preview":"max-image-preview:large","max-video-preview":"max-video-preview:-1"},"canonical":"https:\/\/www.lamaisondesesprits.com\/index.php\/home\/","og_locale":"en_US","og_type":"article","og_title":"Prestations - La maison des Esprits","og_description":"Quand vous venez \u00e0 la maison des Esprits, vous voulez des prestations claires et simples, avec des tarifs en toute transparence. Aussi pour ce faire, nous nous mobilisons autour de vos probl\u00e9matiques dans le cadre d&#8217;un projet global. Nous proposons donc des donations sous forme de forfait apr\u00e8s un entretien individuel qui est gratuit et &hellip; Continue reading \"Prestations\"","og_url":"https:\/\/www.lamaisondesesprits.com\/index.php\/home\/","og_site_name":"La maison des Esprits","article_publisher":"https:\/\/www.facebook.com\/profile.php?id=61556472309041","article_modified_time":"2024-09-30T00:19:39+00:00","og_image":[{"url":"http:\/\/www.lamaisondesesprits.com\/wp-content\/uploads\/2024\/08\/IMG_1497-724x1024.jpeg"}],"twitter_card":"summary_large_image","twitter_misc":{"Est. reading time":"2 minutes"},"schema":{"@context":"https:\/\/schema.org","@graph":[{"@type":"WebPage","@id":"https:\/\/www.lamaisondesesprits.com\/index.php\/home\/","url":"https:\/\/www.lamaisondesesprits.com\/index.php\/home\/","name":"Prestations - La maison des Esprits","isPartOf":{"@id":"https:\/\/www.lamaisondesesprits.com\/#website"},"primaryImageOfPage":{"@id":"https:\/\/www.lamaisondesesprits.com\/index.php\/home\/#primaryimage"},"image":{"@id":"https:\/\/www.lamaisondesesprits.com\/index.php\/home\/#primaryimage"},"thumbnailUrl":"http:\/\/www.lamaisondesesprits.com\/wp-content\/uploads\/2024\/08\/IMG_1497-724x1024.jpeg","datePublished":"2024-04-26T20:59:45+00:00","dateModified":"2024-09-30T00:19:39+00:00","breadcrumb":{"@id":"https:\/\/www.lamaisondesesprits.com\/index.php\/home\/#breadcrumb"},"inLanguage":"en-US","potentialAction":[{"@type":"ReadAction","target":["https:\/\/www.lamaisondesesprits.com\/index.php\/home\/"]}]},{"@type":"ImageObject","inLanguage":"en-US","@id":"https:\/\/www.lamaisondesesprits.com\/index.php\/home\/#primaryimage","url":"https:\/\/www.lamaisondesesprits.com\/wp-content\/uploads\/2024\/08\/IMG_1497-scaled.jpeg","contentUrl":"https:\/\/www.lamaisondesesprits.com\/wp-content\/uploads\/2024\/08\/IMG_1497-scaled.jpeg","width":1810,"height":2560},{"@type":"BreadcrumbList","@id":"https:\/\/www.lamaisondesesprits.com\/index.php\/home\/#breadcrumb","itemListElement":[{"@type":"ListItem","position":1,"name":"Accueil","item":"https:\/\/www.lamaisondesesprits.com\/"},{"@type":"ListItem","position":2,"name":"Prestations"}]},{"@type":"WebSite","@id":"https:\/\/www.lamaisondesesprits.com\/#website","url":"https:\/\/www.lamaisondesesprits.com\/","name":"La maison des Esprits","description":"&quot; Vous \u00eates au bon endroit &quot;","potentialAction":[{"@type":"SearchAction","target":{"@type":"EntryPoint","urlTemplate":"https:\/\/www.lamaisondesesprits.com\/?s={search_term_string}"},"query-input":{"@type":"PropertyValueSpecification","valueRequired":true,"valueName":"search_term_string"}}],"inLanguage":"en-US"}]}},"_links":{"self":[{"href":"https:\/\/www.lamaisondesesprits.com\/index.php\/wp-json\/wp\/v2\/pages\/17","targetHints":{"allow":["GET"]}}],"collection":[{"href":"https:\/\/www.lamaisondesesprits.com\/index.php\/wp-json\/wp\/v2\/pages"}],"about":[{"href":"https:\/\/www.lamaisondesesprits.com\/index.php\/wp-json\/wp\/v2\/types\/page"}],"author":[{"embeddable":true,"href":"https:\/\/www.lamaisondesesprits.com\/index.php\/wp-json\/wp\/v2\/users\/1"}],"replies":[{"embeddable":true,"href":"https:\/\/www.lamaisondesesprits.com\/index.php\/wp-json\/wp\/v2\/comments?post=17"}],"version-history":[{"count":45,"href":"https:\/\/www.lamaisondesesprits.com\/index.php\/wp-json\/wp\/v2\/pages\/17\/revisions"}],"predecessor-version":[{"id":968,"href":"https:\/\/www.lamaisondesesprits.com\/index.php\/wp-json\/wp\/v2\/pages\/17\/revisions\/968"}],"wp:attachment":[{"href":"https:\/\/www.lamaisondesesprits.com\/index.php\/wp-json\/wp\/v2\/media?parent=17"}],"curies":[{"name":"wp","href":"https:\/\/api.w.org\/{rel}","templated":true}]}}