{"id":123,"date":"2024-05-10T17:11:00","date_gmt":"2024-05-10T15:11:00","guid":{"rendered":"https:\/\/www.lamaisondesesprits.com\/?page_id=123"},"modified":"2026-02-10T16:03:29","modified_gmt":"2026-02-10T15:03:29","slug":"fabien","status":"publish","type":"page","link":"https:\/\/www.lamaisondesesprits.com\/index.php\/fabien\/","title":{"rendered":"Fabien (Fondateur)"},"content":{"rendered":"\n<h2 class=\"wp-block-heading has-text-align-center\">FONDATEUR DE LA MAISON DES ESPRITS <\/h2>\n\n\n\n<h2 class=\"wp-block-heading has-text-align-center\">MEDIUM &#8211; EXORCISTE<\/h2>\n\n\n\n<h2 class=\"wp-block-heading has-text-align-center\">GUERRISSEUR &#8211; PASSEUR D\u2019\u00c2MES &#8211; TH\u00c9RAPEUTE \u00c9NERG\u00c9TIQUE &#8211; CONF\u00c9RENCIER<\/h2>\n\n\n\n<p class=\"has-text-align-center\"><\/p>\n\n\n\n<p class=\"has-text-align-center\"><\/p>\n\n\n<div class=\"wp-block-image\">\n<figure class=\"aligncenter size-large is-resized\"><img fetchpriority=\"high\" decoding=\"async\" width=\"730\" height=\"973\" src=\"https:\/\/www.lamaisondesesprits.com\/wp-content\/uploads\/2026\/02\/fabien-photo-edited-1.jpeg\" alt=\"\" class=\"wp-image-2241\" style=\"width:331px;height:auto\" srcset=\"https:\/\/www.lamaisondesesprits.com\/wp-content\/uploads\/2026\/02\/fabien-photo-edited-1.jpeg 730w, https:\/\/www.lamaisondesesprits.com\/wp-content\/uploads\/2026\/02\/fabien-photo-edited-1-225x300.jpeg 225w\" sizes=\"(max-width: 730px) 100vw, 730px\" \/><\/figure>\n<\/div>\n\n\n<p class=\"has-text-align-center\">Fabien est M\u00e9dium sp\u00e9cialis\u00e9 dans le contact avec les Entit\u00e9s. Clairvoyant depuis l&#8217;enfance, il descend d&#8217;une lign\u00e9e particuli\u00e8rement connect\u00e9e aux mondes invisibles. Il est li\u00e9, de part ses anc\u00eatres, au Roi de la Nature Cernunnos et se trouve en contact permanent avec lui.<\/p>\n\n\n\n<p class=\"has-text-align-center\">Victime d&#8217;une exp\u00e9rience de mort imminente \u00e0 l&#8217;\u00e2ge de 17 ans, il peut attester de ce qui se passe de l&#8217;autre cot\u00e9 et se tient en contact avec les Anges. Il est passeur d&#8217;\u00e2mes et peut, \u00e0 ce titre, s&#8217;assurer que vos proches sont bien en s\u00e9curit\u00e9 et non en errance.<\/p>\n\n\n\n<p class=\"has-text-align-center\">Il est en contact direct avec les Entit\u00e9s qui composent notre Panth\u00e9on et peut les solliciter durant les soins et les Exorcismes s&#8217;il en ressent le besoin. <\/p>\n\n\n\n<p class=\"has-text-align-center\">Il pratique les voyages astraux et chamaniques et se tient tout pr\u00e8s de vous durant les soins. Il peut r\u00e9aligner vos \u00e9nergies et reconstruire votre aura, panser vos blessures \u00e9nerg\u00e9tiques et couper les liens toxiques. <\/p>\n\n\n\n<p class=\"has-text-align-center\">Lors des Exorcismes et D\u00e9gagements, il fait appel aux entit\u00e9s qui veillent sur lui pour nettoyer votre personne, votre foyer ou votre lieu de travail des \u00eatres qui vous agressent. <\/p>\n\n\n\n<p class=\"has-text-align-center\">Sp\u00e9cialiste de la connexion d&#8217;\u00e2me \u00e0 \u00e2me, il peut \u00e9galement se connecter \u00e0 vos animaux pour vous transmettre leurs messages via la communication animale.<\/p>\n\n\n\n<p class=\"has-text-align-center\">Vous pouvez contacter Fabien sur les r\u00e9seaux ou directement sur son t\u00e9l\u00e9phone au <\/p>\n\n\n\n<p class=\"has-text-align-center\">07 83 20 25 06<\/p>\n\n\n\n<p><a href=\"https:\/\/www.facebook.com\/profile.php?id=61564359972503&amp;locale=fr_FR\">Facebook <\/a><\/p>\n\n\n\n<p><\/p>\n","protected":false},"excerpt":{"rendered":"<p>FONDATEUR DE LA MAISON DES ESPRITS MEDIUM &#8211; EXORCISTE GUERRISSEUR &#8211; PASSEUR D\u2019\u00c2MES &#8211; TH\u00c9RAPEUTE \u00c9NERG\u00c9TIQUE &#8211; CONF\u00c9RENCIER Fabien est M\u00e9dium sp\u00e9cialis\u00e9 dans le contact avec les Entit\u00e9s. Clairvoyant depuis l&#8217;enfance, il descend d&#8217;une lign\u00e9e particuli\u00e8rement connect\u00e9e aux mondes invisibles. Il est li\u00e9, de part ses anc\u00eatres, au Roi de la Nature Cernunnos et se &hellip; <\/p>\n<p class=\"link-more\"><a href=\"https:\/\/www.lamaisondesesprits.com\/index.php\/fabien\/\" class=\"more-link\">Continuer la lecture<span class=\"screen-reader-text\"> de &laquo;&nbsp;Fabien (Fondateur)&nbsp;&raquo;<\/span><\/a><\/p>\n","protected":false},"author":1,"featured_media":0,"parent":0,"menu_order":0,"comment_status":"closed","ping_status":"closed","template":"","meta":{"footnotes":""},"class_list":["post-123","page","type-page","status-publish","hentry"],"yoast_head":"<!-- This site is optimized with the Yoast SEO plugin v23.4 - https:\/\/yoast.com\/wordpress\/plugins\/seo\/ -->\n<title>Fabien (Fondateur) - La maison des Esprits<\/title>\n<meta name=\"description\" content=\"M\u00e9dium exorciste fondateur association La maison des Esprits. var. paca. soins \u00e0 distance. esprits. magie noire. d\u00e9senvoutement. possession.\" \/>\n<meta name=\"robots\" content=\"index, follow, max-snippet:-1, max-image-preview:large, max-video-preview:-1\" \/>\n<link rel=\"canonical\" href=\"https:\/\/www.lamaisondesesprits.com\/index.php\/fabien\/\" \/>\n<meta property=\"og:locale\" content=\"fr_FR\" \/>\n<meta property=\"og:type\" content=\"article\" \/>\n<meta property=\"og:title\" content=\"Fabien (Fondateur) - La maison des Esprits\" \/>\n<meta property=\"og:description\" content=\"M\u00e9dium exorciste fondateur association La maison des Esprits. var. paca. soins \u00e0 distance. esprits. magie noire. d\u00e9senvoutement. possession.\" \/>\n<meta property=\"og:url\" content=\"https:\/\/www.lamaisondesesprits.com\/index.php\/fabien\/\" \/>\n<meta property=\"og:site_name\" content=\"La maison des Esprits\" \/>\n<meta property=\"article:publisher\" content=\"https:\/\/www.facebook.com\/profile.php?id=61556472309041\" \/>\n<meta property=\"article:modified_time\" content=\"2026-02-10T15:03:29+00:00\" \/>\n<meta property=\"og:image\" content=\"https:\/\/www.lamaisondesesprits.com\/wp-content\/uploads\/2026\/02\/fabien-photo-edited-1.jpeg\" \/>\n<meta name=\"twitter:card\" content=\"summary_large_image\" \/>\n<meta name=\"twitter:label1\" content=\"Dur\u00e9e de lecture estim\u00e9e\" \/>\n\t<meta name=\"twitter:data1\" content=\"2 minutes\" \/>\n<script type=\"application\/ld+json\" class=\"yoast-schema-graph\">{\"@context\":\"https:\/\/schema.org\",\"@graph\":[{\"@type\":\"WebPage\",\"@id\":\"https:\/\/www.lamaisondesesprits.com\/index.php\/fabien\/\",\"url\":\"https:\/\/www.lamaisondesesprits.com\/index.php\/fabien\/\",\"name\":\"Fabien (Fondateur) - La maison des Esprits\",\"isPartOf\":{\"@id\":\"https:\/\/www.lamaisondesesprits.com\/#website\"},\"primaryImageOfPage\":{\"@id\":\"https:\/\/www.lamaisondesesprits.com\/index.php\/fabien\/#primaryimage\"},\"image\":{\"@id\":\"https:\/\/www.lamaisondesesprits.com\/index.php\/fabien\/#primaryimage\"},\"thumbnailUrl\":\"https:\/\/www.lamaisondesesprits.com\/wp-content\/uploads\/2026\/02\/fabien-photo-edited-1.jpeg\",\"datePublished\":\"2024-05-10T15:11:00+00:00\",\"dateModified\":\"2026-02-10T15:03:29+00:00\",\"description\":\"M\u00e9dium exorciste fondateur association La maison des Esprits. var. paca. soins \u00e0 distance. esprits. magie noire. d\u00e9senvoutement. possession.\",\"breadcrumb\":{\"@id\":\"https:\/\/www.lamaisondesesprits.com\/index.php\/fabien\/#breadcrumb\"},\"inLanguage\":\"fr-FR\",\"potentialAction\":[{\"@type\":\"ReadAction\",\"target\":[\"https:\/\/www.lamaisondesesprits.com\/index.php\/fabien\/\"]}]},{\"@type\":\"ImageObject\",\"inLanguage\":\"fr-FR\",\"@id\":\"https:\/\/www.lamaisondesesprits.com\/index.php\/fabien\/#primaryimage\",\"url\":\"https:\/\/www.lamaisondesesprits.com\/wp-content\/uploads\/2026\/02\/fabien-photo-edited-1.jpeg\",\"contentUrl\":\"https:\/\/www.lamaisondesesprits.com\/wp-content\/uploads\/2026\/02\/fabien-photo-edited-1.jpeg\",\"width\":730,\"height\":973},{\"@type\":\"BreadcrumbList\",\"@id\":\"https:\/\/www.lamaisondesesprits.com\/index.php\/fabien\/#breadcrumb\",\"itemListElement\":[{\"@type\":\"ListItem\",\"position\":1,\"name\":\"Accueil\",\"item\":\"https:\/\/www.lamaisondesesprits.com\/\"},{\"@type\":\"ListItem\",\"position\":2,\"name\":\"Fabien (Fondateur)\"}]},{\"@type\":\"WebSite\",\"@id\":\"https:\/\/www.lamaisondesesprits.com\/#website\",\"url\":\"https:\/\/www.lamaisondesesprits.com\/\",\"name\":\"La maison des Esprits\",\"description\":\"&quot; Vous \u00eates au bon endroit &quot;\",\"potentialAction\":[{\"@type\":\"SearchAction\",\"target\":{\"@type\":\"EntryPoint\",\"urlTemplate\":\"https:\/\/www.lamaisondesesprits.com\/?s={search_term_string}\"},\"query-input\":{\"@type\":\"PropertyValueSpecification\",\"valueRequired\":true,\"valueName\":\"search_term_string\"}}],\"inLanguage\":\"fr-FR\"}]}<\/script>\n<!-- \/ Yoast SEO plugin. -->","yoast_head_json":{"title":"Fabien (Fondateur) - La maison des Esprits","description":"M\u00e9dium exorciste fondateur association La maison des Esprits. var. paca. soins \u00e0 distance. esprits. magie noire. d\u00e9senvoutement. possession.","robots":{"index":"index","follow":"follow","max-snippet":"max-snippet:-1","max-image-preview":"max-image-preview:large","max-video-preview":"max-video-preview:-1"},"canonical":"https:\/\/www.lamaisondesesprits.com\/index.php\/fabien\/","og_locale":"fr_FR","og_type":"article","og_title":"Fabien (Fondateur) - La maison des Esprits","og_description":"M\u00e9dium exorciste fondateur association La maison des Esprits. var. paca. soins \u00e0 distance. esprits. magie noire. d\u00e9senvoutement. possession.","og_url":"https:\/\/www.lamaisondesesprits.com\/index.php\/fabien\/","og_site_name":"La maison des Esprits","article_publisher":"https:\/\/www.facebook.com\/profile.php?id=61556472309041","article_modified_time":"2026-02-10T15:03:29+00:00","og_image":[{"url":"https:\/\/www.lamaisondesesprits.com\/wp-content\/uploads\/2026\/02\/fabien-photo-edited-1.jpeg"}],"twitter_card":"summary_large_image","twitter_misc":{"Dur\u00e9e de lecture estim\u00e9e":"2 minutes"},"schema":{"@context":"https:\/\/schema.org","@graph":[{"@type":"WebPage","@id":"https:\/\/www.lamaisondesesprits.com\/index.php\/fabien\/","url":"https:\/\/www.lamaisondesesprits.com\/index.php\/fabien\/","name":"Fabien (Fondateur) - La maison des Esprits","isPartOf":{"@id":"https:\/\/www.lamaisondesesprits.com\/#website"},"primaryImageOfPage":{"@id":"https:\/\/www.lamaisondesesprits.com\/index.php\/fabien\/#primaryimage"},"image":{"@id":"https:\/\/www.lamaisondesesprits.com\/index.php\/fabien\/#primaryimage"},"thumbnailUrl":"https:\/\/www.lamaisondesesprits.com\/wp-content\/uploads\/2026\/02\/fabien-photo-edited-1.jpeg","datePublished":"2024-05-10T15:11:00+00:00","dateModified":"2026-02-10T15:03:29+00:00","description":"M\u00e9dium exorciste fondateur association La maison des Esprits. var. paca. soins \u00e0 distance. esprits. magie noire. d\u00e9senvoutement. possession.","breadcrumb":{"@id":"https:\/\/www.lamaisondesesprits.com\/index.php\/fabien\/#breadcrumb"},"inLanguage":"fr-FR","potentialAction":[{"@type":"ReadAction","target":["https:\/\/www.lamaisondesesprits.com\/index.php\/fabien\/"]}]},{"@type":"ImageObject","inLanguage":"fr-FR","@id":"https:\/\/www.lamaisondesesprits.com\/index.php\/fabien\/#primaryimage","url":"https:\/\/www.lamaisondesesprits.com\/wp-content\/uploads\/2026\/02\/fabien-photo-edited-1.jpeg","contentUrl":"https:\/\/www.lamaisondesesprits.com\/wp-content\/uploads\/2026\/02\/fabien-photo-edited-1.jpeg","width":730,"height":973},{"@type":"BreadcrumbList","@id":"https:\/\/www.lamaisondesesprits.com\/index.php\/fabien\/#breadcrumb","itemListElement":[{"@type":"ListItem","position":1,"name":"Accueil","item":"https:\/\/www.lamaisondesesprits.com\/"},{"@type":"ListItem","position":2,"name":"Fabien (Fondateur)"}]},{"@type":"WebSite","@id":"https:\/\/www.lamaisondesesprits.com\/#website","url":"https:\/\/www.lamaisondesesprits.com\/","name":"La maison des Esprits","description":"&quot; Vous \u00eates au bon endroit &quot;","potentialAction":[{"@type":"SearchAction","target":{"@type":"EntryPoint","urlTemplate":"https:\/\/www.lamaisondesesprits.com\/?s={search_term_string}"},"query-input":{"@type":"PropertyValueSpecification","valueRequired":true,"valueName":"search_term_string"}}],"inLanguage":"fr-FR"}]}},"_links":{"self":[{"href":"https:\/\/www.lamaisondesesprits.com\/index.php\/wp-json\/wp\/v2\/pages\/123","targetHints":{"allow":["GET"]}}],"collection":[{"href":"https:\/\/www.lamaisondesesprits.com\/index.php\/wp-json\/wp\/v2\/pages"}],"about":[{"href":"https:\/\/www.lamaisondesesprits.com\/index.php\/wp-json\/wp\/v2\/types\/page"}],"author":[{"embeddable":true,"href":"https:\/\/www.lamaisondesesprits.com\/index.php\/wp-json\/wp\/v2\/users\/1"}],"replies":[{"embeddable":true,"href":"https:\/\/www.lamaisondesesprits.com\/index.php\/wp-json\/wp\/v2\/comments?post=123"}],"version-history":[{"count":20,"href":"https:\/\/www.lamaisondesesprits.com\/index.php\/wp-json\/wp\/v2\/pages\/123\/revisions"}],"predecessor-version":[{"id":2243,"href":"https:\/\/www.lamaisondesesprits.com\/index.php\/wp-json\/wp\/v2\/pages\/123\/revisions\/2243"}],"wp:attachment":[{"href":"https:\/\/www.lamaisondesesprits.com\/index.php\/wp-json\/wp\/v2\/media?parent=123"}],"curies":[{"name":"wp","href":"https:\/\/api.w.org\/{rel}","templated":true}]}}