{"id":1101,"date":"2025-04-15T20:45:51","date_gmt":"2025-04-15T18:45:51","guid":{"rendered":"https:\/\/www.lamaisondesesprits.com\/?page_id=1101"},"modified":"2025-09-10T10:41:42","modified_gmt":"2025-09-10T08:41:42","slug":"laure","status":"publish","type":"page","link":"https:\/\/www.lamaisondesesprits.com\/index.php\/laure\/","title":{"rendered":"Laure (Masseuse Energ\u00e9tique)"},"content":{"rendered":"<div class=\"wp-block-image\">\n<figure class=\"aligncenter size-full is-resized\"><img fetchpriority=\"high\" decoding=\"async\" width=\"1200\" height=\"1599\" src=\"https:\/\/www.lamaisondesesprits.com\/wp-content\/uploads\/2025\/04\/laure-image-simple.jpg\" alt=\"\" class=\"wp-image-1193\" style=\"width:236px;height:auto\" srcset=\"https:\/\/www.lamaisondesesprits.com\/wp-content\/uploads\/2025\/04\/laure-image-simple.jpg 1200w, https:\/\/www.lamaisondesesprits.com\/wp-content\/uploads\/2025\/04\/laure-image-simple-225x300.jpg 225w, https:\/\/www.lamaisondesesprits.com\/wp-content\/uploads\/2025\/04\/laure-image-simple-768x1023.jpg 768w, https:\/\/www.lamaisondesesprits.com\/wp-content\/uploads\/2025\/04\/laure-image-simple-1153x1536.jpg 1153w\" sizes=\"(max-width: 706px) 89vw, (max-width: 767px) 82vw, 740px\" \/><\/figure>\n<\/div>\n\n\n<h2 class=\"wp-block-heading has-text-align-center\">Masseuse de profession, Laure a \u00e9t\u00e9 form\u00e9e par la Maison des Esprits et a d\u00e9velopp\u00e9 son savoir faire d&#8217;une mani\u00e8re exceptionnelle. A travers le massage elle est capable de r\u00e9aliser des soins \u00e9nerg\u00e9tiques de qualit\u00e9 et de d\u00e9gager les entit\u00e9s qui pourraient vous ennuyer. Passeuse d&#8217;\u00e2me et gu\u00e9risseuse, elle saura r\u00e9pondre \u00e0 vous probl\u00e9matiques. <\/h2>\n\n\n\n<h2 class=\"wp-block-heading has-text-align-center\">Laure est \u00e9galement professeure \u00e0 la Maison des Esprits, elle intervient aupr\u00e8s des \u00e9tudiants pour les conseiller et les suivre de mani\u00e8re individuelle.<\/h2>\n\n\n\n<h2 class=\"wp-block-heading has-text-align-center\">Laure vous propose \u00e9galement des m\u00e9ditations guid\u00e9e via zoom tous les jeudi soirs.<\/h2>\n\n\n\n<p>Promotion : GENESIS<\/p>\n\n\n\n<p>Localisation : Ollioules (83)<\/p>\n\n\n\n<p>Formations Maison des Esprits : Ancrage, Protection, Gu\u00e9risseur<\/p>\n\n\n\n<p>Sp\u00e9cialisation et Profession : massage \u00e9nerg\u00e9tique<\/p>\n\n\n\n<p>Sp\u00e9cialit\u00e9s : bilans, protection, soins \u00e9nerg\u00e9tiques, d\u00e9gagements, massages, m\u00e9ditations guid\u00e9es<\/p>\n\n\n\n<p>Disponible pour les interventions \u00e0 distance et en pr\u00e9sentiel dans les locaux de  la Maison des Esprits (Ollioules)<\/p>\n\n\n\n<h2 class=\"wp-block-heading has-text-align-center\">Prenez contact directement avec LAURE au 06 60 13 10 20<\/h2>\n\n\n\n<h2 class=\"wp-block-heading has-text-align-center\">Acc\u00e9dez \u00e0 son site internet: <a href=\"https:\/\/laureedubois.fr\/\">https:\/\/laureedubois.fr\/<\/a><\/h2>\n\n\n\n<p><\/p>\n","protected":false},"excerpt":{"rendered":"<p>Masseuse de profession, Laure a \u00e9t\u00e9 form\u00e9e par la Maison des Esprits et a d\u00e9velopp\u00e9 son savoir faire d&#8217;une mani\u00e8re exceptionnelle. A travers le massage elle est capable de r\u00e9aliser des soins \u00e9nerg\u00e9tiques de qualit\u00e9 et de d\u00e9gager les entit\u00e9s qui pourraient vous ennuyer. Passeuse d&#8217;\u00e2me et gu\u00e9risseuse, elle saura r\u00e9pondre \u00e0 vous probl\u00e9matiques. Laure &hellip; <\/p>\n<p class=\"link-more\"><a href=\"https:\/\/www.lamaisondesesprits.com\/index.php\/laure\/\" class=\"more-link\">Continue reading<span class=\"screen-reader-text\"> &#8220;Laure (Masseuse Energ\u00e9tique)&#8221;<\/span><\/a><\/p>\n","protected":false},"author":1,"featured_media":0,"parent":0,"menu_order":0,"comment_status":"closed","ping_status":"closed","template":"","meta":{"footnotes":""},"class_list":["post-1101","page","type-page","status-publish","hentry"],"yoast_head":"<!-- This site is optimized with the Yoast SEO plugin v23.4 - https:\/\/yoast.com\/wordpress\/plugins\/seo\/ -->\n<title>Laure (Masseuse Energ\u00e9tique) - La maison des Esprits<\/title>\n<meta name=\"robots\" content=\"index, follow, max-snippet:-1, max-image-preview:large, max-video-preview:-1\" \/>\n<link rel=\"canonical\" href=\"https:\/\/www.lamaisondesesprits.com\/index.php\/laure\/\" \/>\n<meta property=\"og:locale\" content=\"en_US\" \/>\n<meta property=\"og:type\" content=\"article\" \/>\n<meta property=\"og:title\" content=\"Laure (Masseuse Energ\u00e9tique) - La maison des Esprits\" \/>\n<meta property=\"og:description\" content=\"Masseuse de profession, Laure a \u00e9t\u00e9 form\u00e9e par la Maison des Esprits et a d\u00e9velopp\u00e9 son savoir faire d&#8217;une mani\u00e8re exceptionnelle. A travers le massage elle est capable de r\u00e9aliser des soins \u00e9nerg\u00e9tiques de qualit\u00e9 et de d\u00e9gager les entit\u00e9s qui pourraient vous ennuyer. Passeuse d&#8217;\u00e2me et gu\u00e9risseuse, elle saura r\u00e9pondre \u00e0 vous probl\u00e9matiques. Laure &hellip; Continue reading &quot;Laure (Masseuse Energ\u00e9tique)&quot;\" \/>\n<meta property=\"og:url\" content=\"https:\/\/www.lamaisondesesprits.com\/index.php\/laure\/\" \/>\n<meta property=\"og:site_name\" content=\"La maison des Esprits\" \/>\n<meta property=\"article:publisher\" content=\"https:\/\/www.facebook.com\/profile.php?id=61556472309041\" \/>\n<meta property=\"article:modified_time\" content=\"2025-09-10T08:41:42+00:00\" \/>\n<meta property=\"og:image\" content=\"https:\/\/www.lamaisondesesprits.com\/wp-content\/uploads\/2025\/04\/laure-image-simple.jpg\" \/>\n<meta name=\"twitter:card\" content=\"summary_large_image\" \/>\n<meta name=\"twitter:label1\" content=\"Est. reading time\" \/>\n\t<meta name=\"twitter:data1\" content=\"1 minute\" \/>\n<script type=\"application\/ld+json\" class=\"yoast-schema-graph\">{\"@context\":\"https:\/\/schema.org\",\"@graph\":[{\"@type\":\"WebPage\",\"@id\":\"https:\/\/www.lamaisondesesprits.com\/index.php\/laure\/\",\"url\":\"https:\/\/www.lamaisondesesprits.com\/index.php\/laure\/\",\"name\":\"Laure (Masseuse Energ\u00e9tique) - La maison des Esprits\",\"isPartOf\":{\"@id\":\"https:\/\/www.lamaisondesesprits.com\/#website\"},\"primaryImageOfPage\":{\"@id\":\"https:\/\/www.lamaisondesesprits.com\/index.php\/laure\/#primaryimage\"},\"image\":{\"@id\":\"https:\/\/www.lamaisondesesprits.com\/index.php\/laure\/#primaryimage\"},\"thumbnailUrl\":\"https:\/\/www.lamaisondesesprits.com\/wp-content\/uploads\/2025\/04\/laure-image-simple.jpg\",\"datePublished\":\"2025-04-15T18:45:51+00:00\",\"dateModified\":\"2025-09-10T08:41:42+00:00\",\"breadcrumb\":{\"@id\":\"https:\/\/www.lamaisondesesprits.com\/index.php\/laure\/#breadcrumb\"},\"inLanguage\":\"en-US\",\"potentialAction\":[{\"@type\":\"ReadAction\",\"target\":[\"https:\/\/www.lamaisondesesprits.com\/index.php\/laure\/\"]}]},{\"@type\":\"ImageObject\",\"inLanguage\":\"en-US\",\"@id\":\"https:\/\/www.lamaisondesesprits.com\/index.php\/laure\/#primaryimage\",\"url\":\"https:\/\/www.lamaisondesesprits.com\/wp-content\/uploads\/2025\/04\/laure-image-simple.jpg\",\"contentUrl\":\"https:\/\/www.lamaisondesesprits.com\/wp-content\/uploads\/2025\/04\/laure-image-simple.jpg\",\"width\":1200,\"height\":1599},{\"@type\":\"BreadcrumbList\",\"@id\":\"https:\/\/www.lamaisondesesprits.com\/index.php\/laure\/#breadcrumb\",\"itemListElement\":[{\"@type\":\"ListItem\",\"position\":1,\"name\":\"Accueil\",\"item\":\"https:\/\/www.lamaisondesesprits.com\/\"},{\"@type\":\"ListItem\",\"position\":2,\"name\":\"Laure (Masseuse Energ\u00e9tique)\"}]},{\"@type\":\"WebSite\",\"@id\":\"https:\/\/www.lamaisondesesprits.com\/#website\",\"url\":\"https:\/\/www.lamaisondesesprits.com\/\",\"name\":\"La maison des Esprits\",\"description\":\"&quot; Vous \u00eates au bon endroit &quot;\",\"potentialAction\":[{\"@type\":\"SearchAction\",\"target\":{\"@type\":\"EntryPoint\",\"urlTemplate\":\"https:\/\/www.lamaisondesesprits.com\/?s={search_term_string}\"},\"query-input\":{\"@type\":\"PropertyValueSpecification\",\"valueRequired\":true,\"valueName\":\"search_term_string\"}}],\"inLanguage\":\"en-US\"}]}<\/script>\n<!-- \/ Yoast SEO plugin. -->","yoast_head_json":{"title":"Laure (Masseuse Energ\u00e9tique) - La maison des Esprits","robots":{"index":"index","follow":"follow","max-snippet":"max-snippet:-1","max-image-preview":"max-image-preview:large","max-video-preview":"max-video-preview:-1"},"canonical":"https:\/\/www.lamaisondesesprits.com\/index.php\/laure\/","og_locale":"en_US","og_type":"article","og_title":"Laure (Masseuse Energ\u00e9tique) - La maison des Esprits","og_description":"Masseuse de profession, Laure a \u00e9t\u00e9 form\u00e9e par la Maison des Esprits et a d\u00e9velopp\u00e9 son savoir faire d&#8217;une mani\u00e8re exceptionnelle. A travers le massage elle est capable de r\u00e9aliser des soins \u00e9nerg\u00e9tiques de qualit\u00e9 et de d\u00e9gager les entit\u00e9s qui pourraient vous ennuyer. Passeuse d&#8217;\u00e2me et gu\u00e9risseuse, elle saura r\u00e9pondre \u00e0 vous probl\u00e9matiques. Laure &hellip; Continue reading \"Laure (Masseuse Energ\u00e9tique)\"","og_url":"https:\/\/www.lamaisondesesprits.com\/index.php\/laure\/","og_site_name":"La maison des Esprits","article_publisher":"https:\/\/www.facebook.com\/profile.php?id=61556472309041","article_modified_time":"2025-09-10T08:41:42+00:00","og_image":[{"url":"https:\/\/www.lamaisondesesprits.com\/wp-content\/uploads\/2025\/04\/laure-image-simple.jpg"}],"twitter_card":"summary_large_image","twitter_misc":{"Est. reading time":"1 minute"},"schema":{"@context":"https:\/\/schema.org","@graph":[{"@type":"WebPage","@id":"https:\/\/www.lamaisondesesprits.com\/index.php\/laure\/","url":"https:\/\/www.lamaisondesesprits.com\/index.php\/laure\/","name":"Laure (Masseuse Energ\u00e9tique) - La maison des Esprits","isPartOf":{"@id":"https:\/\/www.lamaisondesesprits.com\/#website"},"primaryImageOfPage":{"@id":"https:\/\/www.lamaisondesesprits.com\/index.php\/laure\/#primaryimage"},"image":{"@id":"https:\/\/www.lamaisondesesprits.com\/index.php\/laure\/#primaryimage"},"thumbnailUrl":"https:\/\/www.lamaisondesesprits.com\/wp-content\/uploads\/2025\/04\/laure-image-simple.jpg","datePublished":"2025-04-15T18:45:51+00:00","dateModified":"2025-09-10T08:41:42+00:00","breadcrumb":{"@id":"https:\/\/www.lamaisondesesprits.com\/index.php\/laure\/#breadcrumb"},"inLanguage":"en-US","potentialAction":[{"@type":"ReadAction","target":["https:\/\/www.lamaisondesesprits.com\/index.php\/laure\/"]}]},{"@type":"ImageObject","inLanguage":"en-US","@id":"https:\/\/www.lamaisondesesprits.com\/index.php\/laure\/#primaryimage","url":"https:\/\/www.lamaisondesesprits.com\/wp-content\/uploads\/2025\/04\/laure-image-simple.jpg","contentUrl":"https:\/\/www.lamaisondesesprits.com\/wp-content\/uploads\/2025\/04\/laure-image-simple.jpg","width":1200,"height":1599},{"@type":"BreadcrumbList","@id":"https:\/\/www.lamaisondesesprits.com\/index.php\/laure\/#breadcrumb","itemListElement":[{"@type":"ListItem","position":1,"name":"Accueil","item":"https:\/\/www.lamaisondesesprits.com\/"},{"@type":"ListItem","position":2,"name":"Laure (Masseuse Energ\u00e9tique)"}]},{"@type":"WebSite","@id":"https:\/\/www.lamaisondesesprits.com\/#website","url":"https:\/\/www.lamaisondesesprits.com\/","name":"La maison des Esprits","description":"&quot; Vous \u00eates au bon endroit &quot;","potentialAction":[{"@type":"SearchAction","target":{"@type":"EntryPoint","urlTemplate":"https:\/\/www.lamaisondesesprits.com\/?s={search_term_string}"},"query-input":{"@type":"PropertyValueSpecification","valueRequired":true,"valueName":"search_term_string"}}],"inLanguage":"en-US"}]}},"_links":{"self":[{"href":"https:\/\/www.lamaisondesesprits.com\/index.php\/wp-json\/wp\/v2\/pages\/1101","targetHints":{"allow":["GET"]}}],"collection":[{"href":"https:\/\/www.lamaisondesesprits.com\/index.php\/wp-json\/wp\/v2\/pages"}],"about":[{"href":"https:\/\/www.lamaisondesesprits.com\/index.php\/wp-json\/wp\/v2\/types\/page"}],"author":[{"embeddable":true,"href":"https:\/\/www.lamaisondesesprits.com\/index.php\/wp-json\/wp\/v2\/users\/1"}],"replies":[{"embeddable":true,"href":"https:\/\/www.lamaisondesesprits.com\/index.php\/wp-json\/wp\/v2\/comments?post=1101"}],"version-history":[{"count":12,"href":"https:\/\/www.lamaisondesesprits.com\/index.php\/wp-json\/wp\/v2\/pages\/1101\/revisions"}],"predecessor-version":[{"id":1637,"href":"https:\/\/www.lamaisondesesprits.com\/index.php\/wp-json\/wp\/v2\/pages\/1101\/revisions\/1637"}],"wp:attachment":[{"href":"https:\/\/www.lamaisondesesprits.com\/index.php\/wp-json\/wp\/v2\/media?parent=1101"}],"curies":[{"name":"wp","href":"https:\/\/api.w.org\/{rel}","templated":true}]}}