{"id":1094,"date":"2025-04-15T20:38:55","date_gmt":"2025-04-15T18:38:55","guid":{"rendered":"https:\/\/www.lamaisondesesprits.com\/?page_id=1094"},"modified":"2025-11-24T02:22:49","modified_gmt":"2025-11-24T01:22:49","slug":"denise","status":"publish","type":"page","link":"https:\/\/www.lamaisondesesprits.com\/index.php\/denise\/","title":{"rendered":"Denise Soins \u00c9nerg\u00e9tiques"},"content":{"rendered":"<div class=\"wp-block-image\">\n<figure class=\"aligncenter size-full is-resized\"><img fetchpriority=\"high\" decoding=\"async\" width=\"772\" height=\"948\" src=\"https:\/\/www.lamaisondesesprits.com\/wp-content\/uploads\/2025\/04\/denise_avatar.png\" alt=\"\" class=\"wp-image-1115\" style=\"width:236px;height:auto\" srcset=\"https:\/\/www.lamaisondesesprits.com\/wp-content\/uploads\/2025\/04\/denise_avatar.png 772w, https:\/\/www.lamaisondesesprits.com\/wp-content\/uploads\/2025\/04\/denise_avatar-244x300.png 244w, https:\/\/www.lamaisondesesprits.com\/wp-content\/uploads\/2025\/04\/denise_avatar-768x943.png 768w\" sizes=\"(max-width: 706px) 89vw, (max-width: 767px) 82vw, 740px\" \/><\/figure>\n<\/div>\n\n\n<h2 class=\"wp-block-heading has-text-align-center\">Form\u00e9e par la Maison des Esprits, Denise est une formidable gu\u00e9risseuse qui saura parfaitement r\u00e9pondre \u00e0 vos probl\u00e9matiques. Elle est capable de connecter avec votre corps \u00e9nerg\u00e9tique, de contacter votre Ange et de vous lib\u00e9rer des Entit\u00e9s qui pourraient vous polluer. Elle saura parfaitement casser la sorcellerie et vous venir en aide quel que soit votre besoin.<\/h2>\n\n\n\n<p>Promotion : GENESIS<\/p>\n\n\n\n<p>Localisation : R\u00e9gion parisienne<\/p>\n\n\n\n<p>Formations Maison des Esprits : Ancrage, Protection, Gu\u00e9risseur<\/p>\n\n\n\n<p>Sp\u00e9cialit\u00e9s : bilans, protection, soins \u00e9nerg\u00e9tiques, d\u00e9gagements<\/p>\n\n\n\n<p>Disponible pour les interventions \u00e0 distance<\/p>\n\n\n\n<h2 class=\"wp-block-heading has-text-align-center\">Denise travaille exclusivement \u00e0 Distance et est joignable au <\/h2>\n\n\n\n<h2 class=\"wp-block-heading has-text-align-center\">06 24 08 68 84 <\/h2>\n\n\n\n<p><\/p>\n","protected":false},"excerpt":{"rendered":"<p>Form\u00e9e par la Maison des Esprits, Denise est une formidable gu\u00e9risseuse qui saura parfaitement r\u00e9pondre \u00e0 vos probl\u00e9matiques. Elle est capable de connecter avec votre corps \u00e9nerg\u00e9tique, de contacter votre Ange et de vous lib\u00e9rer des Entit\u00e9s qui pourraient vous polluer. Elle saura parfaitement casser la sorcellerie et vous venir en aide quel que soit &hellip; <\/p>\n<p class=\"link-more\"><a href=\"https:\/\/www.lamaisondesesprits.com\/index.php\/denise\/\" class=\"more-link\">Continuer la lecture<span class=\"screen-reader-text\"> de &laquo;&nbsp;Denise Soins \u00c9nerg\u00e9tiques&nbsp;&raquo;<\/span><\/a><\/p>\n","protected":false},"author":1,"featured_media":0,"parent":0,"menu_order":0,"comment_status":"closed","ping_status":"closed","template":"","meta":{"footnotes":""},"class_list":["post-1094","page","type-page","status-publish","hentry"],"yoast_head":"<!-- This site is optimized with the Yoast SEO plugin v23.4 - https:\/\/yoast.com\/wordpress\/plugins\/seo\/ -->\n<title>Denise Soins \u00c9nerg\u00e9tiques - La maison des Esprits<\/title>\n<meta name=\"robots\" content=\"index, follow, max-snippet:-1, max-image-preview:large, max-video-preview:-1\" \/>\n<link rel=\"canonical\" href=\"https:\/\/www.lamaisondesesprits.com\/index.php\/denise\/\" \/>\n<meta property=\"og:locale\" content=\"fr_FR\" \/>\n<meta property=\"og:type\" content=\"article\" \/>\n<meta property=\"og:title\" content=\"Denise Soins \u00c9nerg\u00e9tiques - La maison des Esprits\" \/>\n<meta property=\"og:description\" content=\"Form\u00e9e par la Maison des Esprits, Denise est une formidable gu\u00e9risseuse qui saura parfaitement r\u00e9pondre \u00e0 vos probl\u00e9matiques. Elle est capable de connecter avec votre corps \u00e9nerg\u00e9tique, de contacter votre Ange et de vous lib\u00e9rer des Entit\u00e9s qui pourraient vous polluer. Elle saura parfaitement casser la sorcellerie et vous venir en aide quel que soit &hellip; Continuer la lecture de &laquo;&nbsp;Denise Soins \u00c9nerg\u00e9tiques&nbsp;&raquo;\" \/>\n<meta property=\"og:url\" content=\"https:\/\/www.lamaisondesesprits.com\/index.php\/denise\/\" \/>\n<meta property=\"og:site_name\" content=\"La maison des Esprits\" \/>\n<meta property=\"article:publisher\" content=\"https:\/\/www.facebook.com\/profile.php?id=61556472309041\" \/>\n<meta property=\"article:modified_time\" content=\"2025-11-24T01:22:49+00:00\" \/>\n<meta property=\"og:image\" content=\"https:\/\/www.lamaisondesesprits.com\/wp-content\/uploads\/2025\/04\/denise_avatar.png\" \/>\n<meta name=\"twitter:card\" content=\"summary_large_image\" \/>\n<meta name=\"twitter:label1\" content=\"Dur\u00e9e de lecture estim\u00e9e\" \/>\n\t<meta name=\"twitter:data1\" content=\"1 minute\" \/>\n<script type=\"application\/ld+json\" class=\"yoast-schema-graph\">{\"@context\":\"https:\/\/schema.org\",\"@graph\":[{\"@type\":\"WebPage\",\"@id\":\"https:\/\/www.lamaisondesesprits.com\/index.php\/denise\/\",\"url\":\"https:\/\/www.lamaisondesesprits.com\/index.php\/denise\/\",\"name\":\"Denise Soins \u00c9nerg\u00e9tiques - La maison des Esprits\",\"isPartOf\":{\"@id\":\"https:\/\/www.lamaisondesesprits.com\/#website\"},\"primaryImageOfPage\":{\"@id\":\"https:\/\/www.lamaisondesesprits.com\/index.php\/denise\/#primaryimage\"},\"image\":{\"@id\":\"https:\/\/www.lamaisondesesprits.com\/index.php\/denise\/#primaryimage\"},\"thumbnailUrl\":\"https:\/\/www.lamaisondesesprits.com\/wp-content\/uploads\/2025\/04\/denise_avatar.png\",\"datePublished\":\"2025-04-15T18:38:55+00:00\",\"dateModified\":\"2025-11-24T01:22:49+00:00\",\"breadcrumb\":{\"@id\":\"https:\/\/www.lamaisondesesprits.com\/index.php\/denise\/#breadcrumb\"},\"inLanguage\":\"fr-FR\",\"potentialAction\":[{\"@type\":\"ReadAction\",\"target\":[\"https:\/\/www.lamaisondesesprits.com\/index.php\/denise\/\"]}]},{\"@type\":\"ImageObject\",\"inLanguage\":\"fr-FR\",\"@id\":\"https:\/\/www.lamaisondesesprits.com\/index.php\/denise\/#primaryimage\",\"url\":\"https:\/\/www.lamaisondesesprits.com\/wp-content\/uploads\/2025\/04\/denise_avatar.png\",\"contentUrl\":\"https:\/\/www.lamaisondesesprits.com\/wp-content\/uploads\/2025\/04\/denise_avatar.png\",\"width\":772,\"height\":948},{\"@type\":\"BreadcrumbList\",\"@id\":\"https:\/\/www.lamaisondesesprits.com\/index.php\/denise\/#breadcrumb\",\"itemListElement\":[{\"@type\":\"ListItem\",\"position\":1,\"name\":\"Accueil\",\"item\":\"https:\/\/www.lamaisondesesprits.com\/\"},{\"@type\":\"ListItem\",\"position\":2,\"name\":\"Denise Soins \u00c9nerg\u00e9tiques\"}]},{\"@type\":\"WebSite\",\"@id\":\"https:\/\/www.lamaisondesesprits.com\/#website\",\"url\":\"https:\/\/www.lamaisondesesprits.com\/\",\"name\":\"La maison des Esprits\",\"description\":\"&quot; Vous \u00eates au bon endroit &quot;\",\"potentialAction\":[{\"@type\":\"SearchAction\",\"target\":{\"@type\":\"EntryPoint\",\"urlTemplate\":\"https:\/\/www.lamaisondesesprits.com\/?s={search_term_string}\"},\"query-input\":{\"@type\":\"PropertyValueSpecification\",\"valueRequired\":true,\"valueName\":\"search_term_string\"}}],\"inLanguage\":\"fr-FR\"}]}<\/script>\n<!-- \/ Yoast SEO plugin. -->","yoast_head_json":{"title":"Denise Soins \u00c9nerg\u00e9tiques - La maison des Esprits","robots":{"index":"index","follow":"follow","max-snippet":"max-snippet:-1","max-image-preview":"max-image-preview:large","max-video-preview":"max-video-preview:-1"},"canonical":"https:\/\/www.lamaisondesesprits.com\/index.php\/denise\/","og_locale":"fr_FR","og_type":"article","og_title":"Denise Soins \u00c9nerg\u00e9tiques - La maison des Esprits","og_description":"Form\u00e9e par la Maison des Esprits, Denise est une formidable gu\u00e9risseuse qui saura parfaitement r\u00e9pondre \u00e0 vos probl\u00e9matiques. Elle est capable de connecter avec votre corps \u00e9nerg\u00e9tique, de contacter votre Ange et de vous lib\u00e9rer des Entit\u00e9s qui pourraient vous polluer. Elle saura parfaitement casser la sorcellerie et vous venir en aide quel que soit &hellip; Continuer la lecture de &laquo;&nbsp;Denise Soins \u00c9nerg\u00e9tiques&nbsp;&raquo;","og_url":"https:\/\/www.lamaisondesesprits.com\/index.php\/denise\/","og_site_name":"La maison des Esprits","article_publisher":"https:\/\/www.facebook.com\/profile.php?id=61556472309041","article_modified_time":"2025-11-24T01:22:49+00:00","og_image":[{"url":"https:\/\/www.lamaisondesesprits.com\/wp-content\/uploads\/2025\/04\/denise_avatar.png"}],"twitter_card":"summary_large_image","twitter_misc":{"Dur\u00e9e de lecture estim\u00e9e":"1 minute"},"schema":{"@context":"https:\/\/schema.org","@graph":[{"@type":"WebPage","@id":"https:\/\/www.lamaisondesesprits.com\/index.php\/denise\/","url":"https:\/\/www.lamaisondesesprits.com\/index.php\/denise\/","name":"Denise Soins \u00c9nerg\u00e9tiques - La maison des Esprits","isPartOf":{"@id":"https:\/\/www.lamaisondesesprits.com\/#website"},"primaryImageOfPage":{"@id":"https:\/\/www.lamaisondesesprits.com\/index.php\/denise\/#primaryimage"},"image":{"@id":"https:\/\/www.lamaisondesesprits.com\/index.php\/denise\/#primaryimage"},"thumbnailUrl":"https:\/\/www.lamaisondesesprits.com\/wp-content\/uploads\/2025\/04\/denise_avatar.png","datePublished":"2025-04-15T18:38:55+00:00","dateModified":"2025-11-24T01:22:49+00:00","breadcrumb":{"@id":"https:\/\/www.lamaisondesesprits.com\/index.php\/denise\/#breadcrumb"},"inLanguage":"fr-FR","potentialAction":[{"@type":"ReadAction","target":["https:\/\/www.lamaisondesesprits.com\/index.php\/denise\/"]}]},{"@type":"ImageObject","inLanguage":"fr-FR","@id":"https:\/\/www.lamaisondesesprits.com\/index.php\/denise\/#primaryimage","url":"https:\/\/www.lamaisondesesprits.com\/wp-content\/uploads\/2025\/04\/denise_avatar.png","contentUrl":"https:\/\/www.lamaisondesesprits.com\/wp-content\/uploads\/2025\/04\/denise_avatar.png","width":772,"height":948},{"@type":"BreadcrumbList","@id":"https:\/\/www.lamaisondesesprits.com\/index.php\/denise\/#breadcrumb","itemListElement":[{"@type":"ListItem","position":1,"name":"Accueil","item":"https:\/\/www.lamaisondesesprits.com\/"},{"@type":"ListItem","position":2,"name":"Denise Soins \u00c9nerg\u00e9tiques"}]},{"@type":"WebSite","@id":"https:\/\/www.lamaisondesesprits.com\/#website","url":"https:\/\/www.lamaisondesesprits.com\/","name":"La maison des Esprits","description":"&quot; Vous \u00eates au bon endroit &quot;","potentialAction":[{"@type":"SearchAction","target":{"@type":"EntryPoint","urlTemplate":"https:\/\/www.lamaisondesesprits.com\/?s={search_term_string}"},"query-input":{"@type":"PropertyValueSpecification","valueRequired":true,"valueName":"search_term_string"}}],"inLanguage":"fr-FR"}]}},"_links":{"self":[{"href":"https:\/\/www.lamaisondesesprits.com\/index.php\/wp-json\/wp\/v2\/pages\/1094","targetHints":{"allow":["GET"]}}],"collection":[{"href":"https:\/\/www.lamaisondesesprits.com\/index.php\/wp-json\/wp\/v2\/pages"}],"about":[{"href":"https:\/\/www.lamaisondesesprits.com\/index.php\/wp-json\/wp\/v2\/types\/page"}],"author":[{"embeddable":true,"href":"https:\/\/www.lamaisondesesprits.com\/index.php\/wp-json\/wp\/v2\/users\/1"}],"replies":[{"embeddable":true,"href":"https:\/\/www.lamaisondesesprits.com\/index.php\/wp-json\/wp\/v2\/comments?post=1094"}],"version-history":[{"count":6,"href":"https:\/\/www.lamaisondesesprits.com\/index.php\/wp-json\/wp\/v2\/pages\/1094\/revisions"}],"predecessor-version":[{"id":1679,"href":"https:\/\/www.lamaisondesesprits.com\/index.php\/wp-json\/wp\/v2\/pages\/1094\/revisions\/1679"}],"wp:attachment":[{"href":"https:\/\/www.lamaisondesesprits.com\/index.php\/wp-json\/wp\/v2\/media?parent=1094"}],"curies":[{"name":"wp","href":"https:\/\/api.w.org\/{rel}","templated":true}]}}