{"id":1062,"date":"2025-01-28T03:42:58","date_gmt":"2025-01-28T02:42:58","guid":{"rendered":"https:\/\/www.lamaisondesesprits.com\/?page_id=1062"},"modified":"2026-02-10T16:05:50","modified_gmt":"2026-02-10T15:05:50","slug":"equipe-2","status":"publish","type":"page","link":"https:\/\/www.lamaisondesesprits.com\/index.php\/equipe-2\/","title":{"rendered":"Notre \u00e9quipe"},"content":{"rendered":"\n<div class=\"wp-block-cover is-light\" style=\"min-height:275px;aspect-ratio:unset;\"><img fetchpriority=\"high\" decoding=\"async\" width=\"1024\" height=\"768\" class=\"wp-block-cover__image-background wp-image-2008 size-large\" alt=\"\" src=\"http:\/\/www.lamaisondesesprits.com\/wp-content\/uploads\/2026\/02\/maison-des-esprits-plaquette-edited-2-1024x768.png\" data-object-fit=\"cover\" srcset=\"https:\/\/www.lamaisondesesprits.com\/wp-content\/uploads\/2026\/02\/maison-des-esprits-plaquette-edited-2-1024x768.png 1024w, https:\/\/www.lamaisondesesprits.com\/wp-content\/uploads\/2026\/02\/maison-des-esprits-plaquette-edited-2-300x225.png 300w, https:\/\/www.lamaisondesesprits.com\/wp-content\/uploads\/2026\/02\/maison-des-esprits-plaquette-edited-2-768x576.png 768w, https:\/\/www.lamaisondesesprits.com\/wp-content\/uploads\/2026\/02\/maison-des-esprits-plaquette-edited-2.png 1251w\" sizes=\"(max-width: 706px) 89vw, (max-width: 767px) 82vw, 740px\" \/><span aria-hidden=\"true\" class=\"wp-block-cover__background has-background-dim\" style=\"background-color:#b89765\"><\/span><div class=\"wp-block-cover__inner-container is-layout-constrained wp-block-cover-is-layout-constrained\">\n<p class=\"has-text-align-center has-large-font-size\">Les Fondateurs de la Maison des Esprits<\/p>\n<\/div><\/div>\n\n\n\n<p><\/p>\n\n\n\n<div class=\"wp-block-columns is-layout-flex wp-container-core-columns-is-layout-9d6595d7 wp-block-columns-is-layout-flex\">\n<div class=\"wp-block-column is-layout-flow wp-block-column-is-layout-flow\"><div class=\"wp-block-image\">\n<figure class=\"alignright size-full is-resized\"><a href=\"https:\/\/www.lamaisondesesprits.com\/index.php\/fabien\/\"><img decoding=\"async\" width=\"730\" height=\"973\" src=\"http:\/\/www.lamaisondesesprits.com\/wp-content\/uploads\/2026\/02\/fabien-photo-edited-1.jpeg\" alt=\"\" class=\"wp-image-2241\" style=\"width:218px;height:auto\" srcset=\"https:\/\/www.lamaisondesesprits.com\/wp-content\/uploads\/2026\/02\/fabien-photo-edited-1.jpeg 730w, https:\/\/www.lamaisondesesprits.com\/wp-content\/uploads\/2026\/02\/fabien-photo-edited-1-225x300.jpeg 225w\" sizes=\"(max-width: 730px) 100vw, 730px\" \/><\/a><figcaption class=\"wp-element-caption\">FABIEN<\/figcaption><\/figure>\n<\/div><\/div>\n\n\n\n<div class=\"wp-block-column is-layout-flow wp-block-column-is-layout-flow\"><div class=\"wp-block-image\">\n<figure class=\"alignleft size-full is-resized\"><a href=\"https:\/\/www.lamaisondesesprits.com\/index.php\/equipe\/\"><img decoding=\"async\" width=\"974\" height=\"1299\" src=\"https:\/\/www.lamaisondesesprits.com\/wp-content\/uploads\/2026\/02\/CHARLY-1-edited.jpeg\" alt=\"\" class=\"wp-image-2155\" style=\"width:217px;height:auto\" srcset=\"https:\/\/www.lamaisondesesprits.com\/wp-content\/uploads\/2026\/02\/CHARLY-1-edited.jpeg 974w, https:\/\/www.lamaisondesesprits.com\/wp-content\/uploads\/2026\/02\/CHARLY-1-edited-225x300.jpeg 225w, https:\/\/www.lamaisondesesprits.com\/wp-content\/uploads\/2026\/02\/CHARLY-1-edited-768x1024.jpeg 768w\" sizes=\"(max-width: 706px) 89vw, (max-width: 767px) 82vw, 740px\" \/><\/a><figcaption class=\"wp-element-caption\">CHARLY<\/figcaption><\/figure>\n<\/div><\/div>\n<\/div>\n\n\n\n<div class=\"wp-block-cover is-light\" style=\"min-height:308px;aspect-ratio:unset;\"><img fetchpriority=\"high\" decoding=\"async\" width=\"1024\" height=\"768\" class=\"wp-block-cover__image-background wp-image-2008 size-large\" alt=\"\" src=\"http:\/\/www.lamaisondesesprits.com\/wp-content\/uploads\/2026\/02\/maison-des-esprits-plaquette-edited-2-1024x768.png\" data-object-fit=\"cover\" srcset=\"https:\/\/www.lamaisondesesprits.com\/wp-content\/uploads\/2026\/02\/maison-des-esprits-plaquette-edited-2-1024x768.png 1024w, https:\/\/www.lamaisondesesprits.com\/wp-content\/uploads\/2026\/02\/maison-des-esprits-plaquette-edited-2-300x225.png 300w, https:\/\/www.lamaisondesesprits.com\/wp-content\/uploads\/2026\/02\/maison-des-esprits-plaquette-edited-2-768x576.png 768w, https:\/\/www.lamaisondesesprits.com\/wp-content\/uploads\/2026\/02\/maison-des-esprits-plaquette-edited-2.png 1251w\" sizes=\"(max-width: 706px) 89vw, (max-width: 767px) 82vw, 740px\" \/><span aria-hidden=\"true\" class=\"wp-block-cover__background has-background-dim\" style=\"background-color:#b89765\"><\/span><div class=\"wp-block-cover__inner-container is-layout-constrained wp-block-cover-is-layout-constrained\">\n<p class=\"has-text-align-center has-large-font-size\">Notre formidable Equipe disponible sur nos locaux \u00e0 Ollioules<\/p>\n<\/div><\/div>\n\n\n\n<p><\/p>\n\n\n\n<p><\/p>\n\n\n\n<div class=\"wp-block-columns is-layout-flex wp-container-core-columns-is-layout-9d6595d7 wp-block-columns-is-layout-flex\">\n<div class=\"wp-block-column is-layout-flow wp-block-column-is-layout-flow\" style=\"flex-basis:100%\">\n<div class=\"wp-block-columns is-layout-flex wp-container-core-columns-is-layout-9d6595d7 wp-block-columns-is-layout-flex\">\n<div class=\"wp-block-column is-layout-flow wp-block-column-is-layout-flow\"><div class=\"wp-block-image\">\n<figure class=\"alignright size-full is-resized\"><a href=\"https:\/\/www.lamaisondesesprits.com\/index.php\/laure\/\"><img loading=\"lazy\" decoding=\"async\" width=\"1200\" height=\"1599\" src=\"http:\/\/www.lamaisondesesprits.com\/wp-content\/uploads\/2025\/04\/laure-image-simple.jpg\" alt=\"\" class=\"wp-image-1193\" style=\"width:240px;height:auto\" srcset=\"https:\/\/www.lamaisondesesprits.com\/wp-content\/uploads\/2025\/04\/laure-image-simple.jpg 1200w, https:\/\/www.lamaisondesesprits.com\/wp-content\/uploads\/2025\/04\/laure-image-simple-225x300.jpg 225w, https:\/\/www.lamaisondesesprits.com\/wp-content\/uploads\/2025\/04\/laure-image-simple-768x1023.jpg 768w, https:\/\/www.lamaisondesesprits.com\/wp-content\/uploads\/2025\/04\/laure-image-simple-1153x1536.jpg 1153w\" sizes=\"(max-width: 706px) 89vw, (max-width: 767px) 82vw, 740px\" \/><\/a><figcaption class=\"wp-element-caption\">LAURE<br>Notre masseuse \u00e9nerg\u00e9tique (sur nos locaux) et professeure au sein de notre \u00e9quipe<\/figcaption><\/figure>\n<\/div><\/div>\n\n\n\n<div class=\"wp-block-column is-layout-flow wp-block-column-is-layout-flow\"><div class=\"wp-block-image\">\n<figure class=\"alignleft size-full is-resized\"><a href=\"https:\/\/www.lamaisondesesprits.com\/index.php\/2025\/08\/11\/thierry\/\"><img loading=\"lazy\" decoding=\"async\" width=\"900\" height=\"1200\" src=\"https:\/\/www.lamaisondesesprits.com\/wp-content\/uploads\/2026\/02\/thierry3-1-edited.jpg\" alt=\"\" class=\"wp-image-2157\" style=\"width:239px;height:auto\" srcset=\"https:\/\/www.lamaisondesesprits.com\/wp-content\/uploads\/2026\/02\/thierry3-1-edited.jpg 900w, https:\/\/www.lamaisondesesprits.com\/wp-content\/uploads\/2026\/02\/thierry3-1-edited-225x300.jpg 225w, https:\/\/www.lamaisondesesprits.com\/wp-content\/uploads\/2026\/02\/thierry3-1-edited-768x1024.jpg 768w\" sizes=\"(max-width: 706px) 89vw, (max-width: 767px) 82vw, 740px\" \/><\/a><figcaption class=\"wp-element-caption\">THIERRY<br>Notre Hypnoth\u00e9rapeute (sur nos locaux)<\/figcaption><\/figure>\n<\/div><\/div>\n<\/div>\n<\/div>\n<\/div>\n\n\n\n<p><\/p>\n\n\n\n<div class=\"wp-block-cover is-light\" style=\"min-height:270px;aspect-ratio:unset;\"><img fetchpriority=\"high\" decoding=\"async\" width=\"1024\" height=\"768\" class=\"wp-block-cover__image-background wp-image-2008 size-large\" alt=\"\" src=\"http:\/\/www.lamaisondesesprits.com\/wp-content\/uploads\/2026\/02\/maison-des-esprits-plaquette-edited-2-1024x768.png\" data-object-fit=\"cover\" srcset=\"https:\/\/www.lamaisondesesprits.com\/wp-content\/uploads\/2026\/02\/maison-des-esprits-plaquette-edited-2-1024x768.png 1024w, https:\/\/www.lamaisondesesprits.com\/wp-content\/uploads\/2026\/02\/maison-des-esprits-plaquette-edited-2-300x225.png 300w, https:\/\/www.lamaisondesesprits.com\/wp-content\/uploads\/2026\/02\/maison-des-esprits-plaquette-edited-2-768x576.png 768w, https:\/\/www.lamaisondesesprits.com\/wp-content\/uploads\/2026\/02\/maison-des-esprits-plaquette-edited-2.png 1251w\" sizes=\"(max-width: 706px) 89vw, (max-width: 767px) 82vw, 740px\" \/><span aria-hidden=\"true\" class=\"wp-block-cover__background has-background-dim\" style=\"background-color:#b89765\"><\/span><div class=\"wp-block-cover__inner-container is-layout-constrained wp-block-cover-is-layout-constrained\">\n<p class=\"has-text-align-center has-large-font-size\">Notre formidable Equipe<\/p>\n<\/div><\/div>\n\n\n\n<p><\/p>\n\n\n\n<p class=\"has-text-align-center\"><strong>Les professionnels de la Maison des Esprits ont tous \u00e9t\u00e9 form\u00e9s au sein de notre Ecole afin de vous garantir la m\u00eame qualit\u00e9 de prestation. <\/strong><\/p>\n\n\n\n<div class=\"wp-block-group\"><div class=\"wp-block-group__inner-container is-layout-constrained wp-block-group-is-layout-constrained\">\n<div class=\"wp-block-columns is-layout-flex wp-container-core-columns-is-layout-9d6595d7 wp-block-columns-is-layout-flex\">\n<div class=\"wp-block-column is-layout-flow wp-block-column-is-layout-flow\"><\/div>\n\n\n\n<div class=\"wp-block-column is-layout-flow wp-block-column-is-layout-flow\"><\/div>\n<\/div>\n<\/div><\/div>\n\n\n\n<h2 class=\"wp-block-heading\"><strong>Les professionnels promotion GENESIS <\/strong><\/h2>\n\n\n\n<div class=\"wp-block-columns is-layout-flex wp-container-core-columns-is-layout-9d6595d7 wp-block-columns-is-layout-flex\">\n<div class=\"wp-block-column is-layout-flow wp-block-column-is-layout-flow\"><div class=\"wp-block-image\">\n<figure class=\"alignright size-full is-resized\"><a href=\"https:\/\/www.lamaisondesesprits.com\/index.php\/alexandre\/\"><img loading=\"lazy\" decoding=\"async\" width=\"749\" height=\"998\" src=\"https:\/\/www.lamaisondesesprits.com\/wp-content\/uploads\/2026\/02\/alexandre-edited.jpeg\" alt=\"\" class=\"wp-image-2161\" style=\"aspect-ratio:0.750538295908951;width:253px;height:auto\" srcset=\"https:\/\/www.lamaisondesesprits.com\/wp-content\/uploads\/2026\/02\/alexandre-edited.jpeg 749w, https:\/\/www.lamaisondesesprits.com\/wp-content\/uploads\/2026\/02\/alexandre-edited-225x300.jpeg 225w\" sizes=\"(max-width: 706px) 89vw, (max-width: 767px) 82vw, 740px\" \/><\/a><figcaption class=\"wp-element-caption\">ALEXANDRE<br>En Belgique r\u00e9gion de Li\u00e8ge<\/figcaption><\/figure>\n<\/div><\/div>\n\n\n\n<div class=\"wp-block-column is-layout-flow wp-block-column-is-layout-flow\"><div class=\"wp-block-image\">\n<figure class=\"alignleft size-full is-resized\"><a href=\"https:\/\/www.lamaisondesesprits.com\/index.php\/denise\/\"><img loading=\"lazy\" decoding=\"async\" width=\"707\" height=\"943\" src=\"https:\/\/www.lamaisondesesprits.com\/wp-content\/uploads\/2026\/02\/denise3-edited.png\" alt=\"\" class=\"wp-image-2163\" style=\"aspect-ratio:0.7497599385442674;width:251px;height:auto\" srcset=\"https:\/\/www.lamaisondesesprits.com\/wp-content\/uploads\/2026\/02\/denise3-edited.png 707w, https:\/\/www.lamaisondesesprits.com\/wp-content\/uploads\/2026\/02\/denise3-edited-225x300.png 225w\" sizes=\"(max-width: 707px) 100vw, 707px\" \/><\/a><figcaption class=\"wp-element-caption\">DENISE<br> En r\u00e9gion Parisienne<\/figcaption><\/figure>\n<\/div><\/div>\n<\/div>\n\n\n\n<p><\/p>\n\n\n\n<p><\/p>\n\n\n\n<p><\/p>\n","protected":false},"excerpt":{"rendered":"<p>Les professionnels de la Maison des Esprits ont tous \u00e9t\u00e9 form\u00e9s au sein de notre Ecole afin de vous garantir la m\u00eame qualit\u00e9 de prestation. Les professionnels promotion GENESIS<\/p>\n","protected":false},"author":1,"featured_media":0,"parent":0,"menu_order":0,"comment_status":"closed","ping_status":"closed","template":"","meta":{"footnotes":""},"class_list":["post-1062","page","type-page","status-publish","hentry"],"yoast_head":"<!-- This site is optimized with the Yoast SEO plugin v23.4 - https:\/\/yoast.com\/wordpress\/plugins\/seo\/ -->\n<title>Notre \u00e9quipe - La maison des Esprits<\/title>\n<meta name=\"robots\" content=\"index, follow, max-snippet:-1, max-image-preview:large, max-video-preview:-1\" \/>\n<link rel=\"canonical\" href=\"https:\/\/www.lamaisondesesprits.com\/index.php\/equipe-2\/\" \/>\n<meta property=\"og:locale\" content=\"fr_FR\" \/>\n<meta property=\"og:type\" content=\"article\" \/>\n<meta property=\"og:title\" content=\"Notre \u00e9quipe - La maison des Esprits\" \/>\n<meta property=\"og:description\" content=\"Les professionnels de la Maison des Esprits ont tous \u00e9t\u00e9 form\u00e9s au sein de notre Ecole afin de vous garantir la m\u00eame qualit\u00e9 de prestation. Les professionnels promotion GENESIS\" \/>\n<meta property=\"og:url\" content=\"https:\/\/www.lamaisondesesprits.com\/index.php\/equipe-2\/\" \/>\n<meta property=\"og:site_name\" content=\"La maison des Esprits\" \/>\n<meta property=\"article:publisher\" content=\"https:\/\/www.facebook.com\/profile.php?id=61556472309041\" \/>\n<meta property=\"article:modified_time\" content=\"2026-02-10T15:05:50+00:00\" \/>\n<meta property=\"og:image\" content=\"http:\/\/www.lamaisondesesprits.com\/wp-content\/uploads\/2026\/02\/maison-des-esprits-plaquette-edited-2-1024x768.png\" \/>\n<meta name=\"twitter:card\" content=\"summary_large_image\" \/>\n<meta name=\"twitter:label1\" content=\"Dur\u00e9e de lecture estim\u00e9e\" \/>\n\t<meta name=\"twitter:data1\" content=\"3 minutes\" \/>\n<script type=\"application\/ld+json\" class=\"yoast-schema-graph\">{\"@context\":\"https:\/\/schema.org\",\"@graph\":[{\"@type\":\"WebPage\",\"@id\":\"https:\/\/www.lamaisondesesprits.com\/index.php\/equipe-2\/\",\"url\":\"https:\/\/www.lamaisondesesprits.com\/index.php\/equipe-2\/\",\"name\":\"Notre \u00e9quipe - La maison des Esprits\",\"isPartOf\":{\"@id\":\"https:\/\/www.lamaisondesesprits.com\/#website\"},\"primaryImageOfPage\":{\"@id\":\"https:\/\/www.lamaisondesesprits.com\/index.php\/equipe-2\/#primaryimage\"},\"image\":{\"@id\":\"https:\/\/www.lamaisondesesprits.com\/index.php\/equipe-2\/#primaryimage\"},\"thumbnailUrl\":\"http:\/\/www.lamaisondesesprits.com\/wp-content\/uploads\/2026\/02\/maison-des-esprits-plaquette-edited-2-1024x768.png\",\"datePublished\":\"2025-01-28T02:42:58+00:00\",\"dateModified\":\"2026-02-10T15:05:50+00:00\",\"breadcrumb\":{\"@id\":\"https:\/\/www.lamaisondesesprits.com\/index.php\/equipe-2\/#breadcrumb\"},\"inLanguage\":\"fr-FR\",\"potentialAction\":[{\"@type\":\"ReadAction\",\"target\":[\"https:\/\/www.lamaisondesesprits.com\/index.php\/equipe-2\/\"]}]},{\"@type\":\"ImageObject\",\"inLanguage\":\"fr-FR\",\"@id\":\"https:\/\/www.lamaisondesesprits.com\/index.php\/equipe-2\/#primaryimage\",\"url\":\"https:\/\/www.lamaisondesesprits.com\/wp-content\/uploads\/2026\/02\/maison-des-esprits-plaquette-edited-2.png\",\"contentUrl\":\"https:\/\/www.lamaisondesesprits.com\/wp-content\/uploads\/2026\/02\/maison-des-esprits-plaquette-edited-2.png\",\"width\":1251,\"height\":938},{\"@type\":\"BreadcrumbList\",\"@id\":\"https:\/\/www.lamaisondesesprits.com\/index.php\/equipe-2\/#breadcrumb\",\"itemListElement\":[{\"@type\":\"ListItem\",\"position\":1,\"name\":\"Accueil\",\"item\":\"https:\/\/www.lamaisondesesprits.com\/\"},{\"@type\":\"ListItem\",\"position\":2,\"name\":\"Notre \u00e9quipe\"}]},{\"@type\":\"WebSite\",\"@id\":\"https:\/\/www.lamaisondesesprits.com\/#website\",\"url\":\"https:\/\/www.lamaisondesesprits.com\/\",\"name\":\"La maison des Esprits\",\"description\":\"&quot; Vous \u00eates au bon endroit &quot;\",\"potentialAction\":[{\"@type\":\"SearchAction\",\"target\":{\"@type\":\"EntryPoint\",\"urlTemplate\":\"https:\/\/www.lamaisondesesprits.com\/?s={search_term_string}\"},\"query-input\":{\"@type\":\"PropertyValueSpecification\",\"valueRequired\":true,\"valueName\":\"search_term_string\"}}],\"inLanguage\":\"fr-FR\"}]}<\/script>\n<!-- \/ Yoast SEO plugin. -->","yoast_head_json":{"title":"Notre \u00e9quipe - La maison des Esprits","robots":{"index":"index","follow":"follow","max-snippet":"max-snippet:-1","max-image-preview":"max-image-preview:large","max-video-preview":"max-video-preview:-1"},"canonical":"https:\/\/www.lamaisondesesprits.com\/index.php\/equipe-2\/","og_locale":"fr_FR","og_type":"article","og_title":"Notre \u00e9quipe - La maison des Esprits","og_description":"Les professionnels de la Maison des Esprits ont tous \u00e9t\u00e9 form\u00e9s au sein de notre Ecole afin de vous garantir la m\u00eame qualit\u00e9 de prestation. Les professionnels promotion GENESIS","og_url":"https:\/\/www.lamaisondesesprits.com\/index.php\/equipe-2\/","og_site_name":"La maison des Esprits","article_publisher":"https:\/\/www.facebook.com\/profile.php?id=61556472309041","article_modified_time":"2026-02-10T15:05:50+00:00","og_image":[{"url":"http:\/\/www.lamaisondesesprits.com\/wp-content\/uploads\/2026\/02\/maison-des-esprits-plaquette-edited-2-1024x768.png"}],"twitter_card":"summary_large_image","twitter_misc":{"Dur\u00e9e de lecture estim\u00e9e":"3 minutes"},"schema":{"@context":"https:\/\/schema.org","@graph":[{"@type":"WebPage","@id":"https:\/\/www.lamaisondesesprits.com\/index.php\/equipe-2\/","url":"https:\/\/www.lamaisondesesprits.com\/index.php\/equipe-2\/","name":"Notre \u00e9quipe - La maison des Esprits","isPartOf":{"@id":"https:\/\/www.lamaisondesesprits.com\/#website"},"primaryImageOfPage":{"@id":"https:\/\/www.lamaisondesesprits.com\/index.php\/equipe-2\/#primaryimage"},"image":{"@id":"https:\/\/www.lamaisondesesprits.com\/index.php\/equipe-2\/#primaryimage"},"thumbnailUrl":"http:\/\/www.lamaisondesesprits.com\/wp-content\/uploads\/2026\/02\/maison-des-esprits-plaquette-edited-2-1024x768.png","datePublished":"2025-01-28T02:42:58+00:00","dateModified":"2026-02-10T15:05:50+00:00","breadcrumb":{"@id":"https:\/\/www.lamaisondesesprits.com\/index.php\/equipe-2\/#breadcrumb"},"inLanguage":"fr-FR","potentialAction":[{"@type":"ReadAction","target":["https:\/\/www.lamaisondesesprits.com\/index.php\/equipe-2\/"]}]},{"@type":"ImageObject","inLanguage":"fr-FR","@id":"https:\/\/www.lamaisondesesprits.com\/index.php\/equipe-2\/#primaryimage","url":"https:\/\/www.lamaisondesesprits.com\/wp-content\/uploads\/2026\/02\/maison-des-esprits-plaquette-edited-2.png","contentUrl":"https:\/\/www.lamaisondesesprits.com\/wp-content\/uploads\/2026\/02\/maison-des-esprits-plaquette-edited-2.png","width":1251,"height":938},{"@type":"BreadcrumbList","@id":"https:\/\/www.lamaisondesesprits.com\/index.php\/equipe-2\/#breadcrumb","itemListElement":[{"@type":"ListItem","position":1,"name":"Accueil","item":"https:\/\/www.lamaisondesesprits.com\/"},{"@type":"ListItem","position":2,"name":"Notre \u00e9quipe"}]},{"@type":"WebSite","@id":"https:\/\/www.lamaisondesesprits.com\/#website","url":"https:\/\/www.lamaisondesesprits.com\/","name":"La maison des Esprits","description":"&quot; Vous \u00eates au bon endroit &quot;","potentialAction":[{"@type":"SearchAction","target":{"@type":"EntryPoint","urlTemplate":"https:\/\/www.lamaisondesesprits.com\/?s={search_term_string}"},"query-input":{"@type":"PropertyValueSpecification","valueRequired":true,"valueName":"search_term_string"}}],"inLanguage":"fr-FR"}]}},"_links":{"self":[{"href":"https:\/\/www.lamaisondesesprits.com\/index.php\/wp-json\/wp\/v2\/pages\/1062","targetHints":{"allow":["GET"]}}],"collection":[{"href":"https:\/\/www.lamaisondesesprits.com\/index.php\/wp-json\/wp\/v2\/pages"}],"about":[{"href":"https:\/\/www.lamaisondesesprits.com\/index.php\/wp-json\/wp\/v2\/types\/page"}],"author":[{"embeddable":true,"href":"https:\/\/www.lamaisondesesprits.com\/index.php\/wp-json\/wp\/v2\/users\/1"}],"replies":[{"embeddable":true,"href":"https:\/\/www.lamaisondesesprits.com\/index.php\/wp-json\/wp\/v2\/comments?post=1062"}],"version-history":[{"count":41,"href":"https:\/\/www.lamaisondesesprits.com\/index.php\/wp-json\/wp\/v2\/pages\/1062\/revisions"}],"predecessor-version":[{"id":2245,"href":"https:\/\/www.lamaisondesesprits.com\/index.php\/wp-json\/wp\/v2\/pages\/1062\/revisions\/2245"}],"wp:attachment":[{"href":"https:\/\/www.lamaisondesesprits.com\/index.php\/wp-json\/wp\/v2\/media?parent=1062"}],"curies":[{"name":"wp","href":"https:\/\/api.w.org\/{rel}","templated":true}]}}