{"id":106,"date":"2024-05-12T22:03:00","date_gmt":"2024-05-12T20:03:00","guid":{"rendered":"https:\/\/www.lamaisondesesprits.com\/?page_id=106"},"modified":"2025-07-27T13:10:33","modified_gmt":"2025-07-27T11:10:33","slug":"nos-partenaires","status":"publish","type":"page","link":"https:\/\/www.lamaisondesesprits.com\/index.php\/nos-partenaires\/","title":{"rendered":"Nos Partenaires"},"content":{"rendered":"\n<p class=\"has-text-align-center\">La Maison des Esprits a \u00e0 c\u0153ur de vous proposer les meilleures prestataires pour r\u00e9pondre \u00e0 vos besoins! Vous trouverez ici  nos incroyables partenaires, des gens passionn\u00e9s, comp\u00e9tents, inspir\u00e9s et inspirants!<\/p>\n\n\n\n<p class=\"has-text-align-center\">Nous vous laissons arpenter nos pages et d\u00e9couvrir le meilleur Luthier du pays, le Naturopathe qui prend soin de vous avec ses merveilleuses tisanes, le voyageur qui vous propose son incroyable collection dans son magasin Mimibay, et la biblioth\u00e8que \u00e9sot\u00e9rique la plus ancienne de la c\u00f4te! <\/p>\n\n\n\n<p class=\"has-text-align-center\"><\/p>\n\n\n\n<p><\/p>\n","protected":false},"excerpt":{"rendered":"<p>La Maison des Esprits a \u00e0 c\u0153ur de vous proposer les meilleures prestataires pour r\u00e9pondre \u00e0 vos besoins! Vous trouverez ici nos incroyables partenaires, des gens passionn\u00e9s, comp\u00e9tents, inspir\u00e9s et inspirants! Nous vous laissons arpenter nos pages et d\u00e9couvrir le meilleur Luthier du pays, le Naturopathe qui prend soin de vous avec ses merveilleuses tisanes, &hellip; <\/p>\n<p class=\"link-more\"><a href=\"https:\/\/www.lamaisondesesprits.com\/index.php\/nos-partenaires\/\" class=\"more-link\">Continuer la lecture<span class=\"screen-reader-text\"> de &laquo;&nbsp;Nos Partenaires&nbsp;&raquo;<\/span><\/a><\/p>\n","protected":false},"author":1,"featured_media":0,"parent":0,"menu_order":0,"comment_status":"closed","ping_status":"closed","template":"","meta":{"footnotes":""},"class_list":["post-106","page","type-page","status-publish","hentry"],"yoast_head":"<!-- This site is optimized with the Yoast SEO plugin v23.4 - https:\/\/yoast.com\/wordpress\/plugins\/seo\/ -->\n<title>Nos Partenaires - La maison des Esprits<\/title>\n<meta name=\"robots\" content=\"index, follow, max-snippet:-1, max-image-preview:large, max-video-preview:-1\" \/>\n<link rel=\"canonical\" href=\"https:\/\/www.lamaisondesesprits.com\/index.php\/nos-partenaires\/\" \/>\n<meta property=\"og:locale\" content=\"fr_FR\" \/>\n<meta property=\"og:type\" content=\"article\" \/>\n<meta property=\"og:title\" content=\"Nos Partenaires - La maison des Esprits\" \/>\n<meta property=\"og:description\" content=\"La Maison des Esprits a \u00e0 c\u0153ur de vous proposer les meilleures prestataires pour r\u00e9pondre \u00e0 vos besoins! Vous trouverez ici nos incroyables partenaires, des gens passionn\u00e9s, comp\u00e9tents, inspir\u00e9s et inspirants! Nous vous laissons arpenter nos pages et d\u00e9couvrir le meilleur Luthier du pays, le Naturopathe qui prend soin de vous avec ses merveilleuses tisanes, &hellip; Continuer la lecture de &laquo;&nbsp;Nos Partenaires&nbsp;&raquo;\" \/>\n<meta property=\"og:url\" content=\"https:\/\/www.lamaisondesesprits.com\/index.php\/nos-partenaires\/\" \/>\n<meta property=\"og:site_name\" content=\"La maison des Esprits\" \/>\n<meta property=\"article:publisher\" content=\"https:\/\/www.facebook.com\/profile.php?id=61556472309041\" \/>\n<meta property=\"article:modified_time\" content=\"2025-07-27T11:10:33+00:00\" \/>\n<meta name=\"twitter:card\" content=\"summary_large_image\" \/>\n<meta name=\"twitter:label1\" content=\"Dur\u00e9e de lecture estim\u00e9e\" \/>\n\t<meta name=\"twitter:data1\" content=\"1 minute\" \/>\n<script type=\"application\/ld+json\" class=\"yoast-schema-graph\">{\"@context\":\"https:\/\/schema.org\",\"@graph\":[{\"@type\":\"WebPage\",\"@id\":\"https:\/\/www.lamaisondesesprits.com\/index.php\/nos-partenaires\/\",\"url\":\"https:\/\/www.lamaisondesesprits.com\/index.php\/nos-partenaires\/\",\"name\":\"Nos Partenaires - La maison des Esprits\",\"isPartOf\":{\"@id\":\"https:\/\/www.lamaisondesesprits.com\/#website\"},\"datePublished\":\"2024-05-12T20:03:00+00:00\",\"dateModified\":\"2025-07-27T11:10:33+00:00\",\"breadcrumb\":{\"@id\":\"https:\/\/www.lamaisondesesprits.com\/index.php\/nos-partenaires\/#breadcrumb\"},\"inLanguage\":\"fr-FR\",\"potentialAction\":[{\"@type\":\"ReadAction\",\"target\":[\"https:\/\/www.lamaisondesesprits.com\/index.php\/nos-partenaires\/\"]}]},{\"@type\":\"BreadcrumbList\",\"@id\":\"https:\/\/www.lamaisondesesprits.com\/index.php\/nos-partenaires\/#breadcrumb\",\"itemListElement\":[{\"@type\":\"ListItem\",\"position\":1,\"name\":\"Accueil\",\"item\":\"https:\/\/www.lamaisondesesprits.com\/\"},{\"@type\":\"ListItem\",\"position\":2,\"name\":\"Nos Partenaires\"}]},{\"@type\":\"WebSite\",\"@id\":\"https:\/\/www.lamaisondesesprits.com\/#website\",\"url\":\"https:\/\/www.lamaisondesesprits.com\/\",\"name\":\"La maison des Esprits\",\"description\":\"&quot; Vous \u00eates au bon endroit &quot;\",\"potentialAction\":[{\"@type\":\"SearchAction\",\"target\":{\"@type\":\"EntryPoint\",\"urlTemplate\":\"https:\/\/www.lamaisondesesprits.com\/?s={search_term_string}\"},\"query-input\":{\"@type\":\"PropertyValueSpecification\",\"valueRequired\":true,\"valueName\":\"search_term_string\"}}],\"inLanguage\":\"fr-FR\"}]}<\/script>\n<!-- \/ Yoast SEO plugin. -->","yoast_head_json":{"title":"Nos Partenaires - La maison des Esprits","robots":{"index":"index","follow":"follow","max-snippet":"max-snippet:-1","max-image-preview":"max-image-preview:large","max-video-preview":"max-video-preview:-1"},"canonical":"https:\/\/www.lamaisondesesprits.com\/index.php\/nos-partenaires\/","og_locale":"fr_FR","og_type":"article","og_title":"Nos Partenaires - La maison des Esprits","og_description":"La Maison des Esprits a \u00e0 c\u0153ur de vous proposer les meilleures prestataires pour r\u00e9pondre \u00e0 vos besoins! Vous trouverez ici nos incroyables partenaires, des gens passionn\u00e9s, comp\u00e9tents, inspir\u00e9s et inspirants! Nous vous laissons arpenter nos pages et d\u00e9couvrir le meilleur Luthier du pays, le Naturopathe qui prend soin de vous avec ses merveilleuses tisanes, &hellip; Continuer la lecture de &laquo;&nbsp;Nos Partenaires&nbsp;&raquo;","og_url":"https:\/\/www.lamaisondesesprits.com\/index.php\/nos-partenaires\/","og_site_name":"La maison des Esprits","article_publisher":"https:\/\/www.facebook.com\/profile.php?id=61556472309041","article_modified_time":"2025-07-27T11:10:33+00:00","twitter_card":"summary_large_image","twitter_misc":{"Dur\u00e9e de lecture estim\u00e9e":"1 minute"},"schema":{"@context":"https:\/\/schema.org","@graph":[{"@type":"WebPage","@id":"https:\/\/www.lamaisondesesprits.com\/index.php\/nos-partenaires\/","url":"https:\/\/www.lamaisondesesprits.com\/index.php\/nos-partenaires\/","name":"Nos Partenaires - La maison des Esprits","isPartOf":{"@id":"https:\/\/www.lamaisondesesprits.com\/#website"},"datePublished":"2024-05-12T20:03:00+00:00","dateModified":"2025-07-27T11:10:33+00:00","breadcrumb":{"@id":"https:\/\/www.lamaisondesesprits.com\/index.php\/nos-partenaires\/#breadcrumb"},"inLanguage":"fr-FR","potentialAction":[{"@type":"ReadAction","target":["https:\/\/www.lamaisondesesprits.com\/index.php\/nos-partenaires\/"]}]},{"@type":"BreadcrumbList","@id":"https:\/\/www.lamaisondesesprits.com\/index.php\/nos-partenaires\/#breadcrumb","itemListElement":[{"@type":"ListItem","position":1,"name":"Accueil","item":"https:\/\/www.lamaisondesesprits.com\/"},{"@type":"ListItem","position":2,"name":"Nos Partenaires"}]},{"@type":"WebSite","@id":"https:\/\/www.lamaisondesesprits.com\/#website","url":"https:\/\/www.lamaisondesesprits.com\/","name":"La maison des Esprits","description":"&quot; Vous \u00eates au bon endroit &quot;","potentialAction":[{"@type":"SearchAction","target":{"@type":"EntryPoint","urlTemplate":"https:\/\/www.lamaisondesesprits.com\/?s={search_term_string}"},"query-input":{"@type":"PropertyValueSpecification","valueRequired":true,"valueName":"search_term_string"}}],"inLanguage":"fr-FR"}]}},"_links":{"self":[{"href":"https:\/\/www.lamaisondesesprits.com\/index.php\/wp-json\/wp\/v2\/pages\/106","targetHints":{"allow":["GET"]}}],"collection":[{"href":"https:\/\/www.lamaisondesesprits.com\/index.php\/wp-json\/wp\/v2\/pages"}],"about":[{"href":"https:\/\/www.lamaisondesesprits.com\/index.php\/wp-json\/wp\/v2\/types\/page"}],"author":[{"embeddable":true,"href":"https:\/\/www.lamaisondesesprits.com\/index.php\/wp-json\/wp\/v2\/users\/1"}],"replies":[{"embeddable":true,"href":"https:\/\/www.lamaisondesesprits.com\/index.php\/wp-json\/wp\/v2\/comments?post=106"}],"version-history":[{"count":15,"href":"https:\/\/www.lamaisondesesprits.com\/index.php\/wp-json\/wp\/v2\/pages\/106\/revisions"}],"predecessor-version":[{"id":1560,"href":"https:\/\/www.lamaisondesesprits.com\/index.php\/wp-json\/wp\/v2\/pages\/106\/revisions\/1560"}],"wp:attachment":[{"href":"https:\/\/www.lamaisondesesprits.com\/index.php\/wp-json\/wp\/v2\/media?parent=106"}],"curies":[{"name":"wp","href":"https:\/\/api.w.org\/{rel}","templated":true}]}}